{"id":7517,"date":"2018-07-16T12:06:45","date_gmt":"2018-07-16T16:06:45","guid":{"rendered":"http:\/\/www.oacas.org\/journeepassezaumauve\/"},"modified":"2020-09-23T22:01:40","modified_gmt":"2020-09-24T02:01:40","slug":"journeepassezaumauve-ressources-pour-la-classe","status":"publish","type":"page","link":"https:\/\/www.oacas.org\/fr\/publications-et-campagnes\/journee-passez-au-mauve-de-lontario\/journeepassezaumauve-ressources-pour-la-classe\/","title":{"rendered":"Journ\u00e9e Passez au mauve de l\u2019Ontario"},"content":{"rendered":"<div id=\"pl-7517\"  class=\"panel-layout\" ><div id=\"pg-7517-0\"  class=\"panel-grid panel-has-style\" ><div class=\"panel-row-style panel-row-style-for-7517-0\" ><div id=\"pgc-7517-0-0\"  class=\"panel-grid-cell panel-grid-cell-empty\" ><\/div><\/div><\/div><div id=\"pg-7517-1\"  class=\"panel-grid panel-has-style\" ><div class=\"panel-row-style panel-row-style-for-7517-1\" ><div id=\"pgc-7517-1-0\"  class=\"panel-grid-cell\" ><div id=\"panel-7517-1-0-0\" class=\"so-panel widget widget_sow-image panel-first-child panel-last-child\" data-index=\"0\" ><div class=\"panel-widget-style panel-widget-style-for-7517-1-0-0\" ><div\n\t\t\t\n\t\t\tclass=\"so-widget-sow-image so-widget-sow-image-default-3a2476c0e107-7517\"\n\t\t\t\n\t\t>\n<div class=\"sow-image-container\">\n\t\t<img loading=\"lazy\" \n\tsrc=\"https:\/\/www.oacas.org\/wp-content\/uploads\/2019\/04\/dp-logos-fr-2019.png\" width=\"175\" height=\"114\" sizes=\"(max-width: 175px) 100vw, 175px\" alt=\"\" \t\tclass=\"so-widget-image\"\/>\n\t<\/div>\n\n<\/div><\/div><\/div><\/div><\/div><\/div><div id=\"pg-7517-2\"  class=\"panel-grid panel-no-style\" ><div id=\"pgc-7517-2-0\"  class=\"panel-grid-cell\" ><div id=\"panel-7517-2-0-0\" class=\"so-panel widget widget_sow-editor panel-first-child\" data-index=\"1\" ><div\n\t\t\t\n\t\t\tclass=\"so-widget-sow-editor so-widget-sow-editor-base\"\n\t\t\t\n\t\t>\n<div class=\"siteorigin-widget-tinymce textwidget\">\n\t<p>La Journ\u00e9e Passez au mauve de l\u2019Ontario offre une occasion remarquable de sensibiliser les \u00e9l\u00e8ves de niveau primaire, interm\u00e9diaire et secondaire au sujet de leur droit \u00e0 la s\u00e9curit\u00e9 et au bien-\u00eatre. Pour appuyer cet objectif important, et en r\u00e9ponse aux recommandations des enqu\u00eates, nous avons \u00e9labor\u00e9 des ressources de pr\u00e9vention pour la classe provinciales afin d\u2019aider les enseignants et les professionnels de l\u2019\u00e9ducation \u00e0 entreprendre avec leurs \u00e9l\u00e8ves des conversations concernant la s\u00e9curit\u00e9 et le bien-\u00eatre dans tous les aspects de leur vie, ainsi qu\u2019\u00e0 les aider \u00e0 rep\u00e9rer leurs r\u00e9seaux de soutien.<\/p>\n<p>Les ressources pour la classe sont fond\u00e9es sur les preuves et le mat\u00e9riel de pr\u00e9vention primaire, habilitant les \u00e9l\u00e8ves \u00e0 penser et agir de fa\u00e7ons positives, appropri\u00e9es \u00e0 leur \u00e2ge, ainsi qu\u2019\u00e0 leur stade d\u2019apprentissage et de d\u00e9veloppement. Le mat\u00e9riel vise \u00e0 aider tous les enfants et les jeunes, peu importe la situation dans laquelle ils se trouvent, \u00e0 acqu\u00e9rir les comp\u00e9tences et les aptitudes qui diminuent leur vuln\u00e9rabilit\u00e9 aux s\u00e9vices. Vous pouvez en apprendre davantage sur les recherches \u00e9clairant les ressources pour la classe de la Journ\u00e9e Passez au mauve de l\u2019Ontario en lisant les articles suivants sur les aspects <a href=\"http:\/\/www.oacas.org\/wp-content\/uploads\/2019\/08\/Getting-Help-Literature-Review-fr.pdf\">Obtenir de l\u2019aide<\/a>, <a href=\"http:\/\/www.oacas.org\/wp-content\/uploads\/2019\/08\/Self-Esteem-Literature-Review-fr.pdf\">Estime de soi<\/a> et <a href=\"http:\/\/www.oacas.org\/wp-content\/uploads\/2019\/08\/Touch-Literature-Review-fr.pdf\">Toucher physique<\/a>. Apprenez-en davantage sur la fa\u00e7on dont la n\u00e9gligence des besoins fondamentaux peut avoir une incidence sur les enfants et les jeunes <a href=\"http:\/\/www.oacas.org\/fr\/2017\/11\/nico-trocme-de-luniversite-mcgill-discute-des-raisons-pour-lesquelles-le-reperage-et-le-traitement-de-la-negligence-a-legard-des-enfants-peuvent-etre-difficiles\/\">ici.<\/a> D\u00e9couvrez comment les soci\u00e9t\u00e9s d\u2019aide \u00e0 l\u2019enfance appuient les enfants et les familles o\u00f9 la n\u00e9gligence est une pr\u00e9occupation <a href=\"https:\/\/www.youtube.com\/watch?v=agetW2ersJs\">ici<\/a>.<\/p>\n<\/div>\n<\/div><\/div><div id=\"panel-7517-2-0-1\" class=\"so-panel widget widget_sow-editor panel-last-child\" data-index=\"2\" ><div\n\t\t\t\n\t\t\tclass=\"so-widget-sow-editor so-widget-sow-editor-base\"\n\t\t\t\n\t\t>\n<div class=\"siteorigin-widget-tinymce textwidget\">\n\t<a class=\"flat-custom-button align-btn-left\" href=\"http:\/\/www.oacas.org\/fr\/journeepassezaumauve\/\" title=\"Flat Button\"><span style=\"padding:15px; background-color:purple; border:0px solid purple; color:#FFFFFF; font-size:16px;\">Retour \u00e0 la page Passez au mauve<\/span><\/a>\n<\/div>\n<\/div><\/div><\/div><div id=\"pgc-7517-2-1\"  class=\"panel-grid-cell\" ><div id=\"panel-7517-2-1-0\" class=\"so-panel widget widget_sow-editor panel-first-child\" data-index=\"3\" ><div\n\t\t\t\n\t\t\tclass=\"so-widget-sow-editor so-widget-sow-editor-base\"\n\t\t\t\n\t\t>\n<div class=\"siteorigin-widget-tinymce textwidget\">\n\t<a class=\"flat-custom-button align-btn-left\" href=\"http:\/\/www.oacas.org\/fr\/5-facons-dont-votre-ecole-peut-mieux-appuyer-les-enfants-et-les-jeunes-pris-en-charge\/\" title=\"Flat Button\"><span style=\"padding:15px; background-color:purple; border:0px solid purple; color:#FFFFFF; font-size:16px;\">5 fa\u00e7ons dont votre \u00e9cole peut mieux appuyer les enfants et les jeunes pris en charge<\/span><\/a>\n<\/div>\n<\/div><\/div><div id=\"panel-7517-2-1-1\" class=\"so-panel widget widget_sow-editor\" data-index=\"4\" ><div class=\"panel-widget-style panel-widget-style-for-7517-2-1-1\" ><div\n\t\t\t\n\t\t\tclass=\"so-widget-sow-editor so-widget-sow-editor-base\"\n\t\t\t\n\t\t>\n<div class=\"siteorigin-widget-tinymce textwidget\">\n\t<h2 class=\"pagetitle\">Demander de l\u2019aide : Histoire de Tom<\/h2>\n<\/div>\n<\/div><\/div><\/div><div id=\"panel-7517-2-1-2\" class=\"so-panel widget widget_sow-editor\" data-index=\"5\" ><div\n\t\t\t\n\t\t\tclass=\"so-widget-sow-editor so-widget-sow-editor-base\"\n\t\t\t\n\t\t>\n<div class=\"siteorigin-widget-tinymce textwidget\">\n\t<p>Personne ne voulait d\u00e9clencher l\u2019alarme, malgr\u00e9 les signes tr\u00e8s \u00e9vidents que Tom avait besoin d\u2019aide. Et puis un jour, un ami et une conseill\u00e8re en orientation ont finalement fait la bonne chose.<\/p>\n<\/div>\n<\/div><\/div><div id=\"panel-7517-2-1-3\" class=\"so-panel widget widget_sow-editor panel-last-child\" data-index=\"6\" ><div\n\t\t\t\n\t\t\tclass=\"so-widget-sow-editor so-widget-sow-editor-base\"\n\t\t\t\n\t\t>\n<div class=\"siteorigin-widget-tinymce textwidget\">\n\t<a class=\"flat-custom-button align-btn-left\" href=\"http:\/\/www.oacas.org\/fr\/demander-de-laide\/\" title=\"Flat Button\"><span style=\"padding:15px; background-color:purple; border:0px solid purple; color:#FFFFFF; font-size:16px;\">Lire l'histoire de Tom<\/span><\/a>\n<\/div>\n<\/div><\/div><\/div><\/div><div id=\"pg-7517-3\"  class=\"panel-grid panel-no-style\" ><div id=\"pgc-7517-3-0\"  class=\"panel-grid-cell\" ><div id=\"panel-7517-3-0-0\" class=\"so-panel widget widget_sow-editor panel-first-child panel-last-child\" data-index=\"7\" ><div class=\"panel-widget-style panel-widget-style-for-7517-3-0-0\" ><div\n\t\t\t\n\t\t\tclass=\"so-widget-sow-editor so-widget-sow-editor-base\"\n\t\t\t\n\t\t>\n<div class=\"siteorigin-widget-tinymce textwidget\">\n\t<h2>Ressources de pr\u00e9vention pour la classe Passez au mauve de l\u2019Ontario<\/h2>\n<\/div>\n<\/div><\/div><\/div><\/div><\/div><div id=\"pg-7517-4\"  class=\"panel-grid panel-has-style\" ><div class=\"panel-row-style panel-row-style-for-7517-4\" ><div id=\"pgc-7517-4-0\"  class=\"panel-grid-cell\" ><div id=\"panel-7517-4-0-0\" class=\"so-panel widget widget_sow-editor panel-first-child\" data-index=\"8\" ><div\n\t\t\t\n\t\t\tclass=\"so-widget-sow-editor so-widget-sow-editor-base\"\n\t\t\t\n\t\t>\n<div class=\"siteorigin-widget-tinymce textwidget\">\n\t<h1>\u00c9coles primaires<\/h1>\n<p>&nbsp;<\/p>\n<p><img fetchpriority=\"high\" fetchpriority=\"high\" decoding=\"async\" class=\"alignnone size-full wp-image-4770\" src=\"http:\/\/www.oacas.org\/wp-content\/uploads\/2018\/07\/dress-purple-photo2.jpg\" alt=\"\" width=\"600\" height=\"400\" srcset=\"https:\/\/www.oacas.org\/wp-content\/uploads\/2018\/07\/dress-purple-photo2.jpg 600w, https:\/\/www.oacas.org\/wp-content\/uploads\/2018\/07\/dress-purple-photo2-300x200.jpg 300w, https:\/\/www.oacas.org\/wp-content\/uploads\/2018\/07\/dress-purple-photo2-272x182.jpg 272w\" sizes=\"(max-width: 600px) 100vw, 600px\" \/><\/p>\n<\/div>\n<\/div><\/div><div id=\"panel-7517-4-0-1\" class=\"so-panel widget widget_sow-editor panel-last-child\" data-index=\"9\" ><div\n\t\t\t\n\t\t\tclass=\"so-widget-sow-editor so-widget-sow-editor-base\"\n\t\t\t\n\t\t>\n<div class=\"siteorigin-widget-tinymce textwidget\">\n\t<a class=\"flat-custom-button align-btn-left\" href=\"http:\/\/www.oacas.org\/fr\/dress-purple-day-classroom-resources-for-elementary-schools\/\" title=\"Flat Button\"><span style=\"padding:15px; background-color:purple; border:0px solid purple; color:#FFFFFF; font-size:16px;\">En Savoir Plus<\/span><\/a>\n<\/div>\n<\/div><\/div><\/div><div id=\"pgc-7517-4-1\"  class=\"panel-grid-cell\" ><div id=\"panel-7517-4-1-0\" class=\"so-panel widget widget_sow-editor panel-first-child\" data-index=\"10\" ><div\n\t\t\t\n\t\t\tclass=\"so-widget-sow-editor so-widget-sow-editor-base\"\n\t\t\t\n\t\t>\n<div class=\"siteorigin-widget-tinymce textwidget\">\n\t<h1>\u00c9coles de niveau interm\u00e9diaire et secondaire<\/h1>\n<p><img decoding=\"async\" class=\"alignnone size-full wp-image-4771\" src=\"http:\/\/www.oacas.org\/wp-content\/uploads\/2018\/07\/dress-purple-photo1.jpg\" alt=\"\" width=\"600\" height=\"400\" srcset=\"https:\/\/www.oacas.org\/wp-content\/uploads\/2018\/07\/dress-purple-photo1.jpg 600w, https:\/\/www.oacas.org\/wp-content\/uploads\/2018\/07\/dress-purple-photo1-300x200.jpg 300w, https:\/\/www.oacas.org\/wp-content\/uploads\/2018\/07\/dress-purple-photo1-272x182.jpg 272w\" sizes=\"(max-width: 600px) 100vw, 600px\" \/><\/p>\n<\/div>\n<\/div><\/div><div id=\"panel-7517-4-1-1\" class=\"so-panel widget widget_sow-editor panel-last-child\" data-index=\"11\" ><div\n\t\t\t\n\t\t\tclass=\"so-widget-sow-editor so-widget-sow-editor-base\"\n\t\t\t\n\t\t>\n<div class=\"siteorigin-widget-tinymce textwidget\">\n\t<a class=\"flat-custom-button align-btn-left\" href=\"http:\/\/www.oacas.org\/fr\/dress-purple-day-classroom-resources-for-middle-and-high-schools\/\" title=\"Flat Button\"><span style=\"padding:15px; background-color:purple; border:0px solid purple; color:#FFFFFF; font-size:16px;\">En Savoir Plus<\/span><\/a>\n<\/div>\n<\/div><\/div><\/div><\/div><\/div><div id=\"pg-7517-5\"  class=\"panel-grid panel-has-style\" ><div class=\"panel-row-style panel-row-style-for-7517-5\" ><div id=\"pgc-7517-5-0\"  class=\"panel-grid-cell\" ><div id=\"panel-7517-5-0-0\" class=\"so-panel widget widget_sow-editor panel-first-child panel-last-child\" data-index=\"12\" ><div class=\"panel-widget-style panel-widget-style-for-7517-5-0-0\" ><div\n\t\t\t\n\t\t\tclass=\"so-widget-sow-editor so-widget-sow-editor-base\"\n\t\t\t\n\t\t>\n<div class=\"siteorigin-widget-tinymce textwidget\">\n\t<h2>Vid\u00e9o<\/h2>\n<\/div>\n<\/div><\/div><\/div><\/div><\/div><\/div><div id=\"pg-7517-6\"  class=\"panel-grid panel-has-style\" ><div class=\"panel-row-style panel-row-style-for-7517-6\" ><div id=\"pgc-7517-6-0\"  class=\"panel-grid-cell\" ><div id=\"panel-7517-6-0-0\" class=\"so-panel widget widget_sow-editor panel-first-child panel-last-child\" data-index=\"13\" ><div\n\t\t\t\n\t\t\tclass=\"so-widget-sow-editor so-widget-sow-editor-base\"\n\t\t\t\n\t\t>\n<div class=\"siteorigin-widget-tinymce textwidget\">\n\t<div class=\"video-responsive\" style=\"text-align: center;\"><iframe src=\"https:\/\/www.youtube.com\/embed\/BXlrGhrSciQ?rel=0&amp;showinfo=0\" width=\"560\" height=\"315\" frameborder=\"0\" allowfullscreen=\"allowfullscreen\"><\/iframe><\/div>\n<p style=\"text-align: center;\">Ensemble, nous pouvons b\u00e2tir un Ontario plus fort.<\/p>\n<\/div>\n<\/div><\/div><\/div><\/div><\/div><div id=\"pg-7517-7\"  class=\"panel-grid panel-has-style\" ><div class=\"panel-row-style panel-row-style-for-7517-7\" ><div id=\"pgc-7517-7-0\"  class=\"panel-grid-cell\" ><div id=\"panel-7517-7-0-0\" class=\"so-panel widget widget_sow-editor panel-first-child panel-last-child\" data-index=\"14\" ><div\n\t\t\t\n\t\t\tclass=\"so-widget-sow-editor so-widget-sow-editor-base\"\n\t\t\t\n\t\t>\n<div class=\"siteorigin-widget-tinymce textwidget\">\n\t<p><a href=\"http:\/\/www.oacas.org\/wp-content\/uploads\/2018\/07\/dress-purple-footer-logos-FR.png\" rel=\"wp-prettyPhoto[7517]\"><img decoding=\"async\" class=\"alignnone size-full wp-image-4764\" src=\"http:\/\/www.oacas.org\/wp-content\/uploads\/2018\/07\/dress-purple-footer-logos-FR.png\" alt=\"\" width=\"293\" height=\"42\" \/><\/a>\u00a0<span style=\"font-size: 12px;\">\u00a9 Boost Child &amp; Youth Advocacy Centre. Utilisation sous licence. Tous droits r\u00e9serv\u00e9s.<\/span><\/p>\n<\/div>\n<\/div><\/div><\/div><\/div><\/div><\/div>","protected":false},"excerpt":{"rendered":"","protected":false},"author":21,"featured_media":0,"parent":10925,"menu_order":0,"comment_status":"closed","ping_status":"closed","template":"page-FullWidth.php","meta":{"footnotes":"","_links_to":"","_links_to_target":""},"class_list":["post-7517","page","type-page","status-publish","hentry"],"_links":{"self":[{"href":"https:\/\/www.oacas.org\/fr\/wp-json\/wp\/v2\/pages\/7517","targetHints":{"allow":["GET"]}}],"collection":[{"href":"https:\/\/www.oacas.org\/fr\/wp-json\/wp\/v2\/pages"}],"about":[{"href":"https:\/\/www.oacas.org\/fr\/wp-json\/wp\/v2\/types\/page"}],"author":[{"embeddable":true,"href":"https:\/\/www.oacas.org\/fr\/wp-json\/wp\/v2\/users\/21"}],"replies":[{"embeddable":true,"href":"https:\/\/www.oacas.org\/fr\/wp-json\/wp\/v2\/comments?post=7517"}],"version-history":[{"count":0,"href":"https:\/\/www.oacas.org\/fr\/wp-json\/wp\/v2\/pages\/7517\/revisions"}],"up":[{"embeddable":true,"href":"https:\/\/www.oacas.org\/fr\/wp-json\/wp\/v2\/pages\/10925"}],"wp:attachment":[{"href":"https:\/\/www.oacas.org\/fr\/wp-json\/wp\/v2\/media?parent=7517"}],"curies":[{"name":"wp","href":"https:\/\/api.w.org\/{rel}","templated":true}]}}