{"id":7252,"date":"2020-05-22T07:50:47","date_gmt":"2020-05-22T11:50:47","guid":{"rendered":"http:\/\/www.oacas.org\/face-coverings\/"},"modified":"2022-01-21T15:26:27","modified_gmt":"2022-01-21T20:26:27","slug":"face-coverings","status":"publish","type":"page","link":"https:\/\/www.oacas.org\/fr\/programmes-et-ressources\/communications-et-engagement-du-public\/face-coverings\/","title":{"rendered":"Couvre-visage, masques et vous"},"content":{"rendered":"<div id=\"pl-gb7252-69e387ae12b90\"  class=\"panel-layout\" ><div id=\"pg-gb7252-69e387ae12b90-0\"  class=\"panel-grid panel-has-style\" ><div class=\"siteorigin-panels-stretch panel-row-style panel-row-style-for-gb7252-69e387ae12b90-0\" data-stretch-type=\"full\" ><div id=\"pgc-gb7252-69e387ae12b90-0-0\"  class=\"panel-grid-cell\" ><div id=\"panel-gb7252-69e387ae12b90-0-0-0\" class=\"so-panel widget widget_sow-editor panel-first-child\" data-index=\"0\" ><div\n\t\t\t\n\t\t\tclass=\"so-widget-sow-editor so-widget-sow-editor-base\"\n\t\t\t\n\t\t>\n<div class=\"siteorigin-widget-tinymce textwidget\">\n\t<h2 style=\"text-align: center;\">Ce que nous savons \u00e0 ce jour\u2026 janvier 2022<\/h2>\n<\/div>\n<\/div><\/div><div id=\"panel-gb7252-69e387ae12b90-0-0-1\" class=\"so-panel widget widget_sow-image panel-last-child\" data-index=\"1\" ><div\n\t\t\t\n\t\t\tclass=\"so-widget-sow-image so-widget-sow-image-default-dbf295114b96-7252\"\n\t\t\t\n\t\t>\n<div class=\"sow-image-container\">\n\t\t<img \n\tsrc=\"https:\/\/www.oacas.org\/wp-content\/uploads\/2020\/08\/masks-v2.svg\" alt=\"\" \t\tclass=\"so-widget-image\"\/>\n\t<\/div>\n\n<\/div><\/div><\/div><\/div><\/div><div id=\"pg-gb7252-69e387ae12b90-1\"  class=\"panel-grid panel-has-style\" ><div class=\"siteorigin-panels-stretch panel-row-style panel-row-style-for-gb7252-69e387ae12b90-1\" data-stretch-type=\"full\" ><div id=\"pgc-gb7252-69e387ae12b90-1-0\"  class=\"panel-grid-cell\" ><div id=\"panel-gb7252-69e387ae12b90-1-0-0\" class=\"so-panel widget widget_sow-editor panel-first-child\" data-index=\"2\" ><div\n\t\t\t\n\t\t\tclass=\"so-widget-sow-editor so-widget-sow-editor-base\"\n\t\t\t\n\t\t>\n<div class=\"siteorigin-widget-tinymce textwidget\">\n\t<h2><strong>Qu\u2019est-ce qu\u2019un couvre-visage?<\/strong><\/h2>\n<p>Les couvre-visages sont con\u00e7us pour porter afin de couvrir votre bouche et votre nez pour aider \u00e0 pr\u00e9venir la propagation de la COVID-19 (et tout autre virus). Pour lutter contre le variant Omicron, les scientifiques s\u2019entendent que d\u00e9sormais les meilleurs couvre-visages sont les masques N95 et KN95, ou les masques chirurgicaux \u00e0 trois couches qui sont fabriqu\u00e9s d&rsquo;un tissu tiss\u00e9 serr\u00e9 comme le coton ou le lin. Les \u00e9crans faciaux, les bandanas, les masques en tissu et les cache-cous \/ cagoules ne sont pas aussi efficaces. Donc, si vous le pouvez, il est recommand\u00e9 d\u2019utiliser un masque N95 ou KN05 ou un masque chirurgical.<\/p>\n<p><span style=\"font-size: 300% !important; display: block; margin-top: 20px;\">\u2939<\/span><\/p>\n<\/div>\n<\/div><\/div><div id=\"panel-gb7252-69e387ae12b90-1-0-1\" class=\"so-panel widget widget_sow-image panel-last-child\" data-index=\"3\" ><div class=\"panel-widget-style panel-widget-style-for-gb7252-69e387ae12b90-1-0-1\" ><div\n\t\t\t\n\t\t\tclass=\"so-widget-sow-image so-widget-sow-image-default-a258e6bfa2d8-7252\"\n\t\t\t\n\t\t>\n<div class=\"sow-image-container\">\n\t\t<img \n\tsrc=\"https:\/\/www.oacas.org\/wp-content\/uploads\/2020\/05\/doctor.svg\" alt=\"\" \t\tclass=\"so-widget-image\"\/>\n\t<\/div>\n\n<\/div><\/div><\/div><\/div><div id=\"pgc-gb7252-69e387ae12b90-1-1\"  class=\"panel-grid-cell\" ><div id=\"panel-gb7252-69e387ae12b90-1-1-0\" class=\"so-panel widget widget_sow-image panel-first-child\" data-index=\"4\" ><div\n\t\t\t\n\t\t\tclass=\"so-widget-sow-image so-widget-sow-image-default-dbf295114b96-7252\"\n\t\t\t\n\t\t>\n<div class=\"sow-image-container\">\n\t\t<img \n\tsrc=\"https:\/\/www.oacas.org\/wp-content\/uploads\/2020\/08\/faces-v2.svg\" alt=\"\" \t\tclass=\"so-widget-image\"\/>\n\t<\/div>\n\n<\/div><\/div><div id=\"panel-gb7252-69e387ae12b90-1-1-1\" class=\"so-panel widget widget_sow-editor\" data-index=\"5\" ><div class=\"panel-widget-style panel-widget-style-for-gb7252-69e387ae12b90-1-1-1\" ><div\n\t\t\t\n\t\t\tclass=\"so-widget-sow-editor so-widget-sow-editor-base\"\n\t\t\t\n\t\t>\n<div class=\"siteorigin-widget-tinymce textwidget\">\n\t<h2><strong>Pourquoi devrais-je en porter un?<\/strong><\/h2>\n<p>Pour vous prot\u00e9ger ainsi que les personnes qui vous entourent! Vous devez porter un masque dans les \u00e9coles, dans les magasins, dans les transports en commun et dans la plupart des autres endroits o\u00f9 vous ne pouvez pas vous distancer physiquement. M\u00eame si vous \u00eates vaccin\u00e9, le port du masque demeure important pour aider \u00e0 r\u00e9duire la propagation de la COVID-19.<\/p>\n<p>Si vous vivez dans un \u00e9tablissement de soins de groupe, vous risquez davantage d&rsquo;attraper la COVID-19; il peut donc \u00eatre recommand\u00e9 que vous et le personnel portiez un masque \u00e0 l\u2019int\u00e9rieur pour aider \u00e0 assurer votre s\u00e9curit\u00e9.<\/p>\n<p>&nbsp;<\/p>\n<\/div>\n<\/div><\/div><\/div><div id=\"panel-gb7252-69e387ae12b90-1-1-2\" class=\"so-panel widget widget_sow-image panel-last-child\" data-index=\"6\" ><div class=\"panel-widget-style panel-widget-style-for-gb7252-69e387ae12b90-1-1-2\" ><div\n\t\t\t\n\t\t\tclass=\"so-widget-sow-image so-widget-sow-image-default-dbf295114b96-7252\"\n\t\t\t\n\t\t>\n<div class=\"sow-image-container\">\n\t\t<img \n\tsrc=\"https:\/\/www.oacas.org\/wp-content\/uploads\/2020\/08\/masks-students-v2.svg\" alt=\"\" \t\tclass=\"so-widget-image\"\/>\n\t<\/div>\n\n<\/div><\/div><\/div><\/div><\/div><\/div><div id=\"pg-gb7252-69e387ae12b90-2\"  class=\"panel-grid panel-has-style\" ><div class=\"siteorigin-panels-stretch panel-row-style panel-row-style-for-gb7252-69e387ae12b90-2\" data-stretch-type=\"full\" ><div id=\"pgc-gb7252-69e387ae12b90-2-0\"  class=\"panel-grid-cell\" ><div id=\"panel-gb7252-69e387ae12b90-2-0-0\" class=\"so-panel widget widget_sow-editor panel-first-child panel-last-child\" data-index=\"7\" ><div\n\t\t\t\n\t\t\tclass=\"so-widget-sow-editor so-widget-sow-editor-base\"\n\t\t\t\n\t\t>\n<div class=\"siteorigin-widget-tinymce textwidget\">\n\t<h2><strong>Qui <u>ne devrait pas<\/u> en porter un?<\/strong><\/h2>\n<ul>\n<li>les enfants de moins de 2 ans<\/li>\n<li>toute personne ayant de la difficult\u00e9 \u00e0 respirer<\/li>\n<li>toute personne qui ne peut pas retirer le masque d\u2019elle m\u00eame<\/li>\n<\/ul>\n<p>Si vous \u00eates concern\u00e9, parlez \u00e0 un soignant pour savoir ce que vous devez faire. Si cette personne a des doutes, elle demandera l\u2019aide d\u2019un m\u00e9decin ou de la sant\u00e9 publique.<\/p>\n<\/div>\n<\/div><\/div><\/div><div id=\"pgc-gb7252-69e387ae12b90-2-1\"  class=\"panel-grid-cell\" ><div id=\"panel-gb7252-69e387ae12b90-2-1-0\" class=\"so-panel widget widget_sow-image panel-first-child panel-last-child\" data-index=\"8\" ><div\n\t\t\t\n\t\t\tclass=\"so-widget-sow-image so-widget-sow-image-default-dbf295114b96-7252\"\n\t\t\t\n\t\t>\n<div class=\"sow-image-container\">\n\t\t<img \n\tsrc=\"https:\/\/www.oacas.org\/wp-content\/uploads\/2020\/05\/dont-wear.svg\" alt=\"\" \t\tclass=\"so-widget-image\"\/>\n\t<\/div>\n\n<\/div><\/div><\/div><\/div><\/div><div id=\"pg-gb7252-69e387ae12b90-3\"  class=\"panel-grid panel-has-style\" ><div class=\"siteorigin-panels-stretch panel-row-style panel-row-style-for-gb7252-69e387ae12b90-3\" data-stretch-type=\"full\" ><div id=\"pgc-gb7252-69e387ae12b90-3-0\"  class=\"panel-grid-cell\" ><div id=\"panel-gb7252-69e387ae12b90-3-0-0\" class=\"so-panel widget widget_sow-editor panel-first-child panel-last-child\" data-index=\"9\" ><div\n\t\t\t\n\t\t\tclass=\"so-widget-sow-editor so-widget-sow-editor-base\"\n\t\t\t\n\t\t>\n<div class=\"siteorigin-widget-tinymce textwidget\">\n\t<h2><strong>Comment le mettre et le retirer?<\/strong><\/h2>\n<\/div>\n<\/div><\/div><\/div><\/div><\/div><div id=\"pg-gb7252-69e387ae12b90-4\"  class=\"panel-grid panel-has-style\" ><div class=\"siteorigin-panels-stretch panel-row-style panel-row-style-for-gb7252-69e387ae12b90-4\" data-stretch-type=\"full\" ><div id=\"pgc-gb7252-69e387ae12b90-4-0\"  class=\"panel-grid-cell\" ><div id=\"panel-gb7252-69e387ae12b90-4-0-0\" class=\"so-panel widget widget_sow-editor panel-first-child\" data-index=\"10\" ><div\n\t\t\t\n\t\t\tclass=\"so-widget-sow-editor so-widget-sow-editor-base\"\n\t\t\t\n\t\t>\n<div class=\"siteorigin-widget-tinymce textwidget\">\n\t<p>Lavez-vous toujours les mains avant de le mettre et apr\u00e8s l&rsquo;avoir enlev\u00e9. Cela est vraiment important!<\/p>\n<p>Une fois que vous l&rsquo;avez mis, essayez de ne pas y toucher et ne l&rsquo;enlevez pas. C\u2019est plus efficace de cette fa\u00e7on.<\/p>\n<\/div>\n<\/div><\/div><div id=\"panel-gb7252-69e387ae12b90-4-0-1\" class=\"so-panel widget widget_sow-image panel-last-child\" data-index=\"11\" ><div\n\t\t\t\n\t\t\tclass=\"so-widget-sow-image so-widget-sow-image-default-dbf295114b96-7252\"\n\t\t\t\n\t\t>\n<div class=\"sow-image-container\">\n\t\t<img \n\tsrc=\"https:\/\/www.oacas.org\/wp-content\/uploads\/2020\/06\/soap-fr.svg\" alt=\"\" \t\tclass=\"so-widget-image\"\/>\n\t<\/div>\n\n<\/div><\/div><\/div><div id=\"pgc-gb7252-69e387ae12b90-4-1\"  class=\"panel-grid-cell\" ><div id=\"panel-gb7252-69e387ae12b90-4-1-0\" class=\"so-panel widget widget_sow-editor panel-first-child\" data-index=\"12\" ><div\n\t\t\t\n\t\t\tclass=\"so-widget-sow-editor so-widget-sow-editor-base\"\n\t\t\t\n\t\t>\n<div class=\"siteorigin-widget-tinymce textwidget\">\n\t<p>Si vous devez retirer votre masque, par exemple pour manger ou boire, n&rsquo;oubliez pas de vous laver les mains d&rsquo;abord et efforcez-vous de ne pas toucher l&rsquo;avant de votre masque ni vos yeux, votre bouche ou votre nez, et retirez-le par les bandes d\u2019oreilles. Placez le masque sur une surface propre ou dans un r\u00e9cipient avec la partie qui se trouvait sur votre bouche et votre nez vers le haut.<\/p>\n<\/div>\n<\/div><\/div><div id=\"panel-gb7252-69e387ae12b90-4-1-1\" class=\"so-panel widget widget_sow-image panel-last-child\" data-index=\"13\" ><div\n\t\t\t\n\t\t\tclass=\"so-widget-sow-image so-widget-sow-image-default-dbf295114b96-7252\"\n\t\t\t\n\t\t>\n<div class=\"sow-image-container\">\n\t\t<img \n\tsrc=\"https:\/\/www.oacas.org\/wp-content\/uploads\/2020\/08\/covid-hands-mask-v2.svg\" alt=\"\" \t\tclass=\"so-widget-image\"\/>\n\t<\/div>\n\n<\/div><\/div><\/div><div id=\"pgc-gb7252-69e387ae12b90-4-2\"  class=\"panel-grid-cell\" ><div id=\"panel-gb7252-69e387ae12b90-4-2-0\" class=\"so-panel widget widget_sow-editor panel-first-child\" data-index=\"14\" ><div\n\t\t\t\n\t\t\tclass=\"so-widget-sow-editor so-widget-sow-editor-base\"\n\t\t\t\n\t\t>\n<div class=\"siteorigin-widget-tinymce textwidget\">\n\t<p>Comme vous aurez besoin d&rsquo;un masque propre chaque fois que vous sortirez, il se peut que vous en ayez besoin de plus d&rsquo;un.<\/p>\n<\/div>\n<\/div><\/div><div id=\"panel-gb7252-69e387ae12b90-4-2-1\" class=\"so-panel widget widget_sow-image panel-last-child\" data-index=\"15\" ><div\n\t\t\t\n\t\t\tclass=\"so-widget-sow-image so-widget-sow-image-default-dbf295114b96-7252\"\n\t\t\t\n\t\t>\n<div class=\"sow-image-container\">\n\t\t<img \n\tsrc=\"https:\/\/www.oacas.org\/wp-content\/uploads\/2020\/08\/masks-pile-v2.svg\" alt=\"\" \t\tclass=\"so-widget-image\"\/>\n\t<\/div>\n\n<\/div><\/div><\/div><\/div><\/div><div id=\"pg-gb7252-69e387ae12b90-5\"  class=\"panel-grid panel-has-style\" ><div class=\"siteorigin-panels-stretch panel-row-style panel-row-style-for-gb7252-69e387ae12b90-5\" data-stretch-type=\"full\" ><div id=\"pgc-gb7252-69e387ae12b90-5-0\"  class=\"panel-grid-cell\" ><div id=\"panel-gb7252-69e387ae12b90-5-0-0\" class=\"so-panel widget widget_sow-editor panel-first-child\" data-index=\"16\" ><div\n\t\t\t\n\t\t\tclass=\"so-widget-sow-editor so-widget-sow-editor-base\"\n\t\t\t\n\t\t>\n<div class=\"siteorigin-widget-tinymce textwidget\">\n\t<h2><strong>Que dois-je savoir d\u2019autre?<\/strong><\/h2><\/div>\n<\/div><\/div><div id=\"panel-gb7252-69e387ae12b90-5-0-1\" class=\"so-panel widget widget_sow-image panel-last-child\" data-index=\"17\" ><div class=\"panel-widget-style panel-widget-style-for-gb7252-69e387ae12b90-5-0-1\" ><div\n\t\t\t\n\t\t\tclass=\"so-widget-sow-image so-widget-sow-image-default-dbf295114b96-7252\"\n\t\t\t\n\t\t>\n<div class=\"sow-image-container\">\n\t\t<img \n\tsrc=\"https:\/\/www.oacas.org\/wp-content\/uploads\/2020\/08\/covid-washing-machine-v2.svg\" alt=\"\" \t\tclass=\"so-widget-image\"\/>\n\t<\/div>\n\n<\/div><\/div><\/div><\/div><div id=\"pgc-gb7252-69e387ae12b90-5-1\"  class=\"panel-grid-cell\" ><div id=\"panel-gb7252-69e387ae12b90-5-1-0\" class=\"so-panel widget widget_sow-editor panel-first-child panel-last-child\" data-index=\"18\" ><div\n\t\t\t\n\t\t\tclass=\"so-widget-sow-editor so-widget-sow-editor-base\"\n\t\t\t\n\t\t>\n<div class=\"siteorigin-widget-tinymce textwidget\">\n\t<p>Il est important que le masque soit bien ajust\u00e9 pour \u00eatre efficace. Il doit couvrir votre bouche, votre nez et votre menton et doit \u00eatre bien ajust\u00e9, mais pas au point de vous emp\u00eacher de respirer!<\/p>\n<p>Si vous utilisez les masques en tissu, assurez-vous de les laver \u00e0 l&rsquo;eau chaude et de les faire s\u00e9cher avec le reste de votre linge. Ceux-ci doivent \u00eatre nettoy\u00e9s r\u00e9guli\u00e8rement et, id\u00e9alement, apr\u00e8s chaque utilisation. Ne partagez pas votre couvre-visage avec quelqu&rsquo;un d&rsquo;autre. Jetez les masques jetables usag\u00e9s \u00e0 la poubelle.<\/p>\n<\/div>\n<\/div><\/div><\/div><\/div><\/div><div id=\"pg-gb7252-69e387ae12b90-6\"  class=\"panel-grid panel-has-style\" ><div class=\"siteorigin-panels-stretch panel-row-style panel-row-style-for-gb7252-69e387ae12b90-6\" data-stretch-type=\"full\" ><div id=\"pgc-gb7252-69e387ae12b90-6-0\"  class=\"panel-grid-cell\" ><div id=\"panel-gb7252-69e387ae12b90-6-0-0\" class=\"so-panel widget widget_sow-editor panel-first-child\" data-index=\"19\" ><div\n\t\t\t\n\t\t\tclass=\"so-widget-sow-editor so-widget-sow-editor-base\"\n\t\t\t\n\t\t>\n<div class=\"siteorigin-widget-tinymce textwidget\">\n\t<h2 style=\"text-align: center;\"><strong>Le port du masque ne vous donne pas de superpouvoirs!<\/strong><\/h2>\n<h2 style=\"text-align: center; font-size: 85%;\">Il est tr\u00e8s important de se laver les mains fr\u00e9quemment, de ne pas se toucher le visage, de rester \u00e0 la maison lorsque vous \u00eates malade et de vous distancer physiquement autant que possible, et ce, m\u00eame si vous \u00eates vaccin\u00e9.<\/h2>\n<\/div>\n<\/div><\/div><div id=\"panel-gb7252-69e387ae12b90-6-0-1\" class=\"so-panel widget widget_sow-image panel-last-child\" data-index=\"20\" ><div\n\t\t\t\n\t\t\tclass=\"so-widget-sow-image so-widget-sow-image-default-dbf295114b96-7252\"\n\t\t\t\n\t\t>\n<div class=\"sow-image-container\">\n\t\t<img \n\tsrc=\"https:\/\/www.oacas.org\/wp-content\/uploads\/2020\/06\/distance-fr.svg\" alt=\"\" \t\tclass=\"so-widget-image\"\/>\n\t<\/div>\n\n<\/div><\/div><\/div><\/div><\/div><div id=\"pg-gb7252-69e387ae12b90-7\"  class=\"panel-grid panel-has-style\" ><div class=\"siteorigin-panels-stretch panel-row-style panel-row-style-for-gb7252-69e387ae12b90-7\" data-stretch-type=\"full\" ><div id=\"pgc-gb7252-69e387ae12b90-7-0\"  class=\"panel-grid-cell\" ><div id=\"panel-gb7252-69e387ae12b90-7-0-0\" class=\"so-panel widget widget_sow-editor panel-first-child panel-last-child\" data-index=\"21\" ><div\n\t\t\t\n\t\t\tclass=\"so-widget-sow-editor so-widget-sow-editor-base\"\n\t\t\t\n\t\t>\n<div class=\"siteorigin-widget-tinymce textwidget\">\n\t<h2><strong>Pour plus d\u2019info :<\/strong><\/h2>\n<ul>\n<li><a href=\"https:\/\/www.canada.ca\/fr\/sante-publique\/services\/maladies\/2019-nouveau-coronavirus\/prevention-risques\/comment-mettre-enlever-nettoyer-masques-couvre-visage-non-medicaux.html\">Masques non m\u00e9dicaux et couvre\u2011visage : Comment mettre, enlever et nettoyer<\/a>, Gouvernement du Canada<\/li>\n<li><a href=\"https:\/\/www.popularmechanics.com\/science\/health\/a35290705\/which-face-mask-is-best-for-covid-protection\/\">Cloth Masks, Surgical Masks, or Double Masks: Which Are Safest?<\/a>, Popular Mechanics <em>(anglais seulement)<\/em><\/li>\n<li><a href=\"https:\/\/www.youtube.com\/watch?v=sNinywG7BtY\">Child friendly video to explain using masks (and other PPE)<\/a>, <em>AboutKidsHealth<\/em><\/li>\n<li><a href=\"https:\/\/www.ontario.ca\/fr\/page\/couvre-visage-et-masques-faciaux\">Couvre-visage et masques faciaux<\/a>, Minist\u00e8re de la Sant\u00e9<\/li>\n<\/ul>\n<\/div>\n<\/div><\/div><\/div><\/div><\/div><\/div>\n\n\n<div class=\"wp-block-buttons is-layout-flex wp-block-buttons-is-layout-flex\">\n<div class=\"wp-block-button\"><a class=\"wp-block-button__link has-text-color has-background no-border-radius\" href=\"http:\/\/www.oacas.org\/wp-content\/uploads\/2020\/11\/covid-19-face-coverings-jan-2022-fr.pdf\" style=\"background-color:#128850;color:#ffffff\" target=\"_blank\" rel=\"noreferrer noopener\">T\u00e9l\u00e9chargez cette ressource<\/a><\/div>\n<\/div>\n\n\n\n<p><\/p>\n","protected":false},"excerpt":{"rendered":"","protected":false},"author":21,"featured_media":0,"parent":602,"menu_order":0,"comment_status":"closed","ping_status":"closed","template":"page-FullWidth.php","meta":{"footnotes":"","_links_to":"","_links_to_target":""},"class_list":["post-7252","page","type-page","status-publish","hentry"],"_links":{"self":[{"href":"https:\/\/www.oacas.org\/fr\/wp-json\/wp\/v2\/pages\/7252","targetHints":{"allow":["GET"]}}],"collection":[{"href":"https:\/\/www.oacas.org\/fr\/wp-json\/wp\/v2\/pages"}],"about":[{"href":"https:\/\/www.oacas.org\/fr\/wp-json\/wp\/v2\/types\/page"}],"author":[{"embeddable":true,"href":"https:\/\/www.oacas.org\/fr\/wp-json\/wp\/v2\/users\/21"}],"replies":[{"embeddable":true,"href":"https:\/\/www.oacas.org\/fr\/wp-json\/wp\/v2\/comments?post=7252"}],"version-history":[{"count":0,"href":"https:\/\/www.oacas.org\/fr\/wp-json\/wp\/v2\/pages\/7252\/revisions"}],"up":[{"embeddable":true,"href":"https:\/\/www.oacas.org\/fr\/wp-json\/wp\/v2\/pages\/602"}],"wp:attachment":[{"href":"https:\/\/www.oacas.org\/fr\/wp-json\/wp\/v2\/media?parent=7252"}],"curies":[{"name":"wp","href":"https:\/\/api.w.org\/{rel}","templated":true}]}}