{"id":7031,"date":"2020-04-30T20:35:14","date_gmt":"2020-05-01T00:35:14","guid":{"rendered":"http:\/\/www.oacas.org\/?page_id=7031"},"modified":"2020-05-05T16:18:57","modified_gmt":"2020-05-05T20:18:57","slug":"icipouraideron","status":"publish","type":"page","link":"https:\/\/www.oacas.org\/fr\/publications-et-campagnes\/icipouraideron\/","title":{"rendered":"icipouraiderON"},"content":{"rendered":"<div id=\"pl-gb7031-69f0c496a8737\"  class=\"panel-layout\" ><div id=\"pg-gb7031-69f0c496a8737-0\"  class=\"panel-grid panel-has-style\" ><div class=\"siteorigin-panels-stretch panel-row-style panel-row-style-for-gb7031-69f0c496a8737-0\" data-stretch-type=\"full\" ><div id=\"pgc-gb7031-69f0c496a8737-0-0\"  class=\"panel-grid-cell\" ><div id=\"panel-gb7031-69f0c496a8737-0-0-0\" class=\"so-panel widget widget_sow-image panel-first-child panel-last-child\" data-index=\"0\" ><div\n\t\t\t\n\t\t\tclass=\"so-widget-sow-image so-widget-sow-image-default-dbf295114b96-7031\"\n\t\t\t\n\t\t>\n<div class=\"sow-image-container\">\n\t\t<img fetchpriority=\"high\" \n\tsrc=\"https:\/\/www.oacas.org\/wp-content\/uploads\/2020\/05\/heretohelpON-web-banner-FR.png\" width=\"1487\" height=\"960\" srcset=\"https:\/\/www.oacas.org\/wp-content\/uploads\/2020\/05\/heretohelpON-web-banner-FR.png 1487w, https:\/\/www.oacas.org\/wp-content\/uploads\/2020\/05\/heretohelpON-web-banner-FR-768x496.png 768w\" sizes=\"(max-width: 1487px) 100vw, 1487px\" alt=\"\" \t\tclass=\"so-widget-image\"\/>\n\t<\/div>\n\n<\/div><\/div><\/div><\/div><\/div><div id=\"pg-gb7031-69f0c496a8737-1\"  class=\"panel-grid panel-has-style\" ><div class=\"siteorigin-panels-stretch panel-row-style panel-row-style-for-gb7031-69f0c496a8737-1\" data-stretch-type=\"full\" ><div id=\"pgc-gb7031-69f0c496a8737-1-0\"  class=\"panel-grid-cell\" ><div id=\"panel-gb7031-69f0c496a8737-1-0-0\" class=\"so-panel widget widget_sow-image panel-first-child\" data-index=\"1\" ><div class=\"panel-widget-style panel-widget-style-for-gb7031-69f0c496a8737-1-0-0\" ><div\n\t\t\t\n\t\t\tclass=\"so-widget-sow-image so-widget-sow-image-default-8b5b6f678277-7031\"\n\t\t\t\n\t\t>\n<div class=\"sow-image-container\">\n\t\t<img \n\tsrc=\"https:\/\/www.oacas.org\/wp-content\/uploads\/2020\/04\/heretohelpON-web-logos-FR.png\" width=\"447\" height=\"70\" sizes=\"(max-width: 447px) 100vw, 447px\" alt=\"\" \t\tclass=\"so-widget-image\"\/>\n\t<\/div>\n\n<\/div><\/div><\/div><div id=\"panel-gb7031-69f0c496a8737-1-0-1\" class=\"so-panel widget widget_sow-editor\" data-index=\"2\" ><div\n\t\t\t\n\t\t\tclass=\"so-widget-sow-editor so-widget-sow-editor-base\"\n\t\t\t\n\t\t>\n<div class=\"siteorigin-widget-tinymce textwidget\">\n\t<div class=\"videoWrapper\"><iframe src=\"https:\/\/www.youtube.com\/embed\/xGA5nboYpbE?;showinfo=0\" frameborder=\"0\" allowfullscreen=\"allowfullscreen\" data-mce-fragment=\"1\"><\/iframe><\/div>\n<\/div>\n<\/div><\/div><div id=\"panel-gb7031-69f0c496a8737-1-0-2\" class=\"so-panel widget widget_sow-editor panel-last-child\" data-index=\"3\" ><div class=\"panel-widget-style panel-widget-style-for-gb7031-69f0c496a8737-1-0-2\" ><div\n\t\t\t\n\t\t\tclass=\"so-widget-sow-editor so-widget-sow-editor-base\"\n\t\t\t\n\t\t>\n<div class=\"siteorigin-widget-tinymce textwidget\">\n\t<h3 style=\"margin-top: 0;\">#IcipouraiderON est une campagne provinciale de m\u00e9dias sociaux qui sera lanc\u00e9e le 4 mai 2020.<\/h3>\n<p>Cette campagne offre une occasion importante de sensibiliser la population aux soutiens des services sociaux qui sont toujours offerts aux enfants, aux jeunes et aux familles de l&rsquo;Ontario durant la pand\u00e9mie de COVID 19.<\/p>\n<p>Afin de favoriser la participation \u00e0 cette campagne, l\u2019Association ontarienne des soci\u00e9t\u00e9s de l&rsquo;aide \u00e0 l&rsquo;enfance (AOSAE) et l\u2019Association of Native Child and Family Services Agencies of Ontario (ANCFSAO) ont cr\u00e9\u00e9 une trousse qui inclut les messages cl\u00e9s et les autres ressources. Nous fournissons \u00e9galement des images et exemples de contenu pour les m\u00e9dias sociaux qui peuvent \u00eatre personnalis\u00e9es avant d&rsquo;\u00eatre partag\u00e9es sur vos comptes.<\/p>\n<p>Nous invitons les agences du bien-\u00eatre de l\u2019enfance, les organismes communautaires et d\u2019autres fournisseurs de services sociaux de tous les secteurs \u00e0 participer \u00e0 cette campagne et \u00e0 partager un message commun selon lequel de l&rsquo;aide est toujours disponible pour les enfants, les jeunes et les familles. Aidez-nous \u00e0 faire passer le mot et \u00e0 faire savoir aux jeunes et aux familles que nous sommes toujours #IcipouraiderON.<\/p>\n<h3><strong>Trousse de campagne <\/strong><\/h3>\n<p>La trousse de campagne #IcipouraiderON inclut les messages cl\u00e9s, une \u00ab pr\u00e9sentation d\u2019ascenseur \u00bb, une mod\u00e8le de courriel pour engager vos partenaires, les exemples de contenu pour les m\u00e9dias sociaux, et les conseils relatifs aux m\u00e9dias sociaux et id\u00e9es de contenu.<\/p>\n<p>La trousse est disponible pour <a href=\"http:\/\/www.oacas.org\/wp-content\/uploads\/2020\/05\/HeretohelpON-toolkit-final-FR.pdf\" target=\"_blank\" rel=\"noopener\">t\u00e9l\u00e9chargement ici<\/a>.<\/p>\n<h3><strong>Images pour les m\u00e9dias sociaux<\/strong><\/h3>\n<p>Les images pour les m\u00e9dias sociaux sont disponibles pour t\u00e9l\u00e9chargement en tant que fichier compress\u00e9.<\/p>\n<p>Les images sont disponibles pour <a href=\"http:\/\/www.oacas.org\/wp-content\/uploads\/2020\/04\/heretohelpON-social-media-FR.zip\" target=\"_blank\" rel=\"noopener\">t\u00e9l\u00e9chargement ici<\/a>.<\/p>\n<\/div>\n<\/div><\/div><\/div><\/div><div id=\"pgc-gb7031-69f0c496a8737-1-1\"  class=\"panel-grid-cell\" ><div id=\"panel-gb7031-69f0c496a8737-1-1-0\" class=\"so-panel widget widget_sow-editor panel-first-child\" data-index=\"4\" ><div class=\"panel-widget-style panel-widget-style-for-gb7031-69f0c496a8737-1-1-0\" ><div\n\t\t\t\n\t\t\tclass=\"so-widget-sow-editor so-widget-sow-editor-base\"\n\t\t\t\n\t\t>\n<div class=\"siteorigin-widget-tinymce textwidget\">\n\t<p><strong>Avis important<\/strong><\/p>\n<p>Si vous avez des pr\u00e9occupations relatives \u00e0 la s\u00e9curit\u00e9 ou au bien-\u00eatre d&rsquo;un enfant ou d&rsquo;un jeune, ou vous connaissez une famille ayant besoin de soutien, communiquez avec votre Soci\u00e9t\u00e9 d\u2019aide \u00e0 l\u2019enfance ou agence du bien-\u00eatre de l\u2019enfance et de la famille autochtone locale.<\/p>\n<p><a href=\"https:\/\/www.oacas.org\/fr\/sae-et-protection-de-lenfance\/trouver-une-societe-daide-a-lenfance\/\">oacas.org\/trouver<\/a><\/p>\n<\/div>\n<\/div><\/div><\/div><div id=\"panel-gb7031-69f0c496a8737-1-1-1\" class=\"so-panel widget widget_sow-button\" data-index=\"5\" ><div\n\t\t\t\n\t\t\tclass=\"so-widget-sow-button so-widget-sow-button-flat-07935596cf7f-7031\"\n\t\t\t\n\t\t><div class=\"ow-button-base ow-button-align-center\"\n>\n\t\t\t<a\n\t\t\t\t\thref=\"https:\/\/www.oacas.org\/fr\/ressources-covid-19\/\"\n\t\t\t\t\tclass=\"sowb-button ow-icon-placement-left ow-button-hover\" \t>\n\t\t<span>\n\t\t\t\n\t\t\tRessources coronavirus (COVID-19)\t\t<\/span>\n\t\t\t<\/a>\n\t<\/div>\n<\/div><\/div><div id=\"panel-gb7031-69f0c496a8737-1-1-2\" class=\"so-panel widget widget_sow-editor panel-last-child\" data-index=\"6\" ><div\n\t\t\t\n\t\t\tclass=\"so-widget-sow-editor so-widget-sow-editor-base\"\n\t\t\t\n\t\t>\n<div class=\"siteorigin-widget-tinymce textwidget\">\n\t<h3 style=\"margin-top:0;\">Suivre la conversation<\/h3>\n<div style=\"border: 1px solid #e5e5e5; overflow: auto; width: auto; height: auto; display: inline-block;\"><a class=\"twitter-timeline\" href=\"https:\/\/twitter.com\/our_children\" data-widget-id=\"690225793314787329\">@our_children<\/a><br \/>\n<script>!function(d,s,id){var js,fjs=d.getElementsByTagName(s)[0],p=\/^http:\/.test(d.location)?'http':'https';if(!d.getElementById(id)){js=d.createElement(s);js.id=id;js.src=p+\":\/\/platform.twitter.com\/widgets.js\";fjs.parentNode.insertBefore(js,fjs);}}(document,\"script\",\"twitter-wjs\");<\/script><\/div>\n<\/div>\n<\/div><\/div><\/div><\/div><\/div><\/div>","protected":false},"excerpt":{"rendered":"","protected":false},"author":21,"featured_media":0,"parent":586,"menu_order":0,"comment_status":"closed","ping_status":"closed","template":"page-FullWidth.php","meta":{"footnotes":"","_links_to":"","_links_to_target":""},"class_list":["post-7031","page","type-page","status-publish","hentry"],"_links":{"self":[{"href":"https:\/\/www.oacas.org\/fr\/wp-json\/wp\/v2\/pages\/7031","targetHints":{"allow":["GET"]}}],"collection":[{"href":"https:\/\/www.oacas.org\/fr\/wp-json\/wp\/v2\/pages"}],"about":[{"href":"https:\/\/www.oacas.org\/fr\/wp-json\/wp\/v2\/types\/page"}],"author":[{"embeddable":true,"href":"https:\/\/www.oacas.org\/fr\/wp-json\/wp\/v2\/users\/21"}],"replies":[{"embeddable":true,"href":"https:\/\/www.oacas.org\/fr\/wp-json\/wp\/v2\/comments?post=7031"}],"version-history":[{"count":0,"href":"https:\/\/www.oacas.org\/fr\/wp-json\/wp\/v2\/pages\/7031\/revisions"}],"up":[{"embeddable":true,"href":"https:\/\/www.oacas.org\/fr\/wp-json\/wp\/v2\/pages\/586"}],"wp:attachment":[{"href":"https:\/\/www.oacas.org\/fr\/wp-json\/wp\/v2\/media?parent=7031"}],"curies":[{"name":"wp","href":"https:\/\/api.w.org\/{rel}","templated":true}]}}