{"id":6878,"date":"2020-03-20T14:31:13","date_gmt":"2020-03-20T18:31:13","guid":{"rendered":"http:\/\/www.oacas.org\/?page_id=6878"},"modified":"2020-08-25T16:28:15","modified_gmt":"2020-08-25T20:28:15","slug":"ressources-covid-19","status":"publish","type":"page","link":"https:\/\/www.oacas.org\/fr\/programmes-et-ressources\/communications-et-engagement-du-public\/ressources-covid-19\/","title":{"rendered":"Ressources coronavirus (COVID-19)"},"content":{"rendered":"<div id=\"pl-6878\"  class=\"panel-layout\" ><div id=\"pg-6878-0\"  class=\"panel-grid panel-no-style\" ><div id=\"pgc-6878-0-0\"  class=\"panel-grid-cell\" ><div id=\"panel-6878-0-0-0\" class=\"so-panel widget widget_sow-editor panel-first-child panel-last-child\" data-index=\"0\" ><div class=\"panel-widget-style panel-widget-style-for-6878-0-0-0\" ><div\n\t\t\t\n\t\t\tclass=\"so-widget-sow-editor so-widget-sow-editor-base\"\n\t\t\t\n\t\t>\n<div class=\"siteorigin-widget-tinymce textwidget\">\n\t<p><strong>AVIS IMPORTANT : <\/strong><\/p>\n<p><strong>Les soci\u00e9t\u00e9s d'aide \u00e0 l'enfance et les agences de mieux \u00eatre pour enfants et familles autochtones de l'Ontario poursuivent leurs services de protection de l'enfance. Nous ne sommes pas ferm\u00e9s. <\/strong>Bien que les agences de la province aient modifi\u00e9 leurs pratiques d\u2019intervention pour r\u00e9pondre aux pr\u00e9occupations en mati\u00e8re de sant\u00e9 et de s\u00e9curit\u00e9, <strong>leurs principaux services de protection se poursuivent. <\/strong>Si un membre du public ou un professionnel s'inqui\u00e8te de la s\u00e9curit\u00e9 et\/ou du bien-\u00eatre d'un enfant ou d'un jeune de moins de 18 ans, il doit imm\u00e9diatement communiquer avec la soci\u00e9t\u00e9 d'aide \u00e0 l'enfance ou l'agence de mieux \u00eatre pour enfants et familles autochtones de sa r\u00e9gion.<\/p>\n<p><a href=\"http:\/\/www.oacas.org\/fr\/sae-et-protection-de-lenfance\/trouver-une-societe-daide-a-lenfance\/\" target=\"_blank\" rel=\"noopener noreferrer\">Une liste des coordonn\u00e9es de ces agences est disponible ici.<\/a><\/p>\n<\/div>\n<\/div><\/div><\/div><\/div><\/div><div id=\"pg-6878-1\"  class=\"panel-grid panel-no-style\" ><div id=\"pgc-6878-1-0\"  class=\"panel-grid-cell\" ><div id=\"panel-6878-1-0-0\" class=\"so-panel widget widget_sow-editor panel-first-child panel-last-child\" data-index=\"1\" ><div class=\"panel-widget-style panel-widget-style-for-6878-1-0-0\" ><div\n\t\t\t\n\t\t\tclass=\"so-widget-sow-editor so-widget-sow-editor-base\"\n\t\t\t\n\t\t>\n<div class=\"siteorigin-widget-tinymce textwidget\">\n\t<div class=\"alert-box\">\n<p>Contactez <strong>T\u00e9l\u00e9sant\u00e9 Ontario<\/strong> au <a href=\"tel:+18667970000\"> 1 866 797-0000<\/a>, votre <a href=\"https:\/\/www.phdapps.health.gov.on.ca\/PHULocator\/fr\/Default.aspx\">bureau de sant\u00e9 publique local<\/a> ou votre fournisseur de soins primaires si vous \u00e9prouvez des sympt\u00f4mes du nouveau coronavirus 2019.<\/p>\n<p><strong>Veuillez ne pas vous rendre dans un centre d\u2019\u00e9valuation, \u00e0 moins d\u2019avoir \u00e9t\u00e9 r\u00e9f\u00e9r\u00e9 par un professionnel de la sant\u00e9.<\/strong><\/p>\n<p><strong>Ne composez pas le\u00a0911 sauf en situation d\u2019urgence.<\/strong><\/p>\n<\/div>\n<\/div>\n<\/div><\/div><\/div><\/div><\/div><div id=\"pg-6878-2\"  class=\"panel-grid panel-no-style\" ><div id=\"pgc-6878-2-0\"  class=\"panel-grid-cell\" ><div id=\"panel-6878-2-0-0\" class=\"so-panel widget widget_sow-editor panel-first-child panel-last-child\" data-index=\"2\" ><div\n\t\t\t\n\t\t\tclass=\"so-widget-sow-editor so-widget-sow-editor-base\"\n\t\t\t\n\t\t>\n<div class=\"siteorigin-widget-tinymce textwidget\">\n\t<h6>Information gouvernementale<\/h6>\n<ul>\n<li><a href=\"https:\/\/www.canada.ca\/fr\/sante-publique\/services\/maladies\/maladie-coronavirus-covid-19.html\" target=\"_blank\" rel=\"noopener noreferrer\">Maladie \u00e0 coronavirus(COVID-19)<\/a>, Gouvernement du Canada<\/li>\n<li><a href=\"https:\/\/twitter.com\/GovCanHealth\" target=\"_blank\" rel=\"noopener noreferrer\">Gouvernement du Canada twitter<\/a>, @GovCanHealth<\/li>\n<li><a href=\"https:\/\/www.ontario.ca\/fr\/page\/nouveau-coronavirus-2019\" target=\"_blank\" rel=\"noopener noreferrer\">Le nouveau coronavirus 2019 (COVID-19)<\/a>, Gouvernement de l\u2019Ontario<\/li>\n<\/ul>\n<\/div>\n<\/div><\/div><\/div><\/div><div id=\"pg-6878-3\"  class=\"panel-grid panel-no-style\" ><div id=\"pgc-6878-3-0\"  class=\"panel-grid-cell\" ><div id=\"panel-6878-3-0-0\" class=\"so-panel widget widget_sow-editor panel-first-child panel-last-child\" data-index=\"3\" ><div\n\t\t\t\n\t\t\tclass=\"so-widget-sow-editor so-widget-sow-editor-base\"\n\t\t\t\n\t\t>\n<div class=\"siteorigin-widget-tinymce textwidget\">\n\t<h6>M\u00e9dias sociaux pour les agences du bien-\u00eatre de l\u2019enfance de l\u2019Ontario<\/h6>\n<ul>\n<li><a href=\"http:\/\/www.oacas.org\/wp-content\/uploads\/2020\/04\/cas-covid19-FR-social-media.zip\" target=\"_blank\" rel=\"noopener noreferrer\">T\u00e9l\u00e9charger ici<\/a><\/li>\n<\/ul>\n<\/div>\n<\/div><\/div><\/div><\/div><div id=\"pg-6878-4\"  class=\"panel-grid panel-no-style\" ><div id=\"pgc-6878-4-0\"  class=\"panel-grid-cell\" ><div id=\"panel-6878-4-0-0\" class=\"so-panel widget widget_sow-image panel-first-child panel-last-child\" data-index=\"4\" ><div\n\t\t\t\n\t\t\tclass=\"so-widget-sow-image so-widget-sow-image-default-dbf295114b96-6878\"\n\t\t\t\n\t\t>\n<div class=\"sow-image-container\">\n\t\t\t<a href=\"http:\/\/www.oacas.org\/wp-content\/uploads\/2020\/04\/cas-covid19-social-media-FR.zip\"\n\t\t\ttarget=\"_blank\" rel=\"noopener noreferrer\" \t\t>\n\t\t\t<img fetchpriority=\"high\" \n\tsrc=\"https:\/\/www.oacas.org\/wp-content\/uploads\/2020\/04\/cas-covid19-message-FR-1.jpg\" width=\"500\" height=\"326\" sizes=\"(max-width: 500px) 100vw, 500px\" alt=\"\" \t\tclass=\"so-widget-image\"\/>\n\t\t\t<\/a><\/div>\n\n<\/div><\/div><\/div><div id=\"pgc-6878-4-1\"  class=\"panel-grid-cell\" ><div id=\"panel-6878-4-1-0\" class=\"so-panel widget widget_sow-image panel-first-child panel-last-child\" data-index=\"5\" ><div\n\t\t\t\n\t\t\tclass=\"so-widget-sow-image so-widget-sow-image-default-dbf295114b96-6878\"\n\t\t\t\n\t\t>\n<div class=\"sow-image-container\">\n\t\t\t<a href=\"http:\/\/www.oacas.org\/wp-content\/uploads\/2020\/04\/cas-covid19-social-media-FR.zip\"\n\t\t\ttarget=\"_blank\" rel=\"noopener noreferrer\" \t\t>\n\t\t\t<img \n\tsrc=\"https:\/\/www.oacas.org\/wp-content\/uploads\/2020\/04\/cas-covid19-message-FR-2.jpg\" width=\"500\" height=\"326\" sizes=\"(max-width: 500px) 100vw, 500px\" alt=\"\" \t\tclass=\"so-widget-image\"\/>\n\t\t\t<\/a><\/div>\n\n<\/div><\/div><\/div><div id=\"pgc-6878-4-2\"  class=\"panel-grid-cell\" ><div id=\"panel-6878-4-2-0\" class=\"so-panel widget widget_sow-image panel-first-child panel-last-child\" data-index=\"6\" ><div\n\t\t\t\n\t\t\tclass=\"so-widget-sow-image so-widget-sow-image-default-8b5b6f678277-6878\"\n\t\t\t\n\t\t>\n<div class=\"sow-image-container\">\n\t\t\t<a href=\"http:\/\/www.oacas.org\/wp-content\/uploads\/2020\/04\/cas-covid19-social-media-FR.zip\"\n\t\t\ttarget=\"_blank\" rel=\"noopener noreferrer\" \t\t>\n\t\t\t<img \n\tsrc=\"https:\/\/www.oacas.org\/wp-content\/uploads\/2020\/04\/cas-covid19-message-FR-3.jpg\" width=\"500\" height=\"326\" sizes=\"(max-width: 500px) 100vw, 500px\" alt=\"\" \t\tclass=\"so-widget-image\"\/>\n\t\t\t<\/a><\/div>\n\n<\/div><\/div><\/div><div id=\"pgc-6878-4-3\"  class=\"panel-grid-cell\" ><div id=\"panel-6878-4-3-0\" class=\"so-panel widget widget_sow-image panel-first-child panel-last-child\" data-index=\"7\" ><div\n\t\t\t\n\t\t\tclass=\"so-widget-sow-image so-widget-sow-image-default-dbf295114b96-6878\"\n\t\t\t\n\t\t>\n<div class=\"sow-image-container\">\n\t\t\t<a href=\"http:\/\/www.oacas.org\/wp-content\/uploads\/2020\/04\/cas-covid19-social-media-FR.zip\"\n\t\t\ttarget=\"_blank\" rel=\"noopener noreferrer\" \t\t>\n\t\t\t<img loading=\"lazy\" \n\tsrc=\"https:\/\/www.oacas.org\/wp-content\/uploads\/2020\/04\/cas-covid19-message-FR-4.jpg\" width=\"500\" height=\"326\" sizes=\"(max-width: 500px) 100vw, 500px\" alt=\"\" \t\tclass=\"so-widget-image\"\/>\n\t\t\t<\/a><\/div>\n\n<\/div><\/div><\/div><\/div><div id=\"pg-6878-5\"  class=\"panel-grid panel-no-style\" ><div id=\"pgc-6878-5-0\"  class=\"panel-grid-cell\" ><div id=\"panel-6878-5-0-0\" class=\"so-panel widget widget_sow-editor panel-first-child panel-last-child\" data-index=\"8\" ><div\n\t\t\t\n\t\t\tclass=\"so-widget-sow-editor so-widget-sow-editor-base\"\n\t\t\t\n\t\t>\n<div class=\"siteorigin-widget-tinymce textwidget\">\n\t<h6>Services t\u00e9l\u00e9phoniques pour sant\u00e9 mentale ou crise<\/h6>\n<div style=\"overflow-x: auto;\">\n<table>\n<tbody>\n<tr style=\"background: #ffecbf;\">\n<td style=\"min-width: 140px;\"><strong>Jeunesse, J'\u00e9coute<\/strong><\/td>\n<td style=\"min-width: 100px;\">1 800 668-6868 ou <a href=\"https:\/\/jeunessejecoute.ca\/\" target=\"_blank\" rel=\"noopener\">cliquez ici<\/a><\/td>\n<td style=\"min-width: 200px;\">Jeunesse, J\u2019\u00e9coute est le seul service de soutien \u00e0 l\u2019\u00e9chelle du pays qui est accessible 24\/7. Nous offrons un service d\u2019intervention professionnelle, d\u2019information, de ressources et un service de soutien b\u00e9n\u00e9vole par texto aux jeunes, en fran\u00e7ais et en anglais.<\/td>\n<\/tr>\n<tr style=\"background: #ffecbf;\">\n<td style=\"min-width: 140px;\"><strong>Retrouver son entrain<\/strong><\/td>\n<td style=\"min-width: 100px;\"><a href=\"http:\/\/bouncebackontario.ca\/fr\/\" target=\"_blank\" rel=\"noopener\">Cliquez ici<\/a><\/td>\n<td style=\"min-width: 200px;\">Retrouver son entrainMD est un programme gratuit de d\u00e9veloppement des comp\u00e9tences g\u00e9r\u00e9 par l\u2019Association canadienne pour la sant\u00e9 mentale (ACSM). Il est con\u00e7u pour aider les adultes et les jeunes de 15 ans et plus \u00e0 g\u00e9rer leur tristesse, leurs sympt\u00f4mes l\u00e9gers \u00e0 mod\u00e9r\u00e9s de d\u00e9pression et d\u2019anxi\u00e9t\u00e9, le stress et les inqui\u00e9tudes.<\/td>\n<\/tr>\n<tr>\n<td><strong>Ligne d'\u00e9coute d'espoir<\/strong><\/td>\n<td>1 855 242-3310<\/td>\n<td>La Ligne d'\u00e9coute d'espoir pour le mieux-\u00eatre apporte une aide imm\u00e9diate \u00e0 tous les peuples autochtones au Canada. Accessible 24 heures sur 24, 7 jours sur 7.<\/td>\n<\/tr>\n<tr>\n<td><strong>T\u00e9l\u00e9sant\u00e9 Ontario<\/strong><\/td>\n<td>1 866 797-0000<\/td>\n<td>Obtenez rapidement une r\u00e9ponse \u00e0 vos questions d\u2019ordre m\u00e9dical en consultant T\u00e9l\u00e9sant\u00e9 Ontario.<\/td>\n<\/tr>\n<tr>\n<td><strong>Fem\u2019aide<\/strong><\/td>\n<td>1 877 336-2433<\/td>\n<td>Fem\u2019aide offre aux femmes d\u2019expression fran\u00e7aise aux prises avec la violence sexiste, du soutien, des renseignements et de l\u2019aiguillage vers les services appropri\u00e9s dans leur collectivit\u00e9, 24 heures par jour, 7 jours par semaine.<\/td>\n<\/tr>\n<tr>\n<td><strong>Allo J\u2019\u00e9coute<\/strong><\/td>\n<td>1 866 925-5454<\/p>\n<p>Texte ALLOJECOUTEON au 686868<\/p>\n<\/td>\n<td>Allo J\u2019\u00e9coute offre un service de soutien confidentiel aux \u00e9tudiants de niveau postsecondaire en Ontario et en Nouvelle-\u00c9cosse. S\u00e9lectionnez l\u2019une des options suivantes pour davantage de renseignements.<\/td>\n<\/tr>\n<\/tbody>\n<\/table>\n<\/div>\n<\/div>\n<\/div><\/div><\/div><\/div><div id=\"pg-6878-6\"  class=\"panel-grid panel-no-style\" ><div id=\"pgc-6878-6-0\"  class=\"panel-grid-cell\" ><div id=\"panel-6878-6-0-0\" class=\"so-panel widget widget_sow-editor panel-first-child panel-last-child\" data-index=\"9\" ><div\n\t\t\t\n\t\t\tclass=\"so-widget-sow-editor so-widget-sow-editor-base\"\n\t\t\t\n\t\t>\n<div class=\"siteorigin-widget-tinymce textwidget\">\n\t<h6>Finances<\/h6>\n<ul>\n<li><a href=\"https:\/\/www.canada.ca\/fr\/emploi-developpement-social\/ministere\/avis\/coronavirus.html\" target=\"_blank\" rel=\"noopener noreferrer\">Maladie \u00e0 coronavirus (COVID-19) \u2013 Emploi et D\u00e9veloppement social Canada<\/a><\/li>\n<\/ul>\n<\/div>\n<\/div><\/div><\/div><\/div><div id=\"pg-6878-7\"  class=\"panel-grid panel-no-style\" ><div id=\"pgc-6878-7-0\"  class=\"panel-grid-cell\" ><div id=\"panel-6878-7-0-0\" class=\"so-panel widget widget_sow-editor panel-first-child panel-last-child\" data-index=\"10\" ><div\n\t\t\t\n\t\t\tclass=\"so-widget-sow-editor so-widget-sow-editor-base\"\n\t\t\t\n\t\t>\n<div class=\"siteorigin-widget-tinymce textwidget\">\n\t<h6>Aider les jeunes enfants<\/h6>\n<ul>\n<li><a href=\"https:\/\/660919d3-b85b-43c3-a3ad-3de6a9d37099.filesusr.com\/ugd\/64c685_473c830569514d55bca2006191b06b47.pdf\" target=\"_blank\" rel=\"noopener noreferrer\">COVIBOOK : Soutenir et rassurer les enfants du monde<\/a>, Mindheart\n<\/li>\n<\/ul>\n<\/div>\n<\/div><\/div><\/div><\/div><div id=\"pg-6878-8\"  class=\"panel-grid panel-no-style\" ><div id=\"pgc-6878-8-0\"  class=\"panel-grid-cell\" ><div id=\"panel-6878-8-0-0\" class=\"so-panel widget widget_sow-editor panel-first-child panel-last-child\" data-index=\"11\" ><div\n\t\t\t\n\t\t\tclass=\"so-widget-sow-editor so-widget-sow-editor-base\"\n\t\t\t\n\t\t>\n<div class=\"siteorigin-widget-tinymce textwidget\">\n\t<h6>Ressources pour les adolescents et les jeunes<\/h6>\n<ul>\n<li><a href=\"http:\/\/www.oacas.org\/fr\/ce-que-nous-faisons\/communications-et-engagement-du-public\/face-coverings\/\" target=\"_blank\" rel=\"noopener\">Couvre-visage, masques en tissus et vous<\/a>, OACAS<\/li>\n<li><a href=\"https:\/\/apps.kidshelpphone.ca\/ressourcesautourdemoi\/bienvenue.html\" target=\"_blank\" rel=\"noopener noreferrer\">Ressources Autour De Moi<\/a>, Jeunesse, J\u2019\u00e9coute<\/li>\n<li><a href=\"https:\/\/jeunessejecoute.ca\/information\/comment-puis-je-gerer-mes-sentiments-face-a-lavenir\/\" target=\"_blank\" rel=\"noopener noreferrer\">Comment puis-je g\u00e9rer mes sentiments face \u00e0 l\u2019avenir?<\/a>, Jeunesse, J\u2019\u00e9coute<\/li>\n<\/ul>\n<\/div>\n<\/div><\/div><\/div><\/div><div id=\"pg-6878-9\"  class=\"panel-grid panel-no-style\" ><div id=\"pgc-6878-9-0\"  class=\"panel-grid-cell\" ><div id=\"panel-6878-9-0-0\" class=\"so-panel widget widget_sow-editor panel-first-child panel-last-child\" data-index=\"12\" ><div\n\t\t\t\n\t\t\tclass=\"so-widget-sow-editor so-widget-sow-editor-base\"\n\t\t\t\n\t\t>\n<div class=\"siteorigin-widget-tinymce textwidget\">\n\t<h6>Ressources et informations ax\u00e9es sur les Premi\u00e8res nations, les Inuits et les M\u00e9tis<\/h6>\n<ul>\n<li><a href=\"https:\/\/www.cbc.ca\/news\/indigenous\/covid-19-tradition-land-medicine-1.5500973?__vfz=medium%3Dsharebar\" target=\"_blank\" rel=\"noopener noreferrer\">COVID-19 concerns, closures have families and communities heading out on the land<\/a>, CBC News (<em>anglais seulement<\/em>)<\/li>\n<li><a href=\"https:\/\/ndncollective.org\/indigenizing-and-decolonizing-community-care-in-response-to-covid-19\/\" target=\"_blank\" rel=\"noopener noreferrer\">Decolonizing community care in response to COVID-19<\/a>, NDN Collective (<em>anglais seulement<\/em><\/li>\n<li><a href=\"https:\/\/indigenousmotherhood.wordpress.com\/2020\/03\/16\/traditional-indigenous-kinship-practices-at-home-being-child-centered-during-the-pandemic\/?fbclid=IwAR1ZqZjcu3jgQMx_xwFwU6gWrui7g31zdmT1shwUgq-mLhzPhbyntt1jUh0\" target=\"_blank\" rel=\"noopener noreferrer\">Traditional Indigenous Kinship Practices at Home: Being Child-Centered During the Pandemic<\/a>, Indigenous Motherhood (<em>anglais seulement<\/em>)<\/li>\n<li><a href=\"https:\/\/www.cbc.ca\/arts\/there-s-a-massive-free-catalogue-of-indigenous-films-online-and-we-have-6-picks-to-get-you-started-1.4623884\" target=\"_blank\" rel=\"noopener noreferrer\">There's a massive free catalogue of Indigenous films online \u2014 and we have 6 picks to get you started<\/a>, CBC News (<em>anglais seulement<\/em>)<\/li>\n<\/ul>\n<\/div>\n<\/div><\/div><\/div><\/div><div id=\"pg-6878-10\"  class=\"panel-grid panel-no-style\" ><div id=\"pgc-6878-10-0\"  class=\"panel-grid-cell\" ><div id=\"panel-6878-10-0-0\" class=\"so-panel widget widget_sow-editor panel-first-child panel-last-child\" data-index=\"13\" ><div\n\t\t\t\n\t\t\tclass=\"so-widget-sow-editor so-widget-sow-editor-base\"\n\t\t\t\n\t\t>\n<div class=\"siteorigin-widget-tinymce textwidget\">\n\t<h6>Choses \u00e0 faire \u00e0 la maison<\/h6>\n<ul>\n<li><a href=\"https:\/\/www.ontario.ca\/fr\/page\/apprendre-la-maison\" target=\"_blank\" rel=\"noopener noreferrer\">Apprendre \u00e0 la maison<\/a>, Gouvernement de l\u2019Ontario<\/li>\n<li><a href=\"https:\/\/onlineclassroom.cangeoeducation.ca\/fr\/accueil\/\" target=\"_blank\" rel=\"noopener\">#SalleDeClasseVirtuelle de Canadian Geographic \u00c9ducation<\/a><\/li>\n<\/ul>\n<\/div>\n<\/div><\/div><\/div><\/div><\/div>","protected":false},"excerpt":{"rendered":"","protected":false},"author":21,"featured_media":0,"parent":602,"menu_order":0,"comment_status":"closed","ping_status":"closed","template":"","meta":{"footnotes":"","_links_to":"","_links_to_target":""},"class_list":["post-6878","page","type-page","status-publish","hentry"],"_links":{"self":[{"href":"https:\/\/www.oacas.org\/fr\/wp-json\/wp\/v2\/pages\/6878","targetHints":{"allow":["GET"]}}],"collection":[{"href":"https:\/\/www.oacas.org\/fr\/wp-json\/wp\/v2\/pages"}],"about":[{"href":"https:\/\/www.oacas.org\/fr\/wp-json\/wp\/v2\/types\/page"}],"author":[{"embeddable":true,"href":"https:\/\/www.oacas.org\/fr\/wp-json\/wp\/v2\/users\/21"}],"replies":[{"embeddable":true,"href":"https:\/\/www.oacas.org\/fr\/wp-json\/wp\/v2\/comments?post=6878"}],"version-history":[{"count":0,"href":"https:\/\/www.oacas.org\/fr\/wp-json\/wp\/v2\/pages\/6878\/revisions"}],"up":[{"embeddable":true,"href":"https:\/\/www.oacas.org\/fr\/wp-json\/wp\/v2\/pages\/602"}],"wp:attachment":[{"href":"https:\/\/www.oacas.org\/fr\/wp-json\/wp\/v2\/media?parent=6878"}],"curies":[{"name":"wp","href":"https:\/\/api.w.org\/{rel}","templated":true}]}}