{"id":614,"date":"2015-01-20T11:29:52","date_gmt":"2015-01-20T16:29:52","guid":{"rendered":"http:\/\/www.oacas.org\/?page_id=614"},"modified":"2019-03-27T11:05:42","modified_gmt":"2019-03-27T15:05:42","slug":"mission-vision-et-valeurs","status":"publish","type":"page","link":"https:\/\/www.oacas.org\/fr\/a-propos-de\/mission-vision-et-valeurs\/","title":{"rendered":"Mission"},"content":{"rendered":"<div class=\"two_third\">\n<h4><strong>NOTRE VISION<\/strong><\/h4>\n<p><strong>Nous repensons le bien-\u00eatre de l\u2019enfance : un syst\u00e8me de services \u00e0 l\u2019enfance efficace qui aide l\u2019ENSEMBLE des enfants, des jeunes, des familles et des collectivit\u00e9s \u00e0 s\u2019\u00e9panouir.<\/strong><\/p>\n<div class=\"divider\"><\/div>\n<h4><strong>QUI NOUS SOMMES<br \/>\n<\/strong><\/h4>\n<div>L\u2019AOSAE est un collectif d\u2019agences du bien-\u00eatre de l\u2019enfance, et nous :<\/div>\n<ul>\n<li><strong>Dirigeons courageusement.<\/strong>\u00a0Nous inspirons et orientons des changements syst\u00e9miques transformateurs dans le bien \u00eatre de l\u2019enfance et dans l\u2019ensemble du syst\u00e8me de services \u00e0 l\u2019enfance.<\/li>\n<li><strong>Revendiquons audacieusement.<\/strong>\u00a0Nous influen\u00e7ons l\u2019opinion publique, les orientations de politiques et les d\u00e9cisions relatives au syst\u00e8me de services \u00e0 l\u2019enfance, et faisons valoir l\u2019impact des d\u00e9terminants sociaux de la sant\u00e9.<\/li>\n<li><strong>Servons efficacement.<\/strong>\u00a0Nous renfor\u00e7ons le syst\u00e8me du bien-\u00eatre de l\u2019enfance en offrant des programmes provinciaux, des ressources d\u2019information, des outils de soutien et des services partag\u00e9s.<\/li>\n<\/ul>\n<div class=\"divider\"><\/div>\n<h4><strong>CE QUE NOUS VALORISONS<\/strong><\/h4>\n<p>Nous visons l\u2019<strong>\u00c9quit\u00e9<\/strong>\u00a0dans tous les aspects de notre travail.<\/p>\n<p>Nous\u00a0<strong>Collaborons<\/strong>\u00a0avec les familles et les partenaires communautaires avec un\u00a0<strong>Respect<\/strong>\u00a0et une\u00a0<strong>Humilit\u00e9 <\/strong>authentiques.<\/p>\n<p>Nous sommes\u00a0<strong>Responsables\u00a0<\/strong>et\u00a0<strong>Transparents<\/strong>, peu importe les r\u00e9sultats de notre travail.<\/p>\n<p>Nous agissons avec le\u00a0<strong>Courage<\/strong>\u00a0d\u2019adopter l\u2019<strong>Innovation<\/strong>, en sachant que les changements positifs peuvent \u00eatre d\u00e9stabilisants.<\/p>\n<\/div><div class=\"one_third last_column\">\n<img fetchpriority=\"high\" decoding=\"async\" class=\"alignnone size-full wp-image-986\" src=\"http:\/\/www.oacas.org\/wp-content\/uploads\/2015\/01\/child-playing-construction.jpg\" alt=\"child playing construction\" width=\"300\" height=\"243\" \/>\n<img decoding=\"async\" class=\"alignnone size-full wp-image-985\" src=\"http:\/\/www.oacas.org\/wp-content\/uploads\/2015\/01\/child-on-playground.jpg\" alt=\"child on playground\" width=\"300\" height=\"247\" \/>\n<img decoding=\"async\" class=\"alignnone size-full wp-image-987\" src=\"http:\/\/www.oacas.org\/wp-content\/uploads\/2015\/01\/children-in-schoolyard.jpg\" alt=\"children in schoolyard\" width=\"300\" height=\"200\" \/>\n<\/div>\n","protected":false},"excerpt":{"rendered":"","protected":false},"author":9,"featured_media":0,"parent":608,"menu_order":0,"comment_status":"open","ping_status":"open","template":"page-PageTemplate2.php","meta":{"footnotes":"","_links_to":"","_links_to_target":""},"class_list":["post-614","page","type-page","status-publish","hentry"],"_links":{"self":[{"href":"https:\/\/www.oacas.org\/fr\/wp-json\/wp\/v2\/pages\/614","targetHints":{"allow":["GET"]}}],"collection":[{"href":"https:\/\/www.oacas.org\/fr\/wp-json\/wp\/v2\/pages"}],"about":[{"href":"https:\/\/www.oacas.org\/fr\/wp-json\/wp\/v2\/types\/page"}],"author":[{"embeddable":true,"href":"https:\/\/www.oacas.org\/fr\/wp-json\/wp\/v2\/users\/9"}],"replies":[{"embeddable":true,"href":"https:\/\/www.oacas.org\/fr\/wp-json\/wp\/v2\/comments?post=614"}],"version-history":[{"count":0,"href":"https:\/\/www.oacas.org\/fr\/wp-json\/wp\/v2\/pages\/614\/revisions"}],"up":[{"embeddable":true,"href":"https:\/\/www.oacas.org\/fr\/wp-json\/wp\/v2\/pages\/608"}],"wp:attachment":[{"href":"https:\/\/www.oacas.org\/fr\/wp-json\/wp\/v2\/media?parent=614"}],"curies":[{"name":"wp","href":"https:\/\/api.w.org\/{rel}","templated":true}]}}