{"id":608,"date":"2015-04-20T15:06:26","date_gmt":"2015-04-20T19:06:26","guid":{"rendered":"http:\/\/www.oacas.org\/?page_id=608"},"modified":"2023-07-12T14:50:39","modified_gmt":"2023-07-12T18:50:39","slug":"a-propos-de","status":"publish","type":"page","link":"https:\/\/www.oacas.org\/fr\/a-propos-de\/","title":{"rendered":"\u00c0 propos de"},"content":{"rendered":"<img fetchpriority=\"high\" decoding=\"async\" class=\"alignnone size-full wp-image-1865\" src=\"https:\/\/www.oacas.org\/wp-content\/uploads\/2015\/01\/three-children.jpg\" alt=\"three children\" width=\"750\" height=\"325\" srcset=\"https:\/\/www.oacas.org\/wp-content\/uploads\/2015\/01\/three-children.jpg 750w, https:\/\/www.oacas.org\/wp-content\/uploads\/2015\/01\/three-children-300x130.jpg 300w\" sizes=\"(max-width: 750px) 100vw, 750px\" \/>\n<div class=\"divider\"><\/div>\n<p>L&rsquo;AOSAE est une association repr\u00e9sentant 49 organisations membres. De ce nombre, 47 sont des soci\u00e9t\u00e9s d&rsquo;aide \u00e0 l&rsquo;enfance mandat\u00e9es et des agences de bien-\u00eatre de l&rsquo;enfance et de la famille autochtones et deux sont des agences autochtones pr\u00e9-mandat\u00e9es.<\/p>\n<p>Au nom de nos membres, l&rsquo;AOSAE fournit des services de d\u00e9fense de droits et de relations avec le gouvernement, d&rsquo;\u00e9ducation pour le public, de formation, de gestion de l&rsquo;information et des connaissances ainsi que des services de communication. L&rsquo;AOSAE est r\u00e9gie par un conseil d&rsquo;administration compos\u00e9 de b\u00e9n\u00e9voles. L&rsquo;AOSAE travaille avec des organismes membres, des partenaires communautaires et provinciaux et le gouvernement pour soutenir des changements positifs dans le syst\u00e8me de bien-\u00eatre de l&rsquo;enfance de l&rsquo;Ontario.<\/p>\n","protected":false},"excerpt":{"rendered":"","protected":false},"author":9,"featured_media":0,"parent":0,"menu_order":0,"comment_status":"open","ping_status":"open","template":"page-PageTemplate2.php","meta":{"footnotes":"","_links_to":"","_links_to_target":""},"class_list":["post-608","page","type-page","status-publish","hentry"],"_links":{"self":[{"href":"https:\/\/www.oacas.org\/fr\/wp-json\/wp\/v2\/pages\/608","targetHints":{"allow":["GET"]}}],"collection":[{"href":"https:\/\/www.oacas.org\/fr\/wp-json\/wp\/v2\/pages"}],"about":[{"href":"https:\/\/www.oacas.org\/fr\/wp-json\/wp\/v2\/types\/page"}],"author":[{"embeddable":true,"href":"https:\/\/www.oacas.org\/fr\/wp-json\/wp\/v2\/users\/9"}],"replies":[{"embeddable":true,"href":"https:\/\/www.oacas.org\/fr\/wp-json\/wp\/v2\/comments?post=608"}],"version-history":[{"count":0,"href":"https:\/\/www.oacas.org\/fr\/wp-json\/wp\/v2\/pages\/608\/revisions"}],"wp:attachment":[{"href":"https:\/\/www.oacas.org\/fr\/wp-json\/wp\/v2\/media?parent=608"}],"curies":[{"name":"wp","href":"https:\/\/api.w.org\/{rel}","templated":true}]}}