{"id":602,"date":"2015-01-20T11:32:34","date_gmt":"2015-01-20T16:32:34","guid":{"rendered":"http:\/\/www.oacas.org\/?page_id=602"},"modified":"2015-09-18T08:19:28","modified_gmt":"2015-09-18T12:19:28","slug":"communications-et-engagement-du-public","status":"publish","type":"page","link":"https:\/\/www.oacas.org\/fr\/programmes-et-ressources\/communications-et-engagement-du-public\/","title":{"rendered":"Communications et engagement du public"},"content":{"rendered":"<div class=\"two_third\">\n<p>Les soci\u00e9t\u00e9s d\u2019aide \u00e0 l\u2019enfance (SAE) sont enracin\u00e9es dans leur communaut\u00e9 et recherchent continuellement de nouvelles fa\u00e7ons de fournir de l\u2019information importante et pertinente aux personnes qui ont recours \u00e0 leurs services ainsi qu\u2019\u00e0 l\u2019ensemble de la communaut\u00e9. L\u2019AOSAE travaille avec les agences membres et leur fournit des services pour les aider \u00e0 tenir leur communaut\u00e9 inform\u00e9e et \u00e0 s\u2019efforcer de mieux faire conna\u00eetre les services de l\u2019aide \u00e0 l\u2019enfance, ainsi que leur r\u00f4le lorsqu\u2019il s\u2019agit d\u2019assurer la s\u00e9curit\u00e9 des enfants et des familles.<\/p>\n<p>L\u2019AOSAE et ses SAE membres renseignent de plus en plus le public sur le fait de signaler les cas soup\u00e7onn\u00e9s de mauvais traitements et de n\u00e9gligence. Nous travaillons avec les \u00e9coles, la police, les fournisseurs de soins aux enfants, les m\u00e9decins et les infirmi\u00e8res, ainsi que d\u2019autres professionnels qui sont en contact \u00e9troit avec des enfants, afin de trouver des fa\u00e7ons novatrices de partager l\u2019information et offrir plus d\u2019\u00e9ducation concernant la s\u00e9curit\u00e9 des enfants.<\/p>\n<p>Chaque ann\u00e9e, au mois d\u2019octobre, la province se rassemble autour du Mois de la <a href=\"https:\/\/www.oacas.org\/fr\/sae-et-protection-de-lenfance\/child-abuse-prevention-fr\/\">pr\u00e9vention du mauvais traitement des enfant<\/a>s, joignant les collectivit\u00e9s de tout l\u2019Ontario pour sensibiliser les gens aux signes de mauvais traitements, ainsi qu\u2019aux services et soutiens offerts par l\u2019entremise des SAE. Ces derni\u00e8res collaborent avec leurs partenaires communautaires locaux durant tout le mois afin de contribuer \u00e0 ouvrir le dialogue sur le fait d\u2019assurer s\u00e9curit\u00e9 et soutien aux enfants et aux familles de l\u2019Ontario.<\/p>\n<\/div>\n<div class=\"one_third last_column\">\n<p><a class=\"twitter-timeline\" href=\"https:\/\/twitter.com\/our_children\" data-widget-id=\"637378522466553857\">Tweets by @our_children<\/a><br \/>\n<script>\/\/ <![CDATA[\n!function(d,s,id){var js,fjs=d.getElementsByTagName(s)[0],p=\/^http:\/.test(d.location)?'http':'https';if(!d.getElementById(id)){js=d.createElement(s);js.id=id;js.src=p+\":\/\/platform.twitter.com\/widgets.js\";fjs.parentNode.insertBefore(js,fjs);}}(document,\"script\",\"twitter-wjs\");\n\/\/ ]]><\/script><\/p>\n<\/div>\n","protected":false},"excerpt":{"rendered":"","protected":false},"author":9,"featured_media":0,"parent":591,"menu_order":0,"comment_status":"open","ping_status":"open","template":"page-PageTemplate3.php","meta":{"footnotes":"","_links_to":"","_links_to_target":""},"class_list":["post-602","page","type-page","status-publish","hentry"],"_links":{"self":[{"href":"https:\/\/www.oacas.org\/fr\/wp-json\/wp\/v2\/pages\/602","targetHints":{"allow":["GET"]}}],"collection":[{"href":"https:\/\/www.oacas.org\/fr\/wp-json\/wp\/v2\/pages"}],"about":[{"href":"https:\/\/www.oacas.org\/fr\/wp-json\/wp\/v2\/types\/page"}],"author":[{"embeddable":true,"href":"https:\/\/www.oacas.org\/fr\/wp-json\/wp\/v2\/users\/9"}],"replies":[{"embeddable":true,"href":"https:\/\/www.oacas.org\/fr\/wp-json\/wp\/v2\/comments?post=602"}],"version-history":[{"count":0,"href":"https:\/\/www.oacas.org\/fr\/wp-json\/wp\/v2\/pages\/602\/revisions"}],"up":[{"embeddable":true,"href":"https:\/\/www.oacas.org\/fr\/wp-json\/wp\/v2\/pages\/591"}],"wp:attachment":[{"href":"https:\/\/www.oacas.org\/fr\/wp-json\/wp\/v2\/media?parent=602"}],"curies":[{"name":"wp","href":"https:\/\/api.w.org\/{rel}","templated":true}]}}