{"id":593,"date":"2015-04-20T15:04:35","date_gmt":"2015-04-20T19:04:35","guid":{"rendered":"http:\/\/www.oacas.org\/?page_id=593"},"modified":"2015-11-09T15:40:19","modified_gmt":"2015-11-09T20:40:19","slug":"services-des-premieres-nations-metis-et-inuits","status":"publish","type":"page","link":"https:\/\/www.oacas.org\/fr\/programmes-et-ressources\/services-des-premieres-nations-metis-et-inuits\/","title":{"rendered":"Services des Premi\u00e8res nations, M\u00e9tis et Inuits"},"content":{"rendered":"<p>L\u2019AOSAE offre son appui et sa collaboration aux communaut\u00e9s autochtones ainsi que des Premi\u00e8res nations, M\u00e9tis et Inuits (PNMI) afin d\u2019am\u00e9liorer la sant\u00e9, le mieux-\u00eatre et la chance de vie des enfants autochtones et des PNMI de l\u2019Ontario. L\u2019AOSAE y parvient en offrant des programmes au personnel du bien-\u00eatre de l\u2019enfance, ainsi qu\u2019aux jeunes autochtones pris en charge, pour qu\u2019ils connaissent et comprennent mieux la culture et l\u2019histoire autochtones. De plus, nous revendiquons et appuyons le transfert des services de bien-\u00eatre de l\u2019enfance aux communaut\u00e9s des Premi\u00e8res nations.<\/p>\n<p>En tant qu\u2019organisme, l\u2019AOSAE poursuit ses repr\u00e9sentations pour s\u2019assurer que les agences sont en mesure de r\u00e9pondre aux besoins des enfants et des familles autochtones qu\u2019elles servent. On insiste beaucoup pour que le personnel du bien-\u00eatre de l\u2019enfance connaisse et comprenne mieux les populations autochtones et des PNMI de l\u2019Ontario. Par ailleurs, l\u2019AOSAE s\u2019efforce d\u2019appuyer et faciliter la r\u00e9conciliation entre les SAE et les communaut\u00e9s des Premi\u00e8res nations qu\u2019elles servent.<\/p>\n<a href=\"http:\/\/www.oacas.org\/wp-content\/uploads\/2015\/09\/Other-Side-of-the-Door_FR.pdf\" target=\"_blank\"><img decoding=\"async\" class=\"alignleft size-full wp-image-1265\" src=\"http:\/\/www.oacas.org\/wp-content\/uploads\/2015\/01\/The-Other-Side-of-the-Door.png\" alt=\"The Other Side of the Door\" width=\"194\" height=\"250\" \/><\/a>\n<p>L\u2019AOSAE a r\u00e9cemment publi\u00e9 <em><a href=\"http:\/\/www.oacas.org\/wp-content\/uploads\/2015\/11\/1214-Other-Side-of-the-Door-Fr-FINAL.pdf\" target=\"_blank\">De l\u2019autre c\u00f4t\u00e9 de la porte: Guide de pratique \u00e0 l\u2019intention des professionnels du bien-\u00eatre de l\u2019enfance qui travaillent avec des peuples des Premi\u00e8res nations, Inuits et M\u00e9tis<\/a><\/em>. Le guide de pratique a \u00e9t\u00e9 \u00e9labor\u00e9 par Kenn Richard, directeur g\u00e9n\u00e9ral, <em>Native Child and Family Services of Toronto<\/em>, au printemps dernier, afin d\u2019accro\u00eetre la compr\u00e9hension de l\u2019histoire de la colonisation dans le secteur du bien-\u00eatre de l\u2019enfance, ainsi que de la culture et des forces des familles et des communaut\u00e9s des PNMI. Le guide vise aussi \u00e0 pr\u00e9parer tous les professionnels du bien-\u00eatre de l\u2019enfance \u00e0 remplir leurs obligations uniques en vertu de la <em>Loi sur les services \u00e0 l\u2019enfance et \u00e0 la famille<\/em>, au chapitre de la prestation de services aux familles des PNMI. L\u2019intention est que tous les nouveaux employ\u00e9s, b\u00e9n\u00e9voles et membres du conseil d\u2019administration lisent le guide au cours de leurs premiers mois d\u2019emploi ou de b\u00e9n\u00e9volat. Le guide de pratique relatif aux autochtones a \u00e9t\u00e9 produit cette ann\u00e9e \u00e0 l\u2019aide de nombreux commentaires d\u2019une vari\u00e9t\u00e9 de SAE autochtones et non autochtones.<\/p>\n<div class=\"page-popout\">\n<h3>Rapport final et recommandations de la Commission de v\u00e9rit\u00e9 et r\u00e9conciliation<\/h3>\n<p>Le 2 juin 2015, l\u2019honorable juge Murray Sinclair a publi\u00e9 le <a href=\"http:\/\/www.trc.ca\/websites\/trcinstitution\/index.php?p=891\" target=\"_blank\">Rapport sommaire de la Commission de v\u00e9rit\u00e9 et r\u00e9conciliation<\/a>. Le rapport, qui inclut 94 recommandations, pr\u00e9c\u00e8de le rapport final qui sera publi\u00e9 plus tard cette ann\u00e9e. L\u2019objectif de la Commission de v\u00e9rit\u00e9 et r\u00e9conciliation (la Commission) et de son rapport est d\u2019aborder l\u2019h\u00e9ritage permanent du syst\u00e8me de pensionnats, ainsi que \u00ab d\u2019orienter et d\u2019inspirer le processus de v\u00e9rit\u00e9 et de gu\u00e9rison menant \u00e0 la r\u00e9conciliation&#8230; \u00bb<\/p>\n<p>Les constatations et les recommandations de la Commission sont particuli\u00e8rement pertinentes pour les syst\u00e8mes du bien-\u00eatre de l\u2019enfance au Canada. La Commission fait un lien direct entre la surrepr\u00e9sentation des jeunes Autochtones dans le syst\u00e8me du bien-\u00eatre de l\u2019enfance aujourd\u2019hui et \u00ab l\u2019h\u00e9ritage insoluble des pensionnats \u00bb. Plusieurs pages du rapport sommaire exposent certains d\u00e9tails des syst\u00e8mes du bien-\u00eatre de l\u2019enfance provinciaux actuels. De plus, les cinq premiers \u00ab appels \u00e0 l\u2019action\u00a0\u00bb s\u2019adressent au syst\u00e8me du bien-\u00eatre de l\u2019enfance. Lisez l\u2019\u00c9nonc\u00e9 de l\u2019AOSAE concernant le <a href=\"https:\/\/www.oacas.org\/fr\/2015\/06\/publication-du-rapport-de-la-commission-de-verite-et-reconciliation-du-canada\/\">Rapport sommaire de la Commission de v\u00e9rit\u00e9 et r\u00e9conciliation<\/a><\/p>\n<\/div>\n","protected":false},"excerpt":{"rendered":"","protected":false},"author":9,"featured_media":0,"parent":591,"menu_order":0,"comment_status":"open","ping_status":"open","template":"page-PageTemplate3.php","meta":{"footnotes":"","_links_to":"","_links_to_target":""},"class_list":["post-593","page","type-page","status-publish","hentry"],"_links":{"self":[{"href":"https:\/\/www.oacas.org\/fr\/wp-json\/wp\/v2\/pages\/593","targetHints":{"allow":["GET"]}}],"collection":[{"href":"https:\/\/www.oacas.org\/fr\/wp-json\/wp\/v2\/pages"}],"about":[{"href":"https:\/\/www.oacas.org\/fr\/wp-json\/wp\/v2\/types\/page"}],"author":[{"embeddable":true,"href":"https:\/\/www.oacas.org\/fr\/wp-json\/wp\/v2\/users\/9"}],"replies":[{"embeddable":true,"href":"https:\/\/www.oacas.org\/fr\/wp-json\/wp\/v2\/comments?post=593"}],"version-history":[{"count":0,"href":"https:\/\/www.oacas.org\/fr\/wp-json\/wp\/v2\/pages\/593\/revisions"}],"up":[{"embeddable":true,"href":"https:\/\/www.oacas.org\/fr\/wp-json\/wp\/v2\/pages\/591"}],"wp:attachment":[{"href":"https:\/\/www.oacas.org\/fr\/wp-json\/wp\/v2\/media?parent=593"}],"curies":[{"name":"wp","href":"https:\/\/api.w.org\/{rel}","templated":true}]}}