{"id":591,"date":"2014-01-20T11:26:37","date_gmt":"2014-01-20T16:26:37","guid":{"rendered":"http:\/\/www.oacas.org\/?page_id=591"},"modified":"2022-11-04T15:25:33","modified_gmt":"2022-11-04T19:25:33","slug":"programmes-et-ressources","status":"publish","type":"page","link":"https:\/\/www.oacas.org\/fr\/programmes-et-ressources\/","title":{"rendered":"Programmes et ressources"},"content":{"rendered":"<p>Au nom de nos membres, l&rsquo;AOSAE fournit des services de d\u00e9fense de droits et de relations avec le gouvernement, d&rsquo;\u00e9ducation pour le public, de formation, de gestion de l&rsquo;information et des connaissances ainsi que des services de communication. L&rsquo;AOSAE est r\u00e9gie par un conseil d&rsquo;administration compos\u00e9 de b\u00e9n\u00e9voles. L&rsquo;AOSAE travaille avec des organismes membres, des partenaires communautaires et provinciaux et le gouvernement pour soutenir des changements positifs dans le syst\u00e8me de bien-\u00eatre de l&rsquo;enfance de l&rsquo;Ontario.<\/p>\n<p>L&rsquo;AOSAE <strong>encourage les meilleures pratiques en mati\u00e8re de services de bien-\u00eatre de l&rsquo;enfance<\/strong>, compile et pr\u00e9sente les ressources et les recherches actuelles dans les <a href=\"https:\/\/oacas.libguides.com\/\">guides de recherche<\/a>, fournit un leadership en mati\u00e8re de gestion du changement, et soutient la collaboration intersectorielle et les pratiques innovantes en mati\u00e8re de bien-\u00eatre de l&rsquo;enfance.<\/p>\n<p>L&rsquo;AOSAE offre de l\u2019<strong>apprentissage et des formations<\/strong> \u00e0 l&rsquo;ensemble du personnel de bien-\u00eatre de l&rsquo;enfance de l&rsquo;Ontario, des b\u00e9n\u00e9voles et des employ\u00e9s de secteurs connexes, y compris une formation essentielle et obligatoire pour les intervenants de premi\u00e8re ligne de la protection de l&rsquo;enfance. Nous surveillons les tendances \u00e9mergentes, les pratiques prometteuses, les outils de service, les r\u00e9glementations et la l\u00e9gislation afin de fournir un calendrier de formations le plus \u00e0 jour possible en nous engageant \u00e0 am\u00e9liorer la qualit\u00e9 de fa\u00e7on constante.<\/p>\n<p>L&rsquo;AOSAE <strong>\u00e9tablit et entretient des partenariats constructifs<\/strong> avec tous les niveaux gouvernementaux et les principales parties prenantes pour favoriser de meilleurs r\u00e9sultats pour les enfants, les jeunes et les familles de l&rsquo;Ontario. L&rsquo;AOSAE est non partisane et travaille intensivement avec le gouvernement provincial pour \u00e9laborer et r\u00e9pondre aux lois, aux normes, aux politiques, aux r\u00e8glements et aux probl\u00e8mes \u00e9mergents. L&rsquo;AOSAE veille \u00e0 ce que les exp\u00e9riences et les r\u00e9sultats des enfants, des jeunes et des familles qui interagissent avec le syst\u00e8me de bien-\u00eatre de l&rsquo;enfance en Ontario soient pris en compte \u00e0 tous les niveaux de prise de d\u00e9cision du gouvernement. Nous collaborons avec des partenaires provinciaux pour soutenir des approches intersectorielles et holistiques de la s\u00e9curit\u00e9 et du bien-\u00eatre des enfants, des jeunes et des familles de l&rsquo;Ontario.<\/p>\n<p>L&rsquo;AOSAE <strong>regroupe et distribue des informations cl\u00e9s sur le bien-\u00eatre de l&rsquo;enfance<\/strong> \u00e0 ses membres, \u00e0 ses principaux intervenants et partenaires, ainsi qu&rsquo;au public afin de soutenir la prestation d&rsquo;excellents services de bien-\u00eatre de l&rsquo;enfance en Ontario. L&rsquo;AOSAE vise \u00e0 faire progresser les connaissances sur le bien-\u00eatre de l&rsquo;enfance de l&rsquo;Ontario et \u00e0 \u00e9duquer le public &#8211; par le biais de <a href=\"https:\/\/www.oacas.org\/fr\/publications-et-campagnes\/\">campagnes annuelles<\/a>, de rapports cl\u00e9s, de m\u00e9dias traditionnels et sociaux et d&rsquo;\u00e9v\u00e9nements &#8211; sur leur r\u00f4le pour assurer la s\u00e9curit\u00e9 des enfants et des jeunes afin de soutenir des familles en bonne sant\u00e9.<\/p>\n<p>L&rsquo;AOSAE <strong>travaille de pr\u00e8s avec les intervenants et les partenaires autochtones<\/strong> pour soutenir leur travail visant \u00e0 am\u00e9liorer les r\u00e9sultats pour les enfants, les jeunes et les familles des Premi\u00e8res Nations, Inuits et M\u00e9tis en Ontario. L&rsquo;AOSAE facilite les conversations avec les organismes membres non autochtones et les praticiens du bien-\u00eatre de l&rsquo;enfance des Premi\u00e8res Nations, des Inuits et des M\u00e9tis afin de mieux r\u00e9pondre aux besoins des communaut\u00e9s autochtones. L&rsquo;AOSAE s&rsquo;engage \u00e0 soutenir les organismes membres autochtones et le droit inh\u00e9rent des communaut\u00e9s autochtones de prendre soin de leurs enfants, de leurs jeunes et de leurs familles.<\/p>\n<p>L&rsquo;AOSAE <strong>soutient et g\u00e8re plusieurs programmes visant \u00e0 am\u00e9liorer la vie des jeunes<\/strong> dans le syst\u00e8me et hors du syst\u00e8me de bien-\u00eatre de l&rsquo;enfance. <a href=\"https:\/\/www.oacas.org\/fr\/ce-que-nous-faisons\/unevisionunevoix\/\">Une vision une voix<\/a> est un programme dirig\u00e9 par la communaut\u00e9 afro-canadienne. Ce programme est financ\u00e9 par le minist\u00e8re des Services \u00e0 l&rsquo;enfance et des Services sociaux et communautaires de l&rsquo;Ontario par l&rsquo;interm\u00e9diaire de l&rsquo;AOSAE pour lutter contre la surrepr\u00e9sentation et les exp\u00e9riences de disparit\u00e9s auxquelles sont confront\u00e9s les Afro-Canadiennes apr\u00e8s avoir \u00e9t\u00e9 en contact avec le syst\u00e8me de bien-\u00eatre de l&rsquo;enfance. L&rsquo;AOSAE administre \u00e9galement le programme <a href=\"https:\/\/www.oacas.org\/fr\/ce-que-nous-faisons\/excellence-des-activites-du-bien-etre-de-lenfance-gestion-des-activites\/initiative-des-avantages-sociaux-pour-les-jeunes-quittant-la-prise-en-charge-iajqpc\/\">Initiative des avantages sociaux pour les jeunes quittant la prise en charge (IAJQPC)<\/a>, le programme pour la Bourse Clark, la conf\u00e9rence annuelle YouthCAN et les activit\u00e9s de la Journ\u00e9e des enfants et des jeunes pris en charge. Nous sollicitons r\u00e9guli\u00e8rement les commentaires des jeunes sur les politiques, les programmes et les services pour nous assurer que leurs voix sont au premier plan des recommandations ou des changements mis en \u0153uvre au niveau provincial.<\/p>\n<p>&nbsp;<\/p>\n<p>&nbsp;<\/p>\n","protected":false},"excerpt":{"rendered":"","protected":false},"author":9,"featured_media":0,"parent":0,"menu_order":0,"comment_status":"open","ping_status":"open","template":"page-PageTemplate3.php","meta":{"footnotes":"","_links_to":"","_links_to_target":""},"class_list":["post-591","page","type-page","status-publish","hentry"],"_links":{"self":[{"href":"https:\/\/www.oacas.org\/fr\/wp-json\/wp\/v2\/pages\/591","targetHints":{"allow":["GET"]}}],"collection":[{"href":"https:\/\/www.oacas.org\/fr\/wp-json\/wp\/v2\/pages"}],"about":[{"href":"https:\/\/www.oacas.org\/fr\/wp-json\/wp\/v2\/types\/page"}],"author":[{"embeddable":true,"href":"https:\/\/www.oacas.org\/fr\/wp-json\/wp\/v2\/users\/9"}],"replies":[{"embeddable":true,"href":"https:\/\/www.oacas.org\/fr\/wp-json\/wp\/v2\/comments?post=591"}],"version-history":[{"count":0,"href":"https:\/\/www.oacas.org\/fr\/wp-json\/wp\/v2\/pages\/591\/revisions"}],"wp:attachment":[{"href":"https:\/\/www.oacas.org\/fr\/wp-json\/wp\/v2\/media?parent=591"}],"curies":[{"name":"wp","href":"https:\/\/api.w.org\/{rel}","templated":true}]}}