{"id":586,"date":"2015-01-20T11:28:25","date_gmt":"2015-01-20T16:28:25","guid":{"rendered":"http:\/\/www.oacas.org\/?page_id=586"},"modified":"2024-06-21T14:52:19","modified_gmt":"2024-06-21T18:52:19","slug":"publications-et-campagnes","status":"publish","type":"page","link":"https:\/\/www.oacas.org\/fr\/publications-et-campagnes\/","title":{"rendered":"Publications et campagnes"},"content":{"rendered":"\t\t<div data-elementor-type=\"wp-page\" data-elementor-id=\"586\" class=\"elementor elementor-586 elementor-15\">\n\t\t\t\t\t\t<section class=\"elementor-section elementor-top-section elementor-element elementor-element-375574a elementor-section-boxed elementor-section-height-default elementor-section-height-default\" data-id=\"375574a\" data-element_type=\"section\" data-e-type=\"section\">\n\t\t\t\t\t\t<div class=\"elementor-container elementor-column-gap-default\">\n\t\t\t\t\t<div class=\"elementor-column elementor-col-100 elementor-top-column elementor-element elementor-element-b3f3de6\" data-id=\"b3f3de6\" data-element_type=\"column\" data-e-type=\"column\">\n\t\t\t<div class=\"elementor-widget-wrap elementor-element-populated\">\n\t\t\t\t\t\t<section class=\"elementor-section elementor-inner-section elementor-element elementor-element-05f1770 elementor-section-boxed elementor-section-height-default elementor-section-height-default\" data-id=\"05f1770\" data-element_type=\"section\" data-e-type=\"section\">\n\t\t\t\t\t\t<div class=\"elementor-container elementor-column-gap-default\">\n\t\t\t\t\t<div class=\"elementor-column elementor-col-50 elementor-inner-column elementor-element elementor-element-d68b4cc\" data-id=\"d68b4cc\" data-element_type=\"column\" data-e-type=\"column\">\n\t\t\t<div class=\"elementor-widget-wrap elementor-element-populated\">\n\t\t\t\t\t\t<div class=\"elementor-element elementor-element-d158080 elementor-widget elementor-widget-image\" data-id=\"d158080\" data-element_type=\"widget\" data-e-type=\"widget\" data-widget_type=\"image.default\">\n\t\t\t\t<div class=\"elementor-widget-container\">\n\t\t\t\t\t\t\t\t\t\t\t\t\t\t\t<img decoding=\"async\" width=\"152\" height=\"207\" src=\"https:\/\/www.oacas.org\/wp-content\/uploads\/2024\/06\/newsroom.jpg\" class=\"attachment-large size-large wp-image-16848\" alt=\"\" \/>\t\t\t\t\t\t\t\t\t\t\t\t\t\t\t<\/div>\n\t\t\t\t<\/div>\n\t\t\t\t\t<\/div>\n\t\t<\/div>\n\t\t\t\t<div class=\"elementor-column elementor-col-50 elementor-inner-column elementor-element elementor-element-6b9c24d\" data-id=\"6b9c24d\" data-element_type=\"column\" data-e-type=\"column\">\n\t\t\t<div class=\"elementor-widget-wrap elementor-element-populated\">\n\t\t\t\t\t\t<div class=\"elementor-element elementor-element-625da5b elementor-widget elementor-widget-heading\" data-id=\"625da5b\" data-element_type=\"widget\" data-e-type=\"widget\" data-widget_type=\"heading.default\">\n\t\t\t\t<div class=\"elementor-widget-container\">\n\t\t\t\t\t<h4 class=\"elementor-heading-title elementor-size-default\"><a href=\"https:\/\/www.oacas.org\/fr\/publications-et-salle-de-presse\/salle-de-presse\/\">Salle de presse<\/a><\/h4>\t\t\t\t<\/div>\n\t\t\t\t<\/div>\n\t\t\t\t<div class=\"elementor-element elementor-element-4fb2628 elementor-widget elementor-widget-text-editor\" data-id=\"4fb2628\" data-element_type=\"widget\" data-e-type=\"widget\" data-widget_type=\"text-editor.default\">\n\t\t\t\t<div class=\"elementor-widget-container\">\n\t\t\t\t\t\t\t\t\t<p>L\u2019AOSAE distribue des communiqu\u00e9s de presse et des avis aux m\u00e9dias concernant des questions importantes relatives au bien-\u00eatre de l\u2019enfance, notamment la repr\u00e9sentation, la sensibilisation du public et les enjeux actuels.<\/p>\t\t\t\t\t\t\t\t<\/div>\n\t\t\t\t<\/div>\n\t\t\t\t\t<\/div>\n\t\t<\/div>\n\t\t\t\t\t<\/div>\n\t\t<\/section>\n\t\t\t\t<section class=\"elementor-section elementor-inner-section elementor-element elementor-element-57df58f elementor-section-boxed elementor-section-height-default elementor-section-height-default\" data-id=\"57df58f\" data-element_type=\"section\" data-e-type=\"section\">\n\t\t\t\t\t\t<div class=\"elementor-container elementor-column-gap-default\">\n\t\t\t\t\t<div class=\"elementor-column elementor-col-50 elementor-inner-column elementor-element elementor-element-dfcde58\" data-id=\"dfcde58\" data-element_type=\"column\" data-e-type=\"column\">\n\t\t\t<div class=\"elementor-widget-wrap elementor-element-populated\">\n\t\t\t\t\t\t<div class=\"elementor-element elementor-element-bb51ce6 elementor-widget elementor-widget-image\" data-id=\"bb51ce6\" data-element_type=\"widget\" data-e-type=\"widget\" data-widget_type=\"image.default\">\n\t\t\t\t<div class=\"elementor-widget-container\">\n\t\t\t\t\t\t\t\t\t\t\t\t\t\t\t<img decoding=\"async\" width=\"152\" height=\"207\" src=\"https:\/\/www.oacas.org\/wp-content\/uploads\/2024\/06\/oacasinaction.jpg\" class=\"attachment-large size-large wp-image-16850\" alt=\"\" \/>\t\t\t\t\t\t\t\t\t\t\t\t\t\t\t<\/div>\n\t\t\t\t<\/div>\n\t\t\t\t\t<\/div>\n\t\t<\/div>\n\t\t\t\t<div class=\"elementor-column elementor-col-50 elementor-inner-column elementor-element elementor-element-1e5566f\" data-id=\"1e5566f\" data-element_type=\"column\" data-e-type=\"column\">\n\t\t\t<div class=\"elementor-widget-wrap elementor-element-populated\">\n\t\t\t\t\t\t<div class=\"elementor-element elementor-element-31699b2 elementor-widget elementor-widget-heading\" data-id=\"31699b2\" data-element_type=\"widget\" data-e-type=\"widget\" data-widget_type=\"heading.default\">\n\t\t\t\t<div class=\"elementor-widget-container\">\n\t\t\t\t\t<h4 class=\"elementor-heading-title elementor-size-default\"><a href=\"https:\/\/www.oacas.org\/fr\/laosae-en-action\/\">Les derni\u00e8res nouvelles<\/a><\/h4>\t\t\t\t<\/div>\n\t\t\t\t<\/div>\n\t\t\t\t<div class=\"elementor-element elementor-element-77b894b elementor-widget elementor-widget-text-editor\" data-id=\"77b894b\" data-element_type=\"widget\" data-e-type=\"widget\" data-widget_type=\"text-editor.default\">\n\t\t\t\t<div class=\"elementor-widget-container\">\n\t\t\t\t\t\t\t\t\t<p>Les derni\u00e8res nouvelles rassemble les annonces actuelles de l\u2019AOSAE et de ses SAE membres.<\/p>\t\t\t\t\t\t\t\t<\/div>\n\t\t\t\t<\/div>\n\t\t\t\t\t<\/div>\n\t\t<\/div>\n\t\t\t\t\t<\/div>\n\t\t<\/section>\n\t\t\t\t<section class=\"elementor-section elementor-inner-section elementor-element elementor-element-0efdda9 elementor-section-boxed elementor-section-height-default elementor-section-height-default\" data-id=\"0efdda9\" data-element_type=\"section\" data-e-type=\"section\">\n\t\t\t\t\t\t<div class=\"elementor-container elementor-column-gap-default\">\n\t\t\t\t\t<div class=\"elementor-column elementor-col-50 elementor-inner-column elementor-element elementor-element-dbc1a14\" data-id=\"dbc1a14\" data-element_type=\"column\" data-e-type=\"column\">\n\t\t\t<div class=\"elementor-widget-wrap elementor-element-populated\">\n\t\t\t\t\t\t<div class=\"elementor-element elementor-element-167ddf8 elementor-widget elementor-widget-image\" data-id=\"167ddf8\" data-element_type=\"widget\" data-e-type=\"widget\" data-widget_type=\"image.default\">\n\t\t\t\t<div class=\"elementor-widget-container\">\n\t\t\t\t\t\t\t\t\t\t\t\t\t\t\t<img fetchpriority=\"high\" decoding=\"async\" width=\"300\" height=\"388\" src=\"https:\/\/www.oacas.org\/wp-content\/uploads\/2024\/06\/annual-report-cover-300.png\" class=\"attachment-large size-large wp-image-16852\" alt=\"\" \/>\t\t\t\t\t\t\t\t\t\t\t\t\t\t\t<\/div>\n\t\t\t\t<\/div>\n\t\t\t\t\t<\/div>\n\t\t<\/div>\n\t\t\t\t<div class=\"elementor-column elementor-col-50 elementor-inner-column elementor-element elementor-element-a5ca78d\" data-id=\"a5ca78d\" data-element_type=\"column\" data-e-type=\"column\">\n\t\t\t<div class=\"elementor-widget-wrap elementor-element-populated\">\n\t\t\t\t\t\t<div class=\"elementor-element elementor-element-e97536b elementor-widget elementor-widget-heading\" data-id=\"e97536b\" data-element_type=\"widget\" data-e-type=\"widget\" data-widget_type=\"heading.default\">\n\t\t\t\t<div class=\"elementor-widget-container\">\n\t\t\t\t\t<h4 class=\"elementor-heading-title elementor-size-default\"><a href=\"https:\/\/www.oacas.org\/fr\/publications-et-salle-de-presse\/rapports-annuels-de-laosae\/\">Rapport annuel de l\u2019AOSAE<\/a><\/h4>\t\t\t\t<\/div>\n\t\t\t\t<\/div>\n\t\t\t\t<div class=\"elementor-element elementor-element-5b6de62 elementor-widget elementor-widget-text-editor\" data-id=\"5b6de62\" data-element_type=\"widget\" data-e-type=\"widget\" data-widget_type=\"text-editor.default\">\n\t\t\t\t<div class=\"elementor-widget-container\">\n\t\t\t\t\t\t\t\t\t<p>Chaque ann\u00e9e, l\u2019AOSAE publie un sommaire des programmes et projets, des r\u00e9alisations et des contributions en mati\u00e8re de bien-\u00eatre de l\u2019enfance pour l\u2019ann\u00e9e.<\/p>\t\t\t\t\t\t\t\t<\/div>\n\t\t\t\t<\/div>\n\t\t\t\t\t<\/div>\n\t\t<\/div>\n\t\t\t\t\t<\/div>\n\t\t<\/section>\n\t\t\t\t<section class=\"elementor-section elementor-inner-section elementor-element elementor-element-187ad35 elementor-section-boxed elementor-section-height-default elementor-section-height-default\" data-id=\"187ad35\" data-element_type=\"section\" data-e-type=\"section\">\n\t\t\t\t\t\t<div class=\"elementor-container elementor-column-gap-default\">\n\t\t\t\t\t<div class=\"elementor-column elementor-col-50 elementor-inner-column elementor-element elementor-element-ae2267d\" data-id=\"ae2267d\" data-element_type=\"column\" data-e-type=\"column\">\n\t\t\t<div class=\"elementor-widget-wrap elementor-element-populated\">\n\t\t\t\t\t\t<div class=\"elementor-element elementor-element-d90528d elementor-widget elementor-widget-image\" data-id=\"d90528d\" data-element_type=\"widget\" data-e-type=\"widget\" data-widget_type=\"image.default\">\n\t\t\t\t<div class=\"elementor-widget-container\">\n\t\t\t\t\t\t\t\t\t\t\t\t\t\t\t<img loading=\"lazy\" decoding=\"async\" width=\"2550\" height=\"3300\" src=\"https:\/\/www.oacas.org\/wp-content\/uploads\/2024\/06\/OACAS_2023_Dress-Purple-Day_8.5x11_RGB.png\" class=\"attachment-large size-large wp-image-16854\" alt=\"\" srcset=\"https:\/\/www.oacas.org\/wp-content\/uploads\/2024\/06\/OACAS_2023_Dress-Purple-Day_8.5x11_RGB.png 2550w, https:\/\/www.oacas.org\/wp-content\/uploads\/2024\/06\/OACAS_2023_Dress-Purple-Day_8.5x11_RGB-768x994.png 768w, https:\/\/www.oacas.org\/wp-content\/uploads\/2024\/06\/OACAS_2023_Dress-Purple-Day_8.5x11_RGB-1187x1536.png 1187w, https:\/\/www.oacas.org\/wp-content\/uploads\/2024\/06\/OACAS_2023_Dress-Purple-Day_8.5x11_RGB-1583x2048.png 1583w\" sizes=\"(max-width: 2550px) 100vw, 2550px\" \/>\t\t\t\t\t\t\t\t\t\t\t\t\t\t\t<\/div>\n\t\t\t\t<\/div>\n\t\t\t\t\t<\/div>\n\t\t<\/div>\n\t\t\t\t<div class=\"elementor-column elementor-col-50 elementor-inner-column elementor-element elementor-element-b2ad0d8\" data-id=\"b2ad0d8\" data-element_type=\"column\" data-e-type=\"column\">\n\t\t\t<div class=\"elementor-widget-wrap elementor-element-populated\">\n\t\t\t\t\t\t<div class=\"elementor-element elementor-element-7af8642 elementor-widget elementor-widget-heading\" data-id=\"7af8642\" data-element_type=\"widget\" data-e-type=\"widget\" data-widget_type=\"heading.default\">\n\t\t\t\t<div class=\"elementor-widget-container\">\n\t\t\t\t\t<h4 class=\"elementor-heading-title elementor-size-default\">Campagnes<\/h4>\t\t\t\t<\/div>\n\t\t\t\t<\/div>\n\t\t\t\t<div class=\"elementor-element elementor-element-27e9ebd elementor-widget elementor-widget-text-editor\" data-id=\"27e9ebd\" data-element_type=\"widget\" data-e-type=\"widget\" data-widget_type=\"text-editor.default\">\n\t\t\t\t<div class=\"elementor-widget-container\">\n\t\t\t\t\t\t\t\t\t<ul><li id=\"menu-item-10975\" class=\"menu-item menu-item-type-post_type menu-item-object-page menu-item-10975\"><a href=\"https:\/\/www.oacas.org\/fr\/publications-et-campagnes\/journee-passez-au-mauve-de-lontario\/\">Journ\u00e9e Passez au mauve de l\u2019Ontario<\/a><\/li><li><a href=\"https:\/\/www.oacas.org\/fr\/publications-et-campagnes\/le-jour-des-enfants-et-des-jeunes-pris-en-charge\/\">Le Jour des enfants et des jeunes pris en charge<\/a><\/li><li><a href=\"https:\/\/www.oacas.org\/fr\/present-au-bon-moment\/\">Pr\u00e9sent au bon moment<\/a><\/li><\/ul><p><strong>Campagnes archiv\u00e9es<\/strong><\/p><ul><li><a href=\"https:\/\/www.oacas.org\/fr\/publications-et-campagnes\/jaieumadose\/\">J&rsquo;ai eu ma dose<\/a><\/li><li><a href=\"https:\/\/www.oacas.org\/fr\/publications-et-campagnes\/vraimentdevoues\/\">Vraiment d\u00e9vou\u00e9s<\/a><\/li><li><a href=\"https:\/\/www.oacas.org\/fr\/publications-et-campagnes\/icipouraideron\/\">icipouraiderON<\/a><\/li><li><a href=\"https:\/\/www.oacas.org\/fr\/publications-et-campagnes\/maxthevax\/\">Max the Vax<\/a><\/li><\/ul>\t\t\t\t\t\t\t\t<\/div>\n\t\t\t\t<\/div>\n\t\t\t\t\t<\/div>\n\t\t<\/div>\n\t\t\t\t\t<\/div>\n\t\t<\/section>\n\t\t\t\t\t<\/div>\n\t\t<\/div>\n\t\t\t\t\t<\/div>\n\t\t<\/section>\n\t\t\t\t<\/div>\n\t\t","protected":false},"excerpt":{"rendered":"","protected":false},"author":9,"featured_media":0,"parent":0,"menu_order":0,"comment_status":"open","ping_status":"closed","template":"page-PageTemplate6.php","meta":{"footnotes":"","_links_to":"","_links_to_target":""},"class_list":["post-586","page","type-page","status-publish","hentry"],"_links":{"self":[{"href":"https:\/\/www.oacas.org\/fr\/wp-json\/wp\/v2\/pages\/586","targetHints":{"allow":["GET"]}}],"collection":[{"href":"https:\/\/www.oacas.org\/fr\/wp-json\/wp\/v2\/pages"}],"about":[{"href":"https:\/\/www.oacas.org\/fr\/wp-json\/wp\/v2\/types\/page"}],"author":[{"embeddable":true,"href":"https:\/\/www.oacas.org\/fr\/wp-json\/wp\/v2\/users\/9"}],"replies":[{"embeddable":true,"href":"https:\/\/www.oacas.org\/fr\/wp-json\/wp\/v2\/comments?post=586"}],"version-history":[{"count":0,"href":"https:\/\/www.oacas.org\/fr\/wp-json\/wp\/v2\/pages\/586\/revisions"}],"wp:attachment":[{"href":"https:\/\/www.oacas.org\/fr\/wp-json\/wp\/v2\/media?parent=586"}],"curies":[{"name":"wp","href":"https:\/\/api.w.org\/{rel}","templated":true}]}}