{"id":578,"date":"2015-01-20T11:29:33","date_gmt":"2015-01-20T16:29:33","guid":{"rendered":"http:\/\/www.oacas.org\/?page_id=578"},"modified":"2020-01-24T12:05:44","modified_gmt":"2020-01-24T17:05:44","slug":"contact","status":"publish","type":"page","link":"https:\/\/www.oacas.org\/fr\/contact\/","title":{"rendered":"Contact"},"content":{"rendered":"<div class=\"two_third\"><strong>Demandes de renseignements g\u00e9n\u00e9raux \u00e0 l\u2019AOSAE <\/strong><br \/>\nVeuillez communiquer avec la r\u00e9ception au 416-987-7725 | 1-800-718-1797, ou \u00e0 <a href=\"mailto:public_editor@oacas.org\" target=\"_blank\" rel=\"noopener noreferrer\">public_editor@oacas.org<\/a><\/p>\n<p><strong>Questions des m\u00e9dias sur l\u2019AOSAE <\/strong><br \/>\n<a href=\"&quot;https:\/\/www.oacas.org\/fr\/publications-et-salle-de-presse\/salle-de-presse\/\">Salle de press<\/a><\/p>\n<div class=\"divider\"><\/div>\n<h3>Association ontarienne des soci\u00e9t\u00e9s de l\u2019aide \u00e0 l\u2019enfance<\/h3>\n<p>75, rue Front Est, bureau 308<br \/>\nToronto, Ontario<br \/>\nCanada M5E 1V9<br \/>\nT\u00e9l. : 416 987-7725 | 1 800 718-1797<br \/>\nT\u00e9l\u00e9c. : 416 366-8317<\/p>\n<p>&nbsp;<\/p>\n<p><iframe style=\"border: 0;\" src=\"https:\/\/www.google.com\/maps\/embed?pb=!1m18!1m12!1m3!1d10465.096143882172!2d-79.38082416651018!3d43.64998067766792!2m3!1f0!2f0!3f0!3m2!1i1024!2i768!4f13.1!3m3!1m2!1s0x89d4cb31db92db1d%3A0xcb1e5c32344cb415!2s75+Front+St+E%2C+Toronto%2C+ON+M5E+1V9!5e0!3m2!1sen!2sca!4v1439295446221\" width=\"650\" height=\"480\" frameborder=\"0\" allowfullscreen=\"allowfullscreen\"><\/iframe><\/p>\n<\/div> <div class=\"one_third last_column\">\n<div class=\"sidebar-info\">\n<h2>Signaler des mauvais traitements \u00e0 l\u2019\u00e9gard d\u2019un enfant<\/h2>\n<p>Si vous avez des pr\u00e9occupations relatives \u00e0 la s\u00e9curit\u00e9 d\u2019un enfant, veuillez communiquer avec votre <a href=\"https:\/\/www.oacas.org\/fr\/sae-et-protection-de-lenfance\/trouver-une-societe-daide-a-lenfance\/\" target=\"_blank\" rel=\"noopener noreferrer\">SAE locale<\/a> IMM\u00c9DIATEMENT. Si vous avez une pr\u00e9occupation ou une plainte relativement \u00e0 une Soci\u00e9t\u00e9 d\u2019aide \u00e0 l\u2019enfance (SAE), veuillez communiquer directement avec cette <a href=\"https:\/\/www.oacas.org\/fr\/sae-et-protection-de-lenfance\/trouver-une-societe-daide-a-lenfance\/\" target=\"_blank\" rel=\"noopener noreferrer\">agence<\/a>, et demandez \u00e0 obtenir son d\u00e9pliant sur le processus de plaintes.<\/p>\n<\/div>\n<\/div>\n","protected":false},"excerpt":{"rendered":"","protected":false},"author":9,"featured_media":0,"parent":0,"menu_order":0,"comment_status":"open","ping_status":"open","template":"page-FullWidth.php","meta":{"footnotes":"","_links_to":"","_links_to_target":""},"class_list":["post-578","page","type-page","status-publish","hentry"],"_links":{"self":[{"href":"https:\/\/www.oacas.org\/fr\/wp-json\/wp\/v2\/pages\/578","targetHints":{"allow":["GET"]}}],"collection":[{"href":"https:\/\/www.oacas.org\/fr\/wp-json\/wp\/v2\/pages"}],"about":[{"href":"https:\/\/www.oacas.org\/fr\/wp-json\/wp\/v2\/types\/page"}],"author":[{"embeddable":true,"href":"https:\/\/www.oacas.org\/fr\/wp-json\/wp\/v2\/users\/9"}],"replies":[{"embeddable":true,"href":"https:\/\/www.oacas.org\/fr\/wp-json\/wp\/v2\/comments?post=578"}],"version-history":[{"count":0,"href":"https:\/\/www.oacas.org\/fr\/wp-json\/wp\/v2\/pages\/578\/revisions"}],"wp:attachment":[{"href":"https:\/\/www.oacas.org\/fr\/wp-json\/wp\/v2\/media?parent=578"}],"curies":[{"name":"wp","href":"https:\/\/api.w.org\/{rel}","templated":true}]}}