{"id":569,"date":"2015-04-20T15:01:32","date_gmt":"2015-04-20T19:01:32","guid":{"rendered":"http:\/\/www.oacas.org\/?page_id=569"},"modified":"2018-06-19T10:12:46","modified_gmt":"2018-06-19T14:12:46","slug":"comment-signaler-des-mauvais-traitements","status":"publish","type":"page","link":"https:\/\/www.oacas.org\/fr\/sae-et-protection-de-lenfance\/comment-signaler-des-mauvais-traitements\/","title":{"rendered":"Comment signaler des mauvais traitements"},"content":{"rendered":"<p>SI VOUS AVEZ DES PR\u00c9OCCUPATIONS IMM\u00c9DIATES RELATIVES \u00c0 LA PROTECTION D\u2019UN ENFANT, APPELEZ TOUT DE SUITE VOTRE SAE. <a href=\"https:\/\/www.oacas.org\/fr\/sae-et-protection-de-lenfance\/trouver-une-societe-daide-a-lenfance\/\">Cliquez ici<\/a> pour trouver votre SAE locale.<\/p>\n<p>Si vous constatez ou avez un motif de croire qu\u2019un enfant a besoin de protection ou risque de subir des s\u00e9vices, appelez votre <a href=\"https:\/\/www.oacas.org\/fr\/sae-et-protection-de-lenfance\/trouver-une-societe-daide-a-lenfance\/\">SAE locale<\/a>. Quelqu\u2019un pourra r\u00e9pondre \u00e0 votre appel 24 heures sur 24, 365 jours par ann\u00e9e.<\/p>\n<p>Il peut \u00eatre difficile de d\u00e9cider d\u2019appeler la Soci\u00e9t\u00e9 d\u2019aide \u00e0 l\u2019enfance (SAE) pour faire part de pr\u00e9occupations relatives \u00e0 un enfant ou un jeune. Nous comprenons les \u00e9motions et les inqui\u00e9tudes qu\u2019on peut avoir avant de faire cet appel. Mais en fin de compte, la plus grande consid\u00e9ration est et doit \u00eatre la s\u00e9curit\u00e9 et le mieux-\u00eatre de l\u2019enfant et de la famille. Si vous soup\u00e7onnez qu\u2019un enfant subit des mauvais traitements ou de la n\u00e9gligence, veuillez appeler votre SAE locale.<\/p>\n<h2>Information relative \u00e0 une SAE :<\/h2>\n<ul>\n<li>Vous n\u2019avez pas la responsabilit\u00e9 de d\u00e9terminer si les mauvais traitements ou la n\u00e9gligence ont eu cours. Il rel\u00e8ve de la SAE d\u2019enqu\u00eater sur le besoin de protection ou d\u2019intervention et d\u2019\u00e9valuer ce besoin.<\/li>\n<li>Un signalement \u00e0 une SAE ne prouve pas l\u2019existence de mauvais traitements ou de n\u00e9gligence, mais il permet aux autorit\u00e9s de prendre les mesures appropri\u00e9es pour d\u00e9terminer le risque li\u00e9 \u00e0 chaque situation.<\/li>\n<li>Chaque signalement sera l\u2019objet d\u2019une enqu\u00eate, et on \u00e9valuera la situation afin de s\u2019assurer que l\u2019enfant et la famille re\u00e7oivent le soutien n\u00e9cessaire pour assurer la s\u00e9curit\u00e9 de l\u2019enfant.<\/li>\n<\/ul>\n<h2>Que se passe-t-il lorsque j\u2019appelle la SAE?<\/h2>\n<p>Lorsque vous appellerez la SAE, vous parlerez \u00e0 un sp\u00e9cialiste du bien-\u00eatre de l\u2019enfance qui est particuli\u00e8rement form\u00e9 pour \u00e9couter vos pr\u00e9occupations et vous poser des questions avant de d\u00e9cider de l\u2019urgence de la situation, ainsi que du type d\u2019intervention n\u00e9cessaire. Si un enfant est en danger imminent, un intervenant en protection de l\u2019enfance interviendra imm\u00e9diatement.<\/p>\n<p>Les intervenants des SAE sont des professionnels qui \u00e9valuent vos renseignements \u00e0 <a href=\"https:\/\/www.oacas.org\/fr\/publications-et-salle-de-presse\/ressources-professionnelles\/echelles-dadmissibilite\/\" target=\"_blank\" rel=\"noopener\">l\u2019aide de directives rigoureuses<\/a> afin de d\u00e9terminer le risque li\u00e9 \u00e0 chaque situation. Les intervenants en protection de l\u2019enfance, \u00e0 l\u2019aide de normes et de directives claires, d\u00e9terminent le type de soutien et de service n\u00e9cessaires pour assurer la s\u00e9curit\u00e9 des enfants dans des situations de mauvais traitements \u00e0 leur \u00e9gard. Une intervention typique en r\u00e9ponse \u00e0 une pr\u00e9occupation relative \u00e0 la protection d\u2019un enfant inclura la v\u00e9rification d\u2019une base de donn\u00e9es informatique pour voir si la famille ou l\u2019enfant ont d\u00e9j\u00e0 eu affaire \u00e0 une SAE. On tient compte de nombreux facteurs lorsqu\u2019on d\u00e9termine la fa\u00e7on dont on enqu\u00eatera sur vos pr\u00e9occupations, notamment l\u2019\u00e2ge de l\u2019enfant, la pr\u00e9sence de blessures physiques et d\u2019autres signes avant-coureurs qui peuvent indiquer un risque de s\u00e9vices.<\/p>\n<p>Chaque signalement re\u00e7u par une SAE est examin\u00e9 par un intervenant en protection de l\u2019enfance, qui consulte ensuite un superviseur afin de d\u00e9terminer le d\u00e9lai d\u2019intervention appropri\u00e9. Ce sont les circonstances et les niveaux de risque particuliers concernant l\u2019enfant qui d\u00e9terminent les d\u00e9lais d\u2019intervention.<\/p>\n<p><em>(<\/em><em>Cliquez sur le diagramme ci-dessous pour l\u2019agrandir<\/em><em>)<\/em><\/p>\n<a href=\"http:\/\/www.oacas.org\/wp-content\/uploads\/2015\/01\/CAPM_2014_Flow-Chart.png\" target=\"_blank\" rel=\"noopener\" rel=\"wp-prettyPhoto[569]\"><img fetchpriority=\"high\" decoding=\"async\" class=\"size-large wp-image-1682 alignnone\" src=\"http:\/\/www.oacas.org\/wp-content\/uploads\/2015\/01\/CAPM_2014_Flow-Chart-1024x663.png\" alt=\"CAPM_2014_Flow Chart\" width=\"600\" height=\"388\" srcset=\"https:\/\/www.oacas.org\/wp-content\/uploads\/2015\/01\/CAPM_2014_Flow-Chart-1024x663.png 1024w, https:\/\/www.oacas.org\/wp-content\/uploads\/2015\/01\/CAPM_2014_Flow-Chart-300x194.png 300w\" sizes=\"(max-width: 600px) 100vw, 600px\" \/><\/a>\n<p>&nbsp;<\/p>\n<p>&nbsp;<\/p>\n","protected":false},"excerpt":{"rendered":"","protected":false},"author":9,"featured_media":0,"parent":10916,"menu_order":0,"comment_status":"open","ping_status":"closed","template":"page-PageTemplate4.php","meta":{"footnotes":"","_links_to":"","_links_to_target":""},"class_list":["post-569","page","type-page","status-publish","hentry"],"_links":{"self":[{"href":"https:\/\/www.oacas.org\/fr\/wp-json\/wp\/v2\/pages\/569","targetHints":{"allow":["GET"]}}],"collection":[{"href":"https:\/\/www.oacas.org\/fr\/wp-json\/wp\/v2\/pages"}],"about":[{"href":"https:\/\/www.oacas.org\/fr\/wp-json\/wp\/v2\/types\/page"}],"author":[{"embeddable":true,"href":"https:\/\/www.oacas.org\/fr\/wp-json\/wp\/v2\/users\/9"}],"replies":[{"embeddable":true,"href":"https:\/\/www.oacas.org\/fr\/wp-json\/wp\/v2\/comments?post=569"}],"version-history":[{"count":0,"href":"https:\/\/www.oacas.org\/fr\/wp-json\/wp\/v2\/pages\/569\/revisions"}],"up":[{"embeddable":true,"href":"https:\/\/www.oacas.org\/fr\/wp-json\/wp\/v2\/pages\/10916"}],"wp:attachment":[{"href":"https:\/\/www.oacas.org\/fr\/wp-json\/wp\/v2\/media?parent=569"}],"curies":[{"name":"wp","href":"https:\/\/api.w.org\/{rel}","templated":true}]}}