{"id":556,"date":"2015-04-20T14:59:02","date_gmt":"2015-04-20T18:59:02","guid":{"rendered":"http:\/\/www.oacas.org\/?page_id=556"},"modified":"2015-09-17T17:07:57","modified_gmt":"2015-09-17T21:07:57","slug":"partenaires-communautaires","status":"publish","type":"page","link":"https:\/\/www.oacas.org\/fr\/sae-et-protection-de-lenfance\/partenaires-communautaires\/","title":{"rendered":"Partenaires communautaires"},"content":{"rendered":"<img fetchpriority=\"high\" decoding=\"async\" src=\"http:\/\/www.oacas.org\/wp-content\/uploads\/2015\/01\/brother-and-sister.jpg\" alt=\"brother and sister\" width=\"750\" height=\"325\" class=\"alignnone size-full wp-image-1864\" srcset=\"https:\/\/www.oacas.org\/wp-content\/uploads\/2015\/01\/brother-and-sister.jpg 750w, https:\/\/www.oacas.org\/wp-content\/uploads\/2015\/01\/brother-and-sister-300x130.jpg 300w\" sizes=\"(max-width: 750px) 100vw, 750px\" \/>\n<div class=\"divider\"><\/div>\n<div class=\"two_third\">Les soci\u00e9t\u00e9s d\u2019aide \u00e0 l\u2019enfance (SAE) travaillent afin de s\u2019assurer que les familles re\u00e7oivent les services dont elles ont besoin. Et si elles ne sont pas en mesure d\u2019offrir les services elles-m\u00eames, elles prennent les dispositions pour diriger les familles vers les services et les ressources dans la communaut\u00e9.<\/p>\n<p>Les SAE incarnent l\u2019interconnexion des services sociaux de l\u2019Ontario. Les enfants et les familles qui sont signal\u00e9s \u00e0 la SAE ont souvent \u00e9t\u00e9 en contact ou fait affaire avec d\u2019autres services dans la communaut\u00e9. Les familles font face \u00e0 de nombreux probl\u00e8mes \u2013 comme la pauvret\u00e9, la toxicomanie, le ch\u00f4mage, des probl\u00e8mes de sant\u00e9 mentale ou du logement inad\u00e9quat \u2013 qui les m\u00e8nent \u00e0 avoir besoin du soutien d\u2019une SAE. Le contraire est aussi vrai \u2013 lorsqu\u2019un enfant ou une famille font appel \u00e0 une SAE, ils ont souvent besoin de l\u2019aide de multiples services pour assurer la s\u00e9curit\u00e9 au domicile. Le soutien en toxicomanie, les services de sant\u00e9 mentale et l\u2019aide au logement ne sont que quelques exemples de fournisseurs de services qui peuvent participer \u00e0 r\u00e9int\u00e9grer une famille dans une situation saine et s\u00e9curitaire.<\/p>\n<p>Les SAE travaillent en appui aux organismes de services sociaux, comme la police, l\u2019\u00e9cole, les cours de l\u2019Ontario, ainsi que le bureau de l\u2019intervenant provincial en faveur des enfants et des jeunes. Les SAE collaborent avec leurs partenaires dans des aspects comme les politiques et les protocoles, la formation et la recherche informative. Par l\u2019entremise de ces partenariats et protocoles officiels, une collaboration efficace fait en sorte que les enfants et les familles re\u00e7oivent les bons soutiens des bonnes personnes au bon moment, en vue d\u2019atteindre les objectifs communs de s\u00e9curit\u00e9, de mieux-\u00eatre et de permanence.<\/p>\n<p>Les SAE ont un int\u00e9r\u00eat particulier dans la cr\u00e9ation du mieux-\u00eatre en dehors de leur champ d\u2019influence. Cela inclut la revendication de soutiens pour leurs partenaires communautaires, qui contribuent grandement \u00e0 assurer la s\u00e9curit\u00e9 et le soutien des enfants et des familles de leur communaut\u00e9.<\/p>\n<\/div><div class=\"one_third last_column\">\n<div class=\"widget widget_latest_posts\"><h3 class=\"widgettitle\">Partenaires communautaires<\/h3>\t\t\t<div class=\"latest_posts\">\n\t\t\t<ul class=\"small-thumb\">\n\t\t\t\t\t\t\t\t\t<li>\n\t\t\t\t\t\t\t\t\t\t\t\t<a class=\"teaser-title\" title=\"L&rsquo;AOSAE publie son rapport annuel 2024-2025 : Valoriser les membres\" href=\"https:\/\/www.oacas.org\/fr\/2025\/06\/laosae-publie-son-rapport-annuel-2024-2025-valoriser-les-membres\/\">L&rsquo;AOSAE publie son rapport annuel 2024-2025 : Valoriser les membres<\/a>\n\t\t\t\t\t\t\t\t\t\t\t\t<div class=\"teaser-content\">\n\t\t\t\t\t\t...\t\t\t\t\t\t<\/div>\n\t\t\t\t\t\t\t\t\t\t\t\t\t\t<a title=\"L&rsquo;AOSAE publie son rapport annuel 2024-2025 : Valoriser les membres\" href=\"https:\/\/www.oacas.org\/fr\/2025\/06\/laosae-publie-son-rapport-annuel-2024-2025-valoriser-les-membres\/\" class=\"read-more-align-right\"><span>Read more<\/span> &rarr;<\/a>\n\t\t\t\t\t\t\t\t\t\t\t\t\t\t<div class=\"clear\"><\/div>\n\t\t\t\t\t<\/li>\n\t\t\t\t\t\t\t\t\t\t<li>\n\t\t\t\t\t\t\t\t\t\t\t\t<a class=\"teaser-title\" title=\"L\u2019AOSAE publie une soumission pr\u00e9-budg\u00e9taire 2025 avec des domaines d\u2019action prioritaires et des recommandations\" href=\"https:\/\/www.oacas.org\/fr\/2025\/03\/laosae-publie-une-soumission-pre-budgetaire-2025-avec-des-domaines-daction-prioritaires-et-des-recommandations\/\">L\u2019AOSAE publie une soumission pr\u00e9-budg\u00e9taire 2025 avec des domaines d\u2019action prioritaires et des recommandations<\/a>\n\t\t\t\t\t\t\t\t\t\t\t\t<div class=\"teaser-content\">\n\t\t\t\t\t\t...\t\t\t\t\t\t<\/div>\n\t\t\t\t\t\t\t\t\t\t\t\t\t\t<a title=\"L\u2019AOSAE publie une soumission pr\u00e9-budg\u00e9taire 2025 avec des domaines d\u2019action prioritaires et des recommandations\" href=\"https:\/\/www.oacas.org\/fr\/2025\/03\/laosae-publie-une-soumission-pre-budgetaire-2025-avec-des-domaines-daction-prioritaires-et-des-recommandations\/\" class=\"read-more-align-right\"><span>Read more<\/span> &rarr;<\/a>\n\t\t\t\t\t\t\t\t\t\t\t\t\t\t<div class=\"clear\"><\/div>\n\t\t\t\t\t<\/li>\n\t\t\t\t\t\t\t\t\t\t<li>\n\t\t\t\t\t\t\t\t\t\t\t\t<a class=\"teaser-title\" title=\"Changements importants \u00e0 l&rsquo;Initiative des avantages sociaux pour les jeunes quittant la prise en charge (IAS)\" href=\"https:\/\/www.oacas.org\/fr\/2025\/01\/changements-importants-a-linitiative-des-avantages-sociaux-pour-les-jeunes-quittant-la-prise-en-charge-ias\/\">Changements importants \u00e0 l&rsquo;Initiative des avantages sociaux pour les jeunes quittant la prise en charge (IAS)<\/a>\n\t\t\t\t\t\t\t\t\t\t\t\t<div class=\"teaser-content\">\n\t\t\t\t\t\t...\t\t\t\t\t\t<\/div>\n\t\t\t\t\t\t\t\t\t\t\t\t\t\t<a title=\"Changements importants \u00e0 l&rsquo;Initiative des avantages sociaux pour les jeunes quittant la prise en charge (IAS)\" href=\"https:\/\/www.oacas.org\/fr\/2025\/01\/changements-importants-a-linitiative-des-avantages-sociaux-pour-les-jeunes-quittant-la-prise-en-charge-ias\/\" class=\"read-more-align-right\"><span>Read more<\/span> &rarr;<\/a>\n\t\t\t\t\t\t\t\t\t\t\t\t\t\t<div class=\"clear\"><\/div>\n\t\t\t\t\t<\/li>\n\t\t\t\t\t\t\t\t<\/ul>\n\t\t\t<\/div><!-- end widget_recent_posts -->\n\t\t\t<\/div>\n<\/div>\n","protected":false},"excerpt":{"rendered":"","protected":false},"author":9,"featured_media":0,"parent":10916,"menu_order":0,"comment_status":"open","ping_status":"closed","template":"page-PageTemplate4.php","meta":{"footnotes":"","_links_to":"","_links_to_target":""},"class_list":["post-556","page","type-page","status-publish","hentry"],"_links":{"self":[{"href":"https:\/\/www.oacas.org\/fr\/wp-json\/wp\/v2\/pages\/556","targetHints":{"allow":["GET"]}}],"collection":[{"href":"https:\/\/www.oacas.org\/fr\/wp-json\/wp\/v2\/pages"}],"about":[{"href":"https:\/\/www.oacas.org\/fr\/wp-json\/wp\/v2\/types\/page"}],"author":[{"embeddable":true,"href":"https:\/\/www.oacas.org\/fr\/wp-json\/wp\/v2\/users\/9"}],"replies":[{"embeddable":true,"href":"https:\/\/www.oacas.org\/fr\/wp-json\/wp\/v2\/comments?post=556"}],"version-history":[{"count":0,"href":"https:\/\/www.oacas.org\/fr\/wp-json\/wp\/v2\/pages\/556\/revisions"}],"up":[{"embeddable":true,"href":"https:\/\/www.oacas.org\/fr\/wp-json\/wp\/v2\/pages\/10916"}],"wp:attachment":[{"href":"https:\/\/www.oacas.org\/fr\/wp-json\/wp\/v2\/media?parent=556"}],"curies":[{"name":"wp","href":"https:\/\/api.w.org\/{rel}","templated":true}]}}