{"id":4740,"date":"2018-07-16T12:12:41","date_gmt":"2018-07-16T16:12:41","guid":{"rendered":"http:\/\/www.oacas.org\/?page_id=4740"},"modified":"2020-09-01T21:29:05","modified_gmt":"2020-09-02T01:29:05","slug":"dress-purple-day-classroom-resources-for-elementary-schools","status":"publish","type":"page","link":"https:\/\/www.oacas.org\/fr\/publications-et-campagnes\/journee-passez-au-mauve-de-lontario\/dress-purple-day-classroom-resources-for-elementary-schools\/","title":{"rendered":"Ressources de Pr\u00e9vention pour la Classe Passez au Mauve de l\u2019Ontario pour les \u00e9coles primaires"},"content":{"rendered":"<div id=\"pl-4740\"  class=\"panel-layout\" ><div id=\"pg-4740-0\"  class=\"panel-grid panel-has-style\" ><div class=\"panel-row-style panel-row-style-for-4740-0\" ><div id=\"pgc-4740-0-0\"  class=\"panel-grid-cell panel-grid-cell-empty\" ><\/div><\/div><\/div><div id=\"pg-4740-1\"  class=\"panel-grid panel-has-style\" ><div class=\"panel-row-style panel-row-style-for-4740-1\" ><div id=\"pgc-4740-1-0\"  class=\"panel-grid-cell\" ><div id=\"panel-4740-1-0-0\" class=\"so-panel widget widget_sow-image panel-first-child panel-last-child\" data-index=\"0\" ><div class=\"panel-widget-style panel-widget-style-for-4740-1-0-0\" ><div\n\t\t\t\n\t\t\tclass=\"so-widget-sow-image so-widget-sow-image-default-3a2476c0e107-4740\"\n\t\t\t\n\t\t>\n<div class=\"sow-image-container\">\n\t\t<img \n\tsrc=\"https:\/\/www.oacas.org\/wp-content\/uploads\/2019\/04\/dp-logos-fr-2019.png\" width=\"175\" height=\"114\" sizes=\"(max-width: 175px) 100vw, 175px\" alt=\"\" \t\tclass=\"so-widget-image\"\/>\n\t<\/div>\n\n<\/div><\/div><\/div><\/div><\/div><\/div><div id=\"pg-4740-2\"  class=\"panel-grid panel-has-style\" ><div class=\"panel-row-style panel-row-style-for-4740-2\" ><div id=\"pgc-4740-2-0\"  class=\"panel-grid-cell\" ><div id=\"panel-4740-2-0-0\" class=\"so-panel widget widget_sow-editor panel-first-child panel-last-child\" data-index=\"1\" ><div\n\t\t\t\n\t\t\tclass=\"so-widget-sow-editor so-widget-sow-editor-base\"\n\t\t\t\n\t\t>\n<div class=\"siteorigin-widget-tinymce textwidget\">\n\t<a class=\"flat-custom-button align-btn-left\" href=\"http:\/\/www.oacas.org\/fr\/dress-purple-day-teacher-guide\/\" title=\"Flat Button\"><span style=\"padding:15px; background-color:transparent; border:0px solid transparent; color:#FFFFFF; font-size:16px;\">Click ici pour le guide de le\u00e7ons \u00e0 l\u2019intention des enseignants et des professionnels de l\u2019\u00e9ducation<\/span><\/a>\n<\/div>\n<\/div><\/div><\/div><\/div><\/div><div id=\"pg-4740-3\"  class=\"panel-grid panel-has-style\" ><div class=\"panel-row-style panel-row-style-for-4740-3\" ><div id=\"pgc-4740-3-0\"  class=\"panel-grid-cell\" ><div id=\"panel-4740-3-0-0\" class=\"so-panel widget widget_sow-editor panel-first-child\" data-index=\"2\" ><div class=\"panel-widget-style panel-widget-style-for-4740-3-0-0\" ><div\n\t\t\t\n\t\t\tclass=\"so-widget-sow-editor so-widget-sow-editor-base\"\n\t\t\t\n\t\t>\n<div class=\"siteorigin-widget-tinymce textwidget\">\n\t<h2>Le\u00e7on 1<\/h2>\n<\/div>\n<\/div><\/div><\/div><div id=\"panel-4740-3-0-1\" class=\"so-panel widget widget_sow-editor panel-last-child\" data-index=\"3\" ><div\n\t\t\t\n\t\t\tclass=\"so-widget-sow-editor so-widget-sow-editor-base\"\n\t\t\t\n\t\t>\n<div class=\"siteorigin-widget-tinymce textwidget\">\n\t<h1>Il faut toute une communaut\u00e9 pour prendre soin des enfants<\/h1>\n<p>Il incombe aux adultes de la communaut\u00e9 de veiller aux droits des enfants \u00e0 la s\u00e9curit\u00e9 et au bien-\u00eatre, o\u00f9 qu\u2019ils soient. Dans cette le\u00e7on, les enfants rep\u00e8rent des adultes dans leur communaut\u00e9 \u00e0 qui ils peuvent s\u2019adresser pour obtenir de l\u2019aide. On les encourage aussi \u00e0 continuer \u00e0 d\u00e9voiler jusqu\u2019\u00e0 ce qu\u2019ils obtiennent l\u2019aide dont ils ont besoin. La le\u00e7on inclut de l\u2019information contextuelle \u00e0 l\u2019intention des enseignants, des questions de discussion et des activit\u00e9s en classe adapt\u00e9es selon le niveau scolaire, de la pr\u00e9maternelle \u00e0 la 5e ann\u00e9e.<\/p>\n<\/div>\n<\/div><\/div><\/div><div id=\"pgc-4740-3-1\"  class=\"panel-grid-cell\" ><div id=\"panel-4740-3-1-0\" class=\"so-panel widget widget_sow-editor panel-first-child\" data-index=\"4\" ><div\n\t\t\t\n\t\t\tclass=\"so-widget-sow-editor so-widget-sow-editor-base\"\n\t\t\t\n\t\t>\n<div class=\"siteorigin-widget-tinymce textwidget\">\n\t<a class=\"flat-custom-button align-btn-left\" href=\"http:\/\/www.oacas.org\/wp-content\/uploads\/2019\/10\/DPD-Lesson-1-It-Takes-a-Community-October-2019-FR-FINAL.pdf\" title=\"Flat Button\" target=\"_blank\"><span style=\"padding:15px; background-color:transparent; border:0px solid transparent; color:#FFFFFF; font-size:16px;\">Plan de la le\u00e7on<\/span><\/a>\n<\/div>\n<\/div><\/div><div id=\"panel-4740-3-1-1\" class=\"so-panel widget widget_sow-editor\" data-index=\"5\" ><div\n\t\t\t\n\t\t\tclass=\"so-widget-sow-editor so-widget-sow-editor-base\"\n\t\t\t\n\t\t>\n<div class=\"siteorigin-widget-tinymce textwidget\">\n\t<h4 class=\"slide_toggle\"><a href=\"#\">Activit\u00e9s de la le\u00e7on pour la pr\u00e9maternelle \u00e0 la 2<sup>e<\/sup> ann\u00e9e<\/a><\/h4><div class=\"slide_toggle_content\" style=\"display: none;\"><\/p>\n<p><a class=\"flat-custom-button align-btn-left\" href=\"http:\/\/www.oacas.org\/wp-content\/uploads\/2018\/07\/DPD-Lesson-1-Activity-JK-2-July-2018-FR-FINAL.pdf\" title=\"Flat Button\" target=\"_blank\"><span style=\"padding:15px; background-color:transparent; border:0px solid transparent; color:#FFFFFF; font-size:16px;\">Le\u03c2on 1 : Obtenir l\u2019aide dont vous avez besoin<\/span><\/a><\/p>\n<p><a class=\"flat-custom-button align-btn-left\" href=\"http:\/\/www.oacas.org\/wp-content\/uploads\/2018\/07\/DPD-Lesson-1-Supporting-Material-Getting-the-Help-you-Need-Activity-JK-2-July-2018-FR.pdf\" title=\"Flat Button\" target=\"_blank\"><span style=\"padding:15px; background-color:transparent; border:0px solid transparent; color:#FFFFFF; font-size:16px;\">Cartes illustr\u00e9es - Activit\u00e9 Obtenir l\u2019aide dont vous avez besoin<\/span><\/a><\/p>\n<p><\/div>\n<\/div>\n<\/div><\/div><div id=\"panel-4740-3-1-2\" class=\"so-panel widget widget_sow-editor panel-last-child\" data-index=\"6\" ><div\n\t\t\t\n\t\t\tclass=\"so-widget-sow-editor so-widget-sow-editor-base\"\n\t\t\t\n\t\t>\n<div class=\"siteorigin-widget-tinymce textwidget\">\n\t<h4 class=\"slide_toggle\"><a href=\"#\">Activit\u00e9s de la le\u00e7on pour la 3<sup>e<\/sup> \u00e0 la 5<sup>e<\/sup> ann\u00e9e<\/a><\/h4><div class=\"slide_toggle_content\" style=\"display: none;\"><\/p>\n<p><a class=\"flat-custom-button align-btn-left\" href=\"http:\/\/www.oacas.org\/wp-content\/uploads\/2018\/07\/DPD-Lesson-1-Activity-3-5-July-2018-FR-FINAL.pdf\" title=\"Flat Button\" target=\"_blank\"><span style=\"padding:15px; background-color:transparent; border:0px solid transparent; color:#FFFFFF; font-size:16px;\">Le\u03c2on 1 : Obtenir l\u2019aide don\u2019t vous avez besoin<\/span><\/a><\/p>\n<p><a class=\"flat-custom-button align-btn-left\" href=\"http:\/\/www.oacas.org\/wp-content\/uploads\/2018\/07\/DPD-Lesson-1-Activity-Scenarios-3-5-July-2018-FR.pdf\" title=\"Flat Button\" target=\"_blank\"><span style=\"padding:15px; background-color:transparent; border:0px solid transparent; color:#FFFFFF; font-size:16px;\">Obtenir l\u2019aide dont vous avez besoin \u2013 Sc\u00e9narios<\/span><\/a><\/p>\n<p><\/div>\n<\/div>\n<\/div><\/div><\/div><\/div><\/div><div id=\"pg-4740-4\"  class=\"panel-grid panel-has-style\" ><div class=\"panel-row-style panel-row-style-for-4740-4\" ><div id=\"pgc-4740-4-0\"  class=\"panel-grid-cell\" ><div id=\"panel-4740-4-0-0\" class=\"so-panel widget widget_sow-editor panel-first-child\" data-index=\"7\" ><div class=\"panel-widget-style panel-widget-style-for-4740-4-0-0\" ><div\n\t\t\t\n\t\t\tclass=\"so-widget-sow-editor so-widget-sow-editor-base\"\n\t\t\t\n\t\t>\n<div class=\"siteorigin-widget-tinymce textwidget\">\n\t<h2>Le\u00e7on 2<\/h2>\n<\/div>\n<\/div><\/div><\/div><div id=\"panel-4740-4-0-1\" class=\"so-panel widget widget_sow-editor panel-last-child\" data-index=\"8\" ><div\n\t\t\t\n\t\t\tclass=\"so-widget-sow-editor so-widget-sow-editor-base\"\n\t\t\t\n\t\t>\n<div class=\"siteorigin-widget-tinymce textwidget\">\n\t<h1>S\u00e9curit\u00e9 dans la communaut\u00e9<\/h1>\n<p>Le toucher sain est essentiel aux relations humaines, et en cons\u00e9quence, les enfants doivent s\u2019exercer \u00e0 \u00eatre \u00e0 l\u2019\u00e9coute de leurs sentiments relativement au toucher. Dans cette le\u00e7on, les enfants apprendront \u00e0 reconna\u00eetre leur sentiment du genre \u00ab oh-oh! \u00bb et le reconna\u00eetre dans les situations qui comportent un toucher inappropri\u00e9. Ils apprendront aussi qu\u2019il n\u2019y a pas de secret concernant le toucher. La le\u00e7on inclut de l\u2019information contextuelle \u00e0 l\u2019intention des enseignants, des questions de discussion et des activit\u00e9s en classe adapt\u00e9es selon le niveau scolaire, de la pr\u00e9maternelle \u00e0 la 5e ann\u00e9e.<\/p>\n<\/div>\n<\/div><\/div><\/div><div id=\"pgc-4740-4-1\"  class=\"panel-grid-cell\" ><div id=\"panel-4740-4-1-0\" class=\"so-panel widget widget_sow-editor panel-first-child\" data-index=\"9\" ><div\n\t\t\t\n\t\t\tclass=\"so-widget-sow-editor so-widget-sow-editor-base\"\n\t\t\t\n\t\t>\n<div class=\"siteorigin-widget-tinymce textwidget\">\n\t<a class=\"flat-custom-button align-btn-left\" href=\"http:\/\/www.oacas.org\/wp-content\/uploads\/2019\/10\/DPD-Lesson-2-My-Right-to-Safety-October-2019-FR-FINAL.pdf\" title=\"Flat Button\" target=\"_blank\"><span style=\"padding:15px; background-color:transparent; border:0px solid transparent; color:#FFFFFF; font-size:16px;\">Plan de la le\u00e7on<\/span><\/a>\n<\/div>\n<\/div><\/div><div id=\"panel-4740-4-1-1\" class=\"so-panel widget widget_sow-editor\" data-index=\"10\" ><div\n\t\t\t\n\t\t\tclass=\"so-widget-sow-editor so-widget-sow-editor-base\"\n\t\t\t\n\t\t>\n<div class=\"siteorigin-widget-tinymce textwidget\">\n\t<h4 class=\"slide_toggle\"><a href=\"#\">Activit\u00e9s de la le\u00e7on pour la pr\u00e9maternelle \u00e0 la 2<sup>e<\/sup> ann\u00e9e<\/a><\/h4><div class=\"slide_toggle_content\" style=\"display: none;\"><\/p>\n<p><a class=\"flat-custom-button align-btn-left\" href=\"http:\/\/www.oacas.org\/wp-content\/uploads\/2018\/07\/CAPM-Lesson-2-Activity-JK-2-July-2018-FR-FINAL.pdf\" title=\"Flat Button\" target=\"_blank\"><span style=\"padding:15px; background-color:transparent; border:0px solid transparent; color:#FFFFFF; font-size:16px;\">Le\u03c2on 2 : S\u00e9curit\u00e9 dans le village \u2013 Sacs de toucher<\/span><\/a><\/p>\n<p><\/div>\n<\/div>\n<\/div><\/div><div id=\"panel-4740-4-1-2\" class=\"so-panel widget widget_sow-editor panel-last-child\" data-index=\"11\" ><div\n\t\t\t\n\t\t\tclass=\"so-widget-sow-editor so-widget-sow-editor-base\"\n\t\t\t\n\t\t>\n<div class=\"siteorigin-widget-tinymce textwidget\">\n\t<h4 class=\"slide_toggle\"><a href=\"#\">Activit\u00e9s de la le\u00e7on pour la 3<sup>e<\/sup> \u00e0 la 5<sup>e<\/sup> ann\u00e9e<\/a><\/h4><div class=\"slide_toggle_content\" style=\"display: none;\"><\/p>\n<p><a class=\"flat-custom-button align-btn-left\" href=\"http:\/\/www.oacas.org\/wp-content\/uploads\/2018\/07\/CAPM-Lesson-2-Activity-3-5-July-2018-FR-FINAL.pdf\" title=\"Flat Button\" target=\"_blank\"><span style=\"padding:15px; background-color:transparent; border:0px solid transparent; color:#FFFFFF; font-size:16px;\">Le\u03c2on 2 : S\u00e9curit\u00e9 dans le village \u2013 Sketchs de toucher<\/span><\/a><\/p>\n<p><\/div>\n<\/div>\n<\/div><\/div><\/div><\/div><\/div><div id=\"pg-4740-5\"  class=\"panel-grid panel-has-style\" ><div class=\"panel-row-style panel-row-style-for-4740-5\" ><div id=\"pgc-4740-5-0\"  class=\"panel-grid-cell\" ><div id=\"panel-4740-5-0-0\" class=\"so-panel widget widget_sow-editor panel-first-child\" data-index=\"12\" ><div class=\"panel-widget-style panel-widget-style-for-4740-5-0-0\" ><div\n\t\t\t\n\t\t\tclass=\"so-widget-sow-editor so-widget-sow-editor-base\"\n\t\t\t\n\t\t>\n<div class=\"siteorigin-widget-tinymce textwidget\">\n\t<h2>Le\u00e7on 3<\/h2>\n<\/div>\n<\/div><\/div><\/div><div id=\"panel-4740-5-0-1\" class=\"so-panel widget widget_sow-editor panel-last-child\" data-index=\"13\" ><div\n\t\t\t\n\t\t\tclass=\"so-widget-sow-editor so-widget-sow-editor-base\"\n\t\t\t\n\t\t>\n<div class=\"siteorigin-widget-tinymce textwidget\">\n\t<h1>Mieux-\u00eatre dans la communaut\u00e9<\/h1>\n<p>Le communaut\u00e9 est aussi responsable d\u2019assurer leur mieux-\u00eatre des enfants. Dans cette le\u00e7on, les enfants apprennent qu\u2019ils ont des besoins physiques, \u00e9motionnels, sociaux et cognitifs. Ils apprendront aussi comment rep\u00e9rer des adultes dans la communaut\u00e9 qui peuvent les aider si ces besoins ne sont pas satisfaits. La le\u00e7on inclut de l\u2019information contextuelle \u00e0 l\u2019intention des enseignants, des questions de discussion et des activit\u00e9s en classe adapt\u00e9es selon le niveau scolaire, de la pr\u00e9maternelle \u00e0 la 5e ann\u00e9e.<\/p>\n<\/div>\n<\/div><\/div><\/div><div id=\"pgc-4740-5-1\"  class=\"panel-grid-cell\" ><div id=\"panel-4740-5-1-0\" class=\"so-panel widget widget_sow-editor panel-first-child\" data-index=\"14\" ><div\n\t\t\t\n\t\t\tclass=\"so-widget-sow-editor so-widget-sow-editor-base\"\n\t\t\t\n\t\t>\n<div class=\"siteorigin-widget-tinymce textwidget\">\n\t<a class=\"flat-custom-button align-btn-left\" href=\"http:\/\/www.oacas.org\/wp-content\/uploads\/2019\/09\/DPD-Lesson-3-Well-being-in-the-Community-August-2019-FR-FINAL.pdf\" title=\"Flat Button\" target=\"_blank\"><span style=\"padding:15px; background-color:transparent; border:0px solid transparent; color:#FFFFFF; font-size:16px;\">Plan de la le\u00e7on<\/span><\/a>\n<\/div>\n<\/div><\/div><div id=\"panel-4740-5-1-1\" class=\"so-panel widget widget_sow-editor\" data-index=\"15\" ><div\n\t\t\t\n\t\t\tclass=\"so-widget-sow-editor so-widget-sow-editor-base\"\n\t\t\t\n\t\t>\n<div class=\"siteorigin-widget-tinymce textwidget\">\n\t<h4 class=\"slide_toggle\"><a href=\"#\">Activit\u00e9s de la le\u00e7on pour la pr\u00e9maternelle \u00e0 la 2<sup>e<\/sup> ann\u00e9e<\/a><\/h4><div class=\"slide_toggle_content\" style=\"display: none;\"><\/p>\n<p><a class=\"flat-custom-button align-btn-left\" href=\"http:\/\/www.oacas.org\/wp-content\/uploads\/2019\/07\/2019-changesDPD-Lesson-3-Activity-JK-2-Well-being-in-the-Village-July-2018-FR-FINAL.pdf\" title=\"Flat Button\" target=\"_blank\"><span style=\"padding:15px; background-color:transparent; border:0px solid transparent; color:#FFFFFF; font-size:16px;\">Le\u03c2on 3 : Cercles du mieux-\u00eatre<\/span><\/a><\/p>\n<p><a class=\"flat-custom-button align-btn-left\" href=\"http:\/\/www.oacas.org\/wp-content\/uploads\/2019\/07\/2019-changesDPD-Lesson-3-Activity-JK-2-Well-being-in-the-Village-July-2018-FR-FINAL.pdf\" title=\"Flat Button\" target=\"_blank\"><span style=\"padding:15px; background-color:transparent; border:0px solid transparent; color:#FFFFFF; font-size:16px;\">Activit\u00e9 : Cercles du mieux-\u00eatre<\/span><\/a><\/p>\n<p><\/div>\n<\/div>\n<\/div><\/div><div id=\"panel-4740-5-1-2\" class=\"so-panel widget widget_sow-editor panel-last-child\" data-index=\"16\" ><div\n\t\t\t\n\t\t\tclass=\"so-widget-sow-editor so-widget-sow-editor-base\"\n\t\t\t\n\t\t>\n<div class=\"siteorigin-widget-tinymce textwidget\">\n\t<h4 class=\"slide_toggle\"><a href=\"#\">Activit\u00e9s de la le\u00e7on pour la 3<sup>e<\/sup> \u00e0 la 5<sup>e<\/sup> ann\u00e9e<\/a><\/h4><div class=\"slide_toggle_content\" style=\"display: none;\"><\/p>\n<p><a class=\"flat-custom-button align-btn-left\" href=\"http:\/\/www.oacas.org\/wp-content\/uploads\/2018\/07\/DPD-Lesson-3-Activity-3-5-Well-being-in-the-Village-July-2019-FR-FINAL.pdf\" title=\"Flat Button\" target=\"_blank\"><span style=\"padding:15px; background-color:transparent; border:0px solid transparent; color:#FFFFFF; font-size:16px;\">Le\u03c2on 3 : Cercles ou silhouettes du mieux-\u00eatre<\/span><\/a><\/p>\n<p><a class=\"flat-custom-button align-btn-left\" href=\"http:\/\/www.oacas.org\/wp-content\/uploads\/2019\/07\/2019-changesDPD-Lesson-3-Activity-3-5-Well-being-in-the-Community-July-2018-FR-FINAL.pdf\" title=\"Flat Button\" target=\"_blank\"><span style=\"padding:15px; background-color:transparent; border:0px solid transparent; color:#FFFFFF; font-size:16px;\">Activit\u00e9 : Cercles du mieux-\u00eatre<\/span><\/a><\/p>\n<p><\/div>\n<\/div>\n<\/div><\/div><\/div><\/div><\/div><div id=\"pg-4740-6\"  class=\"panel-grid panel-has-style\" ><div class=\"panel-row-style panel-row-style-for-4740-6\" ><div id=\"pgc-4740-6-0\"  class=\"panel-grid-cell\" ><div id=\"panel-4740-6-0-0\" class=\"so-panel widget widget_sow-editor panel-first-child\" data-index=\"17\" ><div class=\"panel-widget-style panel-widget-style-for-4740-6-0-0\" ><div\n\t\t\t\n\t\t\tclass=\"so-widget-sow-editor so-widget-sow-editor-base\"\n\t\t\t\n\t\t>\n<div class=\"siteorigin-widget-tinymce textwidget\">\n\t<h2>Le\u00e7on 4<\/h2>\n<\/div>\n<\/div><\/div><\/div><div id=\"panel-4740-6-0-1\" class=\"so-panel widget widget_sow-editor panel-last-child\" data-index=\"18\" ><div\n\t\t\t\n\t\t\tclass=\"so-widget-sow-editor so-widget-sow-editor-base\"\n\t\t\t\n\t\t>\n<div class=\"siteorigin-widget-tinymce textwidget\">\n\t<h1><strong>Journ\u00e9e Passez au mauve de l\u2019Ontario \u2013 #JEBRISElesilence<\/strong><\/h1>\n<p>\u00c0 l\u2019occasion de la Journ\u00e9e Passez au mauve en Ontario, les enfants se joignent aux collectivit\u00e9s de la province pour d\u00e9fendre leurs droits en mati\u00e8re de s\u00e9curit\u00e9 et de bien-\u00eatre, et expliquer qu\u2019il faut une communaut\u00e9 pour prendre soin des enfants. Cette le\u00e7on engage les enfants dans des activit\u00e9s amusantes pour concr\u00e9tiser ce message. Elle passe en revue les th\u00e8mes cl\u00e9s pr\u00e9sent\u00e9s dans les le\u00e7ons pr\u00e9c\u00e9dentes. La le\u00e7on inclut de l\u2019information contextuelle \u00e0 l\u2019intention des enseignants, des questions de discussion et des activit\u00e9s en classe adapt\u00e9es selon le niveau scolaire, de la pr\u00e9maternelle \u00e0 la 5e ann\u00e9e.<\/p>\n<\/div>\n<\/div><\/div><\/div><div id=\"pgc-4740-6-1\"  class=\"panel-grid-cell\" ><div id=\"panel-4740-6-1-0\" class=\"so-panel widget widget_sow-editor panel-first-child\" data-index=\"19\" ><div\n\t\t\t\n\t\t\tclass=\"so-widget-sow-editor so-widget-sow-editor-base\"\n\t\t\t\n\t\t>\n<div class=\"siteorigin-widget-tinymce textwidget\">\n\t<a class=\"flat-custom-button align-btn-left\" href=\"http:\/\/www.oacas.org\/wp-content\/uploads\/2019\/09\/DPD-Lesson-4-Dress-Purple-Day-August-2019-FR-FINAL.pdf\" title=\"Flat Button\" target=\"_blank\"><span style=\"padding:15px; background-color:transparent; border:0px solid transparent; color:#FFFFFF; font-size:16px;\">Plan de la le\u00e7on<\/span><\/a>\n<\/div>\n<\/div><\/div><div id=\"panel-4740-6-1-1\" class=\"so-panel widget widget_sow-editor\" data-index=\"20\" ><div\n\t\t\t\n\t\t\tclass=\"so-widget-sow-editor so-widget-sow-editor-base\"\n\t\t\t\n\t\t>\n<div class=\"siteorigin-widget-tinymce textwidget\">\n\t<h4 class=\"slide_toggle\"><a href=\"#\">Activit\u00e9s de la le\u00e7on pour la pr\u00e9maternelle \u00e0 la 2<sup>e<\/sup> ann\u00e9e<\/a><\/h4><div class=\"slide_toggle_content\" style=\"display: none;\"><\/p>\n<p><a class=\"flat-custom-button align-btn-left\" href=\"http:\/\/www.oacas.org\/wp-content\/uploads\/2018\/07\/DPD-Lesson-4-Activity-JK-2-Dress-Purple-Day-July-2018-FR-FINAL.pdf\" title=\"Flat Button\" target=\"_blank\"><span style=\"padding:15px; background-color:transparent; border:0px solid transparent; color:#FFFFFF; font-size:16px;\">Le\u03c2on 4 : Mains tendues, Briser le silence et demander de l\u2019aide<\/span><\/a><\/p>\n<p><a class=\"flat-custom-button align-btn-left\" href=\"http:\/\/www.oacas.org\/wp-content\/uploads\/2018\/07\/DPD-Lesson-4-Helping-Hand-Activity-JK-2-July-2018-FR.pdf\" title=\"Flat Button\" target=\"_blank\"><span style=\"padding:15px; background-color:transparent; border:0px solid transparent; color:#FFFFFF; font-size:16px;\">Activit\u00e9 : Mains tendues<\/span><\/a><\/p>\n<p><\/div>\n<\/div>\n<\/div><\/div><div id=\"panel-4740-6-1-2\" class=\"so-panel widget widget_sow-editor panel-last-child\" data-index=\"21\" ><div\n\t\t\t\n\t\t\tclass=\"so-widget-sow-editor so-widget-sow-editor-base\"\n\t\t\t\n\t\t>\n<div class=\"siteorigin-widget-tinymce textwidget\">\n\t<h4 class=\"slide_toggle\"><a href=\"#\">Activit\u00e9s de la le\u00e7on pour la 3<sup>e<\/sup> \u00e0 la 5<sup>e<\/sup> ann\u00e9e<\/a><\/h4><div class=\"slide_toggle_content\" style=\"display: none;\"><\/p>\n<p><a class=\"flat-custom-button align-btn-left\" href=\"http:\/\/www.oacas.org\/wp-content\/uploads\/2018\/07\/DPD-Lesson-4-Activity-3-5-Dress-Purple-Day-July-2018-FR-FINAL.pdf\" title=\"Flat Button\" target=\"_blank\"><span style=\"padding:15px; background-color:transparent; border:0px solid transparent; color:#FFFFFF; font-size:16px;\">Le\u03c2on 4 : Activit\u00e9s de la Journ\u00e9e Passez au mauve<\/span><\/a><\/p>\n<p><a class=\"flat-custom-button align-btn-left\" href=\"http:\/\/www.oacas.org\/wp-content\/uploads\/2018\/07\/DPD-Lesson-4-Helping-Hand-Activity-3-5-July-2018-FR.pdf\" title=\"Flat Button\" target=\"_blank\"><span style=\"padding:15px; background-color:transparent; border:0px solid transparent; color:#FFFFFF; font-size:16px;\">Activit\u00e9 : Mains tendues<\/span><\/a><\/p>\n<p><\/div>\n<\/div>\n<\/div><\/div><\/div><\/div><\/div><div id=\"pg-4740-7\"  class=\"panel-grid panel-has-style\" ><div class=\"panel-row-style panel-row-style-for-4740-7\" ><div id=\"pgc-4740-7-0\"  class=\"panel-grid-cell\" ><div id=\"panel-4740-7-0-0\" class=\"so-panel widget widget_sow-editor panel-first-child panel-last-child\" data-index=\"22\" ><div\n\t\t\t\n\t\t\tclass=\"so-widget-sow-editor so-widget-sow-editor-base\"\n\t\t\t\n\t\t>\n<div class=\"siteorigin-widget-tinymce textwidget\">\n\t<p><img decoding=\"async\" class=\"alignnone size-full wp-image-4776\" src=\"http:\/\/www.oacas.org\/wp-content\/uploads\/2018\/07\/dress-purple-footer-logos-FR-windsor.png\" alt=\"\" width=\"432\" height=\"42\" srcset=\"https:\/\/www.oacas.org\/wp-content\/uploads\/2018\/07\/dress-purple-footer-logos-FR-windsor.png 432w, https:\/\/www.oacas.org\/wp-content\/uploads\/2018\/07\/dress-purple-footer-logos-FR-windsor-300x29.png 300w\" sizes=\"(max-width: 432px) 100vw, 432px\" \/>\u00a0<span style=\"font-size: 12px;\">\u00a9 Boost Child &amp; Youth Advocacy Centre. Utilisation sous licence. Tous droits r\u00e9serv\u00e9s.<\/span><\/p>\n<\/div>\n<\/div><\/div><\/div><\/div><\/div><\/div>","protected":false},"excerpt":{"rendered":"","protected":false},"author":21,"featured_media":0,"parent":10925,"menu_order":0,"comment_status":"closed","ping_status":"closed","template":"page-FullWidth.php","meta":{"footnotes":"","_links_to":"","_links_to_target":""},"class_list":["post-4740","page","type-page","status-publish","hentry"],"_links":{"self":[{"href":"https:\/\/www.oacas.org\/fr\/wp-json\/wp\/v2\/pages\/4740","targetHints":{"allow":["GET"]}}],"collection":[{"href":"https:\/\/www.oacas.org\/fr\/wp-json\/wp\/v2\/pages"}],"about":[{"href":"https:\/\/www.oacas.org\/fr\/wp-json\/wp\/v2\/types\/page"}],"author":[{"embeddable":true,"href":"https:\/\/www.oacas.org\/fr\/wp-json\/wp\/v2\/users\/21"}],"replies":[{"embeddable":true,"href":"https:\/\/www.oacas.org\/fr\/wp-json\/wp\/v2\/comments?post=4740"}],"version-history":[{"count":0,"href":"https:\/\/www.oacas.org\/fr\/wp-json\/wp\/v2\/pages\/4740\/revisions"}],"up":[{"embeddable":true,"href":"https:\/\/www.oacas.org\/fr\/wp-json\/wp\/v2\/pages\/10925"}],"wp:attachment":[{"href":"https:\/\/www.oacas.org\/fr\/wp-json\/wp\/v2\/media?parent=4740"}],"curies":[{"name":"wp","href":"https:\/\/api.w.org\/{rel}","templated":true}]}}