{"id":451,"date":"2015-04-20T12:18:53","date_gmt":"2015-04-20T16:18:53","guid":{"rendered":"http:\/\/www.oacas.org\/?page_id=451"},"modified":"2016-03-31T19:26:08","modified_gmt":"2016-03-31T23:26:08","slug":"quelles-sont-les-autres-utilisations-des-donnees-en-bien-etre-de-lenfance","status":"publish","type":"page","link":"https:\/\/www.oacas.org\/fr\/data-results\/quelles-sont-les-autres-utilisations-des-donnees-en-bien-etre-de-lenfance\/","title":{"rendered":"Quelles sont les autres utilisations des donn\u00e9es en bien-\u00eatre de l\u2019enfance?"},"content":{"rendered":"<div class=\"two_third\">\n<h2>Effectuer les \u00e9valuations de programmes, influencer les politiques et \u00e9clairer les strat\u00e9gies de repr\u00e9sentation<\/h2>\n<p>Voici certains exemples de donn\u00e9es des services de l\u2019Ontario qui sont disponibles au public :<\/p>\n<p><strong>Le projet S\u2019occuper des enfants en Ontario (SOCENOn)\u00a0:<\/strong><\/p>\n<p>Les SAE fournissent des donn\u00e9es \u00e0 la base de donn\u00e9es de SOCENOn, h\u00e9berg\u00e9e \u00e0 l\u2019Universit\u00e9 d\u2019Ottawa, depuis 2000. Les donn\u00e9es proviennent de l\u2019\u00e9valuation d\u00e9taill\u00e9e que les intervenants des SAE remplissent pour chaque enfant pris en charge depuis plus d&rsquo;un an et portent sur la sant\u00e9, l\u2019\u00e9ducation, l\u2019identit\u00e9, les relations familiales et sociales, la pr\u00e9sentation en soci\u00e9t\u00e9, le d\u00e9veloppement affectif et comportemental ainsi que les aptitudes en soins personnels. Les SAE utilisent ces donn\u00e9es pour \u00e9clairer les strat\u00e9gies d\u2019am\u00e9lioration. <a title=\"ONLAC reports\" href=\"http:\/\/www.oacas.org\/wp-content\/uploads\/2015\/04\/OnLAC-Ontario-Year-13-Provincial.pdf\">Cliquer ici<\/a> pour consulter les rapports sommaires de SOCENOn de 2010 \u00e0 2013.<\/p>\n<p><strong>Ontario Incidence Study of Reported Child Abuse and Neglect (OIS)\u00a0:<\/strong><\/p>\n<p><em>La Factor-Inwentash Faculty of Social Work<\/em> de l\u2019universit\u00e9 de Toronto m\u00e8ne <em>l\u2019Ontario Incidence Study<\/em> aux cinq ans. Cette \u00e9tude examine les incidences des mauvais traitements corrobor\u00e9s aux SAE. Quatre cycles de l\u2019\u00e9tude ont \u00e9t\u00e9 r\u00e9alis\u00e9s en 1993, 1998, 2003 et 2008. On peut acc\u00e9der \u00e0 ces \u00e9tudes par l\u2019entremise du <a title=\"Portail canadien de la recherche en protection de l\u2019enfance\" href=\"http:\/\/cwrp.ca\/fr\/home\" target=\"_blank\"><em>Portail canadien de la recherche en protection de l\u2019enfance<\/em><\/a>, qui offre l\u2019acc\u00e8s \u00e0 des recherches r\u00e9centes sur les programmes canadiens de bien-\u00eatre de l\u2019enfance.<\/p>\n<\/div> <div class=\"one_third last_column\">\n<div class=\"sidebar-info\">\n<a href=\"https:\/\/www.oacas.org\/fr\/data-results\/ressources-sur-les-indicateurs-de-rendement\/\" rel=\"attachment wp-att-2407\"><img fetchpriority=\"high\" decoding=\"async\" class=\"alignnone wp-image-2407\" src=\"http:\/\/www.oacas.org\/wp-content\/uploads\/2016\/03\/shutterstock_125813489.jpg\" alt=\"book shelf\" width=\"226\" height=\"339\" srcset=\"https:\/\/www.oacas.org\/wp-content\/uploads\/2016\/03\/shutterstock_125813489.jpg 1731w, https:\/\/www.oacas.org\/wp-content\/uploads\/2016\/03\/shutterstock_125813489-200x300.jpg 200w, https:\/\/www.oacas.org\/wp-content\/uploads\/2016\/03\/shutterstock_125813489-768x1154.jpg 768w, https:\/\/www.oacas.org\/wp-content\/uploads\/2016\/03\/shutterstock_125813489-682x1024.jpg 682w\" sizes=\"(max-width: 226px) 100vw, 226px\" \/><\/a><\/p>\n<h4>Recueillir des donn\u00e9es pour am\u00e9liorer les services<\/h4>\n<p>Ces donn\u00e9es ont \u00e9t\u00e9 utilis\u00e9es pour effectuer les \u00e9valuations de programmes, influencer les politiques et \u00e9clairer les strat\u00e9gies de repr\u00e9sentation.<\/p>\n<\/div>\n<\/div>\n","protected":false},"excerpt":{"rendered":"","protected":false},"author":9,"featured_media":0,"parent":424,"menu_order":0,"comment_status":"open","ping_status":"open","template":"page-PageTemplate8.php","meta":{"footnotes":"","_links_to":"","_links_to_target":""},"class_list":["post-451","page","type-page","status-publish","hentry"],"_links":{"self":[{"href":"https:\/\/www.oacas.org\/fr\/wp-json\/wp\/v2\/pages\/451","targetHints":{"allow":["GET"]}}],"collection":[{"href":"https:\/\/www.oacas.org\/fr\/wp-json\/wp\/v2\/pages"}],"about":[{"href":"https:\/\/www.oacas.org\/fr\/wp-json\/wp\/v2\/types\/page"}],"author":[{"embeddable":true,"href":"https:\/\/www.oacas.org\/fr\/wp-json\/wp\/v2\/users\/9"}],"replies":[{"embeddable":true,"href":"https:\/\/www.oacas.org\/fr\/wp-json\/wp\/v2\/comments?post=451"}],"version-history":[{"count":0,"href":"https:\/\/www.oacas.org\/fr\/wp-json\/wp\/v2\/pages\/451\/revisions"}],"up":[{"embeddable":true,"href":"https:\/\/www.oacas.org\/fr\/wp-json\/wp\/v2\/pages\/424"}],"wp:attachment":[{"href":"https:\/\/www.oacas.org\/fr\/wp-json\/wp\/v2\/media?parent=451"}],"curies":[{"name":"wp","href":"https:\/\/api.w.org\/{rel}","templated":true}]}}