{"id":448,"date":"2015-04-20T12:17:00","date_gmt":"2015-04-20T16:17:00","guid":{"rendered":"http:\/\/www.oacas.org\/?page_id=448"},"modified":"2016-03-29T16:32:43","modified_gmt":"2016-03-29T20:32:43","slug":"quentend-on-par-indicateurs-de-rendement","status":"publish","type":"page","link":"https:\/\/www.oacas.org\/fr\/data-results\/quentend-on-par-indicateurs-de-rendement\/","title":{"rendered":"Qu\u2019entend-on par indicateurs de rendement?"},"content":{"rendered":"<div class=\"two_third\">\n<h2>Ils constituent un outil servant \u00e0 aider le bien-\u00eatre de l\u2019enfance \u00e0 viser de meilleurs r\u00e9sultats pour les enfants et les familles qui sont servis.<\/h2>\n<p>Par d\u00e9finition, les indicateurs de rendement peuvent \u00eatre des r\u00e9sultats descriptifs et num\u00e9riques qui mesurent le rendement d\u2019un service important. Ils peuvent aussi mesurer l\u2019efficacit\u00e9, l\u2019efficience, l\u2019optimisation et la satisfaction des clients. Par exemple, les indicateurs de rendement num\u00e9riques peuvent mesurer des produits comme : la mesure dans laquelle un service a \u00e9t\u00e9 offert, le pourcentage de groupes d\u2019\u00e2ge, la proportion de facteurs pr\u00e9cis ou le co\u00fbt des interventions.<\/p>\n<p>Dans le syst\u00e8me provincial d\u2019indicateurs de rendement, les SAE recueillent des donn\u00e9es num\u00e9riques pour mesurer le rendement dans cinq aspects du bien-\u00eatre de l\u2019enfance : s\u00e9curit\u00e9, permanence, mieux-\u00eatre, capacit\u00e9 organisationnelle et efficacit\u00e9 de la gouvernance.<\/p>\n<p>Depuis mars 2015, le MSEJ a rendu publics cinq indicateurs de rendement des SAE. Ces indicateurs de rendement mettent l\u2019accent sur la s\u00e9curit\u00e9, la permanence et le mieux-\u00eatre.<\/p>\n<\/div> <div class=\"one_third last_column\">\n<img fetchpriority=\"high\" decoding=\"async\" class=\"alignnone size-full wp-image-502\" title=\"deux enfants jouant dehors\" src=\"http:\/\/www.oacas.org\/wp-content\/uploads\/2015\/04\/two-children-exploring-outside.jpg\" alt=\"deux enfants jouant dehors\" width=\"300\" height=\"300\" \/>\n<div class=\"sidebar-info\">\n<h4>Mesure des r\u00e9sultats<\/h4>\n<p>Les indicateurs de rendement actuels mettent l\u2019accent sur la s\u00e9curit\u00e9, la permanence et le mieux-\u00eatre.<\/p>\n<\/div>\n<\/div>\n","protected":false},"excerpt":{"rendered":"","protected":false},"author":9,"featured_media":0,"parent":424,"menu_order":0,"comment_status":"open","ping_status":"open","template":"page-PageTemplate8.php","meta":{"footnotes":"","_links_to":"","_links_to_target":""},"class_list":["post-448","page","type-page","status-publish","hentry"],"_links":{"self":[{"href":"https:\/\/www.oacas.org\/fr\/wp-json\/wp\/v2\/pages\/448","targetHints":{"allow":["GET"]}}],"collection":[{"href":"https:\/\/www.oacas.org\/fr\/wp-json\/wp\/v2\/pages"}],"about":[{"href":"https:\/\/www.oacas.org\/fr\/wp-json\/wp\/v2\/types\/page"}],"author":[{"embeddable":true,"href":"https:\/\/www.oacas.org\/fr\/wp-json\/wp\/v2\/users\/9"}],"replies":[{"embeddable":true,"href":"https:\/\/www.oacas.org\/fr\/wp-json\/wp\/v2\/comments?post=448"}],"version-history":[{"count":0,"href":"https:\/\/www.oacas.org\/fr\/wp-json\/wp\/v2\/pages\/448\/revisions"}],"up":[{"embeddable":true,"href":"https:\/\/www.oacas.org\/fr\/wp-json\/wp\/v2\/pages\/424"}],"wp:attachment":[{"href":"https:\/\/www.oacas.org\/fr\/wp-json\/wp\/v2\/media?parent=448"}],"curies":[{"name":"wp","href":"https:\/\/api.w.org\/{rel}","templated":true}]}}