{"id":437,"date":"2015-03-09T21:17:16","date_gmt":"2015-03-10T01:17:16","guid":{"rendered":"http:\/\/www.oacas.org\/?page_id=437"},"modified":"2021-11-15T21:42:56","modified_gmt":"2021-11-16T02:42:56","slug":"tendances-des-indicateurs-de-rendement","status":"publish","type":"page","link":"https:\/\/www.oacas.org\/fr\/data-results\/tendances-des-indicateurs-de-rendement\/","title":{"rendered":"Tendances des indicateurs de rendement"},"content":{"rendered":"<div id=\"pl-437\"  class=\"panel-layout\" ><div id=\"pg-437-0\"  class=\"panel-grid panel-no-style\" ><div id=\"pgc-437-0-0\"  class=\"panel-grid-cell\" ><div id=\"panel-437-0-0-0\" class=\"so-panel widget widget_sow-editor panel-first-child panel-last-child\" data-index=\"0\" ><div\n\t\t\t\n\t\t\tclass=\"so-widget-sow-editor so-widget-sow-editor-base\"\n\t\t\t\n\t\t>\n<div class=\"siteorigin-widget-tinymce textwidget\">\n\t<p><span style=\"font-size: 1.25rem; display: block;\">De meilleures donn\u00e9es m\u00e8nent \u00e0 de meilleurs r\u00e9sultats pour les enfants, les jeunes et les familles. Les graphiques suivants indiquent une tendance sur la p\u00e9riode de 2010-2011 \u00e0 2017-2018 pour cinq indicateurs de rendement des services dont les donn\u00e9es ont \u00e9t\u00e9 recueillies gr\u00e2ce aux soci\u00e9t\u00e9s d\u2019aide \u00e0 l\u2019enfance (SAE).<\/span><\/p>\n<\/div>\n<\/div><\/div><\/div><\/div><div id=\"pg-437-1\"  class=\"panel-grid panel-no-style\" ><div id=\"pgc-437-1-0\"  class=\"panel-grid-cell\" ><div id=\"panel-437-1-0-0\" class=\"so-panel widget widget_sow-editor panel-first-child panel-last-child\" data-index=\"1\" ><div\n\t\t\t\n\t\t\tclass=\"so-widget-sow-editor so-widget-sow-editor-base\"\n\t\t\t\n\t\t>\n<div class=\"siteorigin-widget-tinymce textwidget\">\n\t<h1>S\u00e9curit\u00e9<\/h1>\n<\/div>\n<\/div><\/div><\/div><\/div><div id=\"pg-437-2\"  class=\"panel-grid panel-no-style\" ><div id=\"pgc-437-2-0\"  class=\"panel-grid-cell\" ><div id=\"panel-437-2-0-0\" class=\"so-panel widget widget_sow-editor panel-first-child panel-last-child\" data-index=\"2\" ><div\n\t\t\t\n\t\t\tclass=\"so-widget-sow-editor so-widget-sow-editor-base\"\n\t\t\t\n\t\t>\n<div class=\"siteorigin-widget-tinymce textwidget\">\n\t<p><img fetchpriority=\"high\" fetchpriority=\"high\" decoding=\"async\" class=\"alignnone size-full wp-image-10359\" src=\"http:\/\/www.oacas.org\/wp-content\/uploads\/2021\/11\/SPI-4-Visual-Recurrence-of-CP-Concerns-FR.jpg\" alt=\"\" width=\"698\" height=\"260\" \/><\/p>\n<p><a href=\"http:\/\/www.oacas.org\/wp-content\/uploads\/2021\/11\/Provincial-Performance-Indicators-SPI-04-Recurrence-of-CP-Concern-after-Investigation-FR-VERFIN2021.pdf\">Voir le sommaire d\u00e9taill\u00e9 d\u2019une page<\/a><\/p>\n<\/div>\n<\/div><\/div><\/div><div id=\"pgc-437-2-1\"  class=\"panel-grid-cell\" ><div id=\"panel-437-2-1-0\" class=\"so-panel widget widget_sow-editor panel-first-child panel-last-child\" data-index=\"3\" ><div\n\t\t\t\n\t\t\tclass=\"so-widget-sow-editor so-widget-sow-editor-base\"\n\t\t\t\n\t\t>\n<div class=\"siteorigin-widget-tinymce textwidget\">\n\t<p>Le pourcentage de dossiers familiaux ferm\u00e9s au stade d\u2019enqu\u00eate au cours de l\u2019exercice, qui ont fait l\u2019objet d\u2019une nouvelle enqu\u00eate dans les 12 mois suivant la fermeture et dans lesquels des pr\u00e9occupations relatives \u00e0 la protection de l\u2019enfance ont \u00e9t\u00e9 confirm\u00e9es.<\/p>\n<\/div>\n<\/div><\/div><\/div><\/div><div id=\"pg-437-3\"  class=\"panel-grid panel-no-style\" ><div id=\"pgc-437-3-0\"  class=\"panel-grid-cell\" ><div id=\"panel-437-3-0-0\" class=\"so-panel widget widget_sow-editor panel-first-child panel-last-child\" data-index=\"4\" ><div\n\t\t\t\n\t\t\tclass=\"so-widget-sow-editor so-widget-sow-editor-base\"\n\t\t\t\n\t\t>\n<div class=\"siteorigin-widget-tinymce textwidget\">\n\t<p><img decoding=\"async\" class=\"alignnone size-full wp-image-10361\" src=\"http:\/\/www.oacas.org\/wp-content\/uploads\/2021\/11\/SPI-5-Visual-Recurrence-of-CP-Concerns-After-Ongoing-FR.jpg\" alt=\"\" width=\"690\" height=\"294\" \/><\/p>\n<p><a href=\"http:\/\/www.oacas.org\/wp-content\/uploads\/2021\/11\/Provincial-Performance-Indicators-SPI-05-Recurrence-of-CP-Concern-after-Ongoing-FR-VERFIN2021.pdf\">Voir le sommaire d\u00e9taill\u00e9 d\u2019une page<\/a><\/p>\n<\/div>\n<\/div><\/div><\/div><div id=\"pgc-437-3-1\"  class=\"panel-grid-cell\" ><div id=\"panel-437-3-1-0\" class=\"so-panel widget widget_sow-editor panel-first-child panel-last-child\" data-index=\"5\" ><div\n\t\t\t\n\t\t\tclass=\"so-widget-sow-editor so-widget-sow-editor-base\"\n\t\t\t\n\t\t>\n<div class=\"siteorigin-widget-tinymce textwidget\">\n\t<p>Le pourcentage de dossiers familiaux ferm\u00e9s au stade de protection continue au cours de l\u2019exercice, qui ont fait l\u2019objet d\u2019une nouvelle enqu\u00eate dans les 12 mois suivant la fermeture et dans lesquels des pr\u00e9occupations relatives \u00e0 la protection de l\u2019enfance ont \u00e9t\u00e9 confirm\u00e9es.<\/p>\n<\/div>\n<\/div><\/div><\/div><\/div><div id=\"pg-437-4\"  class=\"panel-grid panel-no-style\" ><div id=\"pgc-437-4-0\"  class=\"panel-grid-cell\" ><div id=\"panel-437-4-0-0\" class=\"so-panel widget widget_sow-editor panel-first-child panel-last-child\" data-index=\"6\" ><div\n\t\t\t\n\t\t\tclass=\"so-widget-sow-editor so-widget-sow-editor-base\"\n\t\t\t\n\t\t>\n<div class=\"siteorigin-widget-tinymce textwidget\">\n\t<h1>Permanence<\/h1>\n<\/div>\n<\/div><\/div><\/div><\/div><div id=\"pg-437-5\"  class=\"panel-grid panel-no-style\" ><div id=\"pgc-437-5-0\"  class=\"panel-grid-cell\" ><div id=\"panel-437-5-0-0\" class=\"so-panel widget widget_sow-editor panel-first-child panel-last-child\" data-index=\"7\" ><div\n\t\t\t\n\t\t\tclass=\"so-widget-sow-editor so-widget-sow-editor-base\"\n\t\t\t\n\t\t>\n<div class=\"siteorigin-widget-tinymce textwidget\">\n\t<p><img decoding=\"async\" class=\"alignnone size-full wp-image-10363\" src=\"http:\/\/www.oacas.org\/wp-content\/uploads\/2021\/11\/SPI-9-Visual-Days-of-Care-by-Placement-Type-FR.jpg\" alt=\"\" width=\"680\" height=\"284\" \/><\/p>\n<p><a href=\"http:\/\/www.oacas.org\/wp-content\/uploads\/2021\/11\/Provincial-Performance-Indicators-SPI-09-Days-of-Care-by-Placement-Type-FR-VERFIN2021.pdf\">Voir le sommaire d\u00e9taill\u00e9 d\u2019une page<\/a><\/p>\n<\/div>\n<\/div><\/div><\/div><div id=\"pgc-437-5-1\"  class=\"panel-grid-cell\" ><div id=\"panel-437-5-1-0\" class=\"so-panel widget widget_sow-editor panel-first-child panel-last-child\" data-index=\"8\" ><div\n\t\t\t\n\t\t\tclass=\"so-widget-sow-editor so-widget-sow-editor-base\"\n\t\t\t\n\t\t>\n<div class=\"siteorigin-widget-tinymce textwidget\">\n\t<p>Pour tous les enfants pris en charge par une SAE, les jours de placement fournis au cours de l\u2019exercice, par type de placement (c.\u2010\u00e0\u2010d. placement familial vs placement non familial).<\/p>\n<\/div>\n<\/div><\/div><\/div><\/div><div id=\"pg-437-6\"  class=\"panel-grid panel-no-style\" ><div id=\"pgc-437-6-0\"  class=\"panel-grid-cell\" ><div id=\"panel-437-6-0-0\" class=\"so-panel widget widget_sow-editor panel-first-child panel-last-child\" data-index=\"9\" ><div\n\t\t\t\n\t\t\tclass=\"so-widget-sow-editor so-widget-sow-editor-base\"\n\t\t\t\n\t\t>\n<div class=\"siteorigin-widget-tinymce textwidget\">\n\t<p><img loading=\"lazy\" loading=\"lazy\" decoding=\"async\" class=\"alignnone size-full wp-image-10365\" src=\"http:\/\/www.oacas.org\/wp-content\/uploads\/2021\/11\/SPI-10-Visual-Time-to-Permanency-FR.jpg\" alt=\"\" width=\"683\" height=\"310\" \/><\/p>\n<p><a href=\"http:\/\/www.oacas.org\/wp-content\/uploads\/2021\/11\/Provincial-Performance-Indicators-SPI-10-Time-to-Permanency-FR-VERFIN2021.pdf\">Voir le sommaire d\u00e9taill\u00e9 d\u2019une page<\/a><\/p>\n<\/div>\n<\/div><\/div><\/div><div id=\"pgc-437-6-1\"  class=\"panel-grid-cell\" ><div id=\"panel-437-6-1-0\" class=\"so-panel widget widget_sow-editor panel-first-child panel-last-child\" data-index=\"10\" ><div\n\t\t\t\n\t\t\tclass=\"so-widget-sow-editor so-widget-sow-editor-base\"\n\t\t\t\n\t\t>\n<div class=\"siteorigin-widget-tinymce textwidget\">\n\t<p>Pour tous les enfants pris en charge par une SAE au cours de l\u2019exercice, le pourcentage cumulatif ayant obtenu leur cong\u00e9 durant une p\u00e9riode donn\u00e9e (c.\u2010\u00e0\u2010d. 12 mois, 24 mois et 36 mois depuis l\u2019admission).<\/p>\n<\/div>\n<\/div><\/div><\/div><\/div><div id=\"pg-437-7\"  class=\"panel-grid panel-no-style\" ><div id=\"pgc-437-7-0\"  class=\"panel-grid-cell\" ><div id=\"panel-437-7-0-0\" class=\"so-panel widget widget_sow-editor panel-first-child panel-last-child\" data-index=\"11\" ><div\n\t\t\t\n\t\t\tclass=\"so-widget-sow-editor so-widget-sow-editor-base\"\n\t\t\t\n\t\t>\n<div class=\"siteorigin-widget-tinymce textwidget\">\n\t<h1>Mieux-\u00eatre<\/h1>\n<\/div>\n<\/div><\/div><\/div><\/div><div id=\"pg-437-8\"  class=\"panel-grid panel-no-style\" ><div id=\"pgc-437-8-0\"  class=\"panel-grid-cell\" ><div id=\"panel-437-8-0-0\" class=\"so-panel widget widget_sow-editor panel-first-child panel-last-child\" data-index=\"12\" ><div\n\t\t\t\n\t\t\tclass=\"so-widget-sow-editor so-widget-sow-editor-base\"\n\t\t\t\n\t\t>\n<div class=\"siteorigin-widget-tinymce textwidget\">\n\t<p><img loading=\"lazy\" loading=\"lazy\" decoding=\"async\" class=\"alignnone size-full wp-image-10347\" src=\"http:\/\/www.oacas.org\/wp-content\/uploads\/2021\/11\/SPI-15-Visual-Quality-of-Youth-Caregiver-Relationship-FR.jpg\" alt=\"\" width=\"722\" height=\"305\" \/><\/p>\n<p><a href=\"http:\/\/www.oacas.org\/wp-content\/uploads\/2021\/11\/Provincial-Performance-Indicators-SPI-15-Quality-of-Caregiver-Youth-Relationship-FR-VERFIN2021.pdf\">Voir le sommaire d\u00e9taill\u00e9 d\u2019une page<\/a><\/p>\n<\/div>\n<\/div><\/div><\/div><div id=\"pgc-437-8-1\"  class=\"panel-grid-cell\" ><div id=\"panel-437-8-1-0\" class=\"so-panel widget widget_sow-editor panel-first-child panel-last-child\" data-index=\"13\" ><div\n\t\t\t\n\t\t\tclass=\"so-widget-sow-editor so-widget-sow-editor-base\"\n\t\t\t\n\t\t>\n<div class=\"siteorigin-widget-tinymce textwidget\">\n\t<p>Le score moyen pour les enfants pris en charge \u00e2g\u00e9s de 10 \u00e0 17 ans \u00e0 partir d\u2019une \u00e9chelle normalis\u00e9e qui mesure la perception qu\u2019a un jeune de la qualit\u00e9 de la relation avec sa principale personne responsable.<\/p>\n<\/div>\n<\/div><\/div><\/div><\/div><\/div>","protected":false},"excerpt":{"rendered":"","protected":false},"author":9,"featured_media":0,"parent":424,"menu_order":0,"comment_status":"open","ping_status":"open","template":"page-PageTemplate8.php","meta":{"footnotes":"","_links_to":"","_links_to_target":""},"class_list":["post-437","page","type-page","status-publish","hentry"],"_links":{"self":[{"href":"https:\/\/www.oacas.org\/fr\/wp-json\/wp\/v2\/pages\/437","targetHints":{"allow":["GET"]}}],"collection":[{"href":"https:\/\/www.oacas.org\/fr\/wp-json\/wp\/v2\/pages"}],"about":[{"href":"https:\/\/www.oacas.org\/fr\/wp-json\/wp\/v2\/types\/page"}],"author":[{"embeddable":true,"href":"https:\/\/www.oacas.org\/fr\/wp-json\/wp\/v2\/users\/9"}],"replies":[{"embeddable":true,"href":"https:\/\/www.oacas.org\/fr\/wp-json\/wp\/v2\/comments?post=437"}],"version-history":[{"count":0,"href":"https:\/\/www.oacas.org\/fr\/wp-json\/wp\/v2\/pages\/437\/revisions"}],"up":[{"embeddable":true,"href":"https:\/\/www.oacas.org\/fr\/wp-json\/wp\/v2\/pages\/424"}],"wp:attachment":[{"href":"https:\/\/www.oacas.org\/fr\/wp-json\/wp\/v2\/media?parent=437"}],"curies":[{"name":"wp","href":"https:\/\/api.w.org\/{rel}","templated":true}]}}