{"id":3724,"date":"2017-08-10T16:32:38","date_gmt":"2017-08-10T20:32:38","guid":{"rendered":"http:\/\/www.oacas.org\/?page_id=3724\/"},"modified":"2018-10-17T16:38:54","modified_gmt":"2018-10-17T20:38:54","slug":"illuminez-la-carte","status":"publish","type":"page","link":"https:\/\/www.oacas.org\/fr\/publications-et-campagnes\/journee-passez-au-mauve-de-lontario\/illuminez-la-carte\/","title":{"rendered":"Illuminez la carte!"},"content":{"rendered":"<div style=\"background: #EEEEEE; padding: 20px; display: inline-block;\">Veuillez nous fournir le nom de votre \u00e9cole et pr\u00e9ciser le niveau scolaire auquel vous enseignez, pour que nous puissions illuminer <a href=\"https:\/\/www.google.com\/maps\/d\/embed?mid=1u-W1pkVHQr_oVwubfmbIkVkqmvcZkAOX\">la carte de l\u2019Ontario qui suit les \u00e9coles participant \u00e0 la Journ\u00e9e Passez au mauve<\/a>.<br \/>\nNous aimerions aussi avoir votre adresse courriel, en vous garantissant que nous l\u2019utiliserions seulement pour vous demander vos commentaires concernant les Ressources de la Journ\u00e9e Passez au mauve pour la classe \u00e0 la fin du mois d\u2019octobre.<br \/>\nSi vous souhaitez recevoir notre bulletin, veuillez cliquer <a href=\"http:\/\/oacas.us13.list-manage.com\/subscribe?u=19989934c105cb9c93feeef15&amp;id=a7917233f4\">ici<\/a>.<\/div>\n<p><!--\n\n\n<div style=\"padding: 10px 0px 0px 20px; display: inline-block;\"><a href=\"http:\/\/www.oacas.org\/childrens-aid-child-protection\/child-abuse-prevention\/go-purple-day-campaign\/dress-purple-day\u2026ces-for-teachers\/\"><span style=\"color: #800080;\">Skip<\/span><\/a><\/div>\n\n\n--><\/p>\n[wpforms id=\u00a0\u00bb3726&Prime;]\n","protected":false},"excerpt":{"rendered":"","protected":false},"author":21,"featured_media":0,"parent":10925,"menu_order":0,"comment_status":"closed","ping_status":"closed","template":"page-FullWidth.php","meta":{"footnotes":"","_links_to":"","_links_to_target":""},"class_list":["post-3724","page","type-page","status-publish","hentry"],"_links":{"self":[{"href":"https:\/\/www.oacas.org\/fr\/wp-json\/wp\/v2\/pages\/3724","targetHints":{"allow":["GET"]}}],"collection":[{"href":"https:\/\/www.oacas.org\/fr\/wp-json\/wp\/v2\/pages"}],"about":[{"href":"https:\/\/www.oacas.org\/fr\/wp-json\/wp\/v2\/types\/page"}],"author":[{"embeddable":true,"href":"https:\/\/www.oacas.org\/fr\/wp-json\/wp\/v2\/users\/21"}],"replies":[{"embeddable":true,"href":"https:\/\/www.oacas.org\/fr\/wp-json\/wp\/v2\/comments?post=3724"}],"version-history":[{"count":0,"href":"https:\/\/www.oacas.org\/fr\/wp-json\/wp\/v2\/pages\/3724\/revisions"}],"up":[{"embeddable":true,"href":"https:\/\/www.oacas.org\/fr\/wp-json\/wp\/v2\/pages\/10925"}],"wp:attachment":[{"href":"https:\/\/www.oacas.org\/fr\/wp-json\/wp\/v2\/media?parent=3724"}],"curies":[{"name":"wp","href":"https:\/\/api.w.org\/{rel}","templated":true}]}}