{"id":1624,"date":"2015-09-06T10:50:07","date_gmt":"2015-09-06T14:50:07","guid":{"rendered":"http:\/\/www.oacas.org\/?page_id=1624"},"modified":"2024-01-29T09:20:32","modified_gmt":"2024-01-29T14:20:32","slug":"devoir-de-faire-rapport","status":"publish","type":"page","link":"https:\/\/www.oacas.org\/fr\/sae-et-protection-de-lenfance\/devoir-de-faire-rapport\/","title":{"rendered":"Devoir de faire rapport"},"content":{"rendered":"<p>Le dicton \u00ab Il faut tout un village pour \u00e9lever un enfant. \u00bb prend tout son sens lorsqu\u2019il est question de prot\u00e9ger les enfants. Assurer la s\u00e9curit\u00e9 des membres les plus vuln\u00e9rables de notre communaut\u00e9 est la responsabilit\u00e9 de tous. Si vous avez quelque motif que ce soit de croire qu\u2019un enfant a besoin de protection ou risque de subir des s\u00e9vices, appelez la Soci\u00e9t\u00e9 d\u2019aide \u00e0 l\u2019enfance (SAE).<\/p>\n<p>Si vous avez des motifs raisonnables de soup\u00e7onner qu\u2019un enfant a besoin d\u2019aide, vous devez appeler la SAE. Ce n\u2019est pas \u00e0 vous de prouver l\u2019occurrence de mauvais traitements ou d\u2019enqu\u00eater sur celle-ci, mais il vous incombe de la signaler et d\u2019aider \u00e0 prot\u00e9ger l\u2019enfant.<\/p>\n<p>En vertu de <a href=\"https:\/\/www.ontario.ca\/fr\/lois\/loi\/17c14\" target=\"_blank\" rel=\"noopener\">l&rsquo;article 125 de la <em>Loi sur les services \u00e0 l&rsquo;enfance,\u00a0\u00e0 la jeunesse et \u00e0 la famille<\/em><\/a>, chaque personne qui a des motifs raisonnables de soup\u00e7onner qu\u2019un enfant a ou peut avoir besoin de protection, doit faire part sans d\u00e9lai \u00e0 une soci\u00e9t\u00e9 d\u2019aide \u00e0 l\u2019enfance de ses soup\u00e7ons ainsi que des renseignements sur lesquels ils sont fond\u00e9s. Cela inclut les personnes qui exercent des fonctions professionnelles ou officielles en ce qui concerne des enfants, comme les professionnels de la sant\u00e9, les enseignants, les exploitants ou les employ\u00e9s de programmes ou de centres de la petite enfance, les policiers et les avocats.<\/p>\n<p>Il n\u2019est pas n\u00e9cessaire d\u2019\u00eatre certain qu\u2019un enfant a ou peut avoir besoin de protection pour faire un signalement \u00e0 une soci\u00e9t\u00e9 d\u2019aide \u00e0 l\u2019enfance. Des \u00ab\u00a0motifs raisonnables\u00a0\u00bb se rapportent \u00e0 l\u2019information dont une personne moyenne, utilisant un jugement normal et honn\u00eate, aurait besoin pour d\u00e9cider de faire rapport. Cette norme a \u00e9t\u00e9 reconnue par les cours de l\u2019Ontario comme \u00e9tablissant un faible seuil de signalement. Le r\u00f4le des SAE est d\u2019enqu\u00eater sur des appels faits par le public en recourant \u00e0 un processus professionnel et normalis\u00e9. La personne qui fait le signalement doit faire part de ses inqui\u00e9tudes, et la SAE d\u00e9terminera si celles-ci sont suffisamment fond\u00e9es pour justifier une \u00e9valuation plus approfondie des pr\u00e9occupations relatives \u00e0 l\u2019enfant.<\/p>\n<p>Un document intitul\u00e9 \u00ab <a href=\"\/\/www.ipc.on.ca\/wp-content\/uploads\/2016\/01\/yes-you-can-fr-web.pdf\" target=\"_blank\" rel=\"noopener\">Oui, vous le pouvez. Pour dissiper les mythes entourant le partage de renseignements avec les soci\u00e9t\u00e9s d&rsquo;aide \u00e0 l&rsquo;enfance.<\/a> \u00bb a \u00e9t\u00e9 publi\u00e9 conjointement par le Bureau du commissaire \u00e0 l\u2019information et \u00e0 la protection de la vie priv\u00e9e de l\u2019Ontario et le Bureau de l\u2019intervenant provincial en faveur des enfants et des jeunes. Le document, \u00e0 l\u2019intention des professionnels qui travaillent avec des enfants, est un rappel crucial qu\u2019un appel \u00e0 une Soci\u00e9t\u00e9 d\u2019aide \u00e0 l\u2019enfance ne constitue pas une violation de la protection de la vie priv\u00e9e lorsqu\u2019il s\u2019agit de pr\u00e9occupations relatives \u00e0 la s\u00e9curit\u00e9 d\u2019un enfant. En fait, les professionnels qui travaillent avec des enfants ont une responsabilit\u00e9 particuli\u00e8re, tel que l\u2019\u00e9nonce la <em>Loi sur les services \u00e0 l&rsquo;enfance,\u00a0\u00e0 la jeunesse et \u00e0 la famille<\/em>, d\u2019assurer la s\u00e9curit\u00e9 et le bien-\u00eatre des enfants.<\/p>\n","protected":false},"excerpt":{"rendered":"","protected":false},"author":9,"featured_media":0,"parent":10916,"menu_order":0,"comment_status":"closed","ping_status":"closed","template":"page-PageTemplate4.php","meta":{"footnotes":"","_links_to":"","_links_to_target":""},"class_list":["post-1624","page","type-page","status-publish","hentry"],"_links":{"self":[{"href":"https:\/\/www.oacas.org\/fr\/wp-json\/wp\/v2\/pages\/1624","targetHints":{"allow":["GET"]}}],"collection":[{"href":"https:\/\/www.oacas.org\/fr\/wp-json\/wp\/v2\/pages"}],"about":[{"href":"https:\/\/www.oacas.org\/fr\/wp-json\/wp\/v2\/types\/page"}],"author":[{"embeddable":true,"href":"https:\/\/www.oacas.org\/fr\/wp-json\/wp\/v2\/users\/9"}],"replies":[{"embeddable":true,"href":"https:\/\/www.oacas.org\/fr\/wp-json\/wp\/v2\/comments?post=1624"}],"version-history":[{"count":0,"href":"https:\/\/www.oacas.org\/fr\/wp-json\/wp\/v2\/pages\/1624\/revisions"}],"up":[{"embeddable":true,"href":"https:\/\/www.oacas.org\/fr\/wp-json\/wp\/v2\/pages\/10916"}],"wp:attachment":[{"href":"https:\/\/www.oacas.org\/fr\/wp-json\/wp\/v2\/media?parent=1624"}],"curies":[{"name":"wp","href":"https:\/\/api.w.org\/{rel}","templated":true}]}}