{"id":1621,"date":"2015-09-06T10:47:56","date_gmt":"2015-09-06T14:47:56","guid":{"rendered":"http:\/\/www.oacas.org\/?page_id=1621"},"modified":"2018-11-23T13:30:25","modified_gmt":"2018-11-23T18:30:25","slug":"how-to-make-a-complaint","status":"publish","type":"page","link":"https:\/\/www.oacas.org\/fr\/sae-et-protection-de-lenfance\/a-propos-des-societes-daide-a-lenfance\/how-to-make-a-complaint\/","title":{"rendered":"Comment d\u00e9poser une plainte"},"content":{"rendered":"<p>Veuillez consulter le site Web du minist\u00e8re des Services \u00e0 l\u2019enfance et \u00e0 la jeunesse<em><br \/>\n<\/em><a href=\"http:\/\/www.children.gov.on.ca\/htdocs\/French\/childrensaid\/societies\/ocascomplaint.aspx\" target=\"_blank\" rel=\"noopener\"><em>Avez-vous une plainte concernant des services que vous avez demand\u00e9s \u00e0 une soci\u00e9t\u00e9 d&rsquo;aide \u00e0 l&rsquo;enfance de l&rsquo;Ontario ou re\u00e7us d&rsquo;elle?<\/em><\/a><\/p>\n<p>L\u2019AOSAE est un organisme compos\u00e9 de membres qui travaille au nom des soci\u00e9t\u00e9s d\u2019aide \u00e0 l\u2019enfance (SAE) et des enfants de la province. <strong>Les SAE de l\u2019Ontario ne rel\u00e8vent pas de l\u2019AOSAE, et cette derni\u00e8re n\u2019a aucun pouvoir relativement \u00e0 la fa\u00e7on dont les SAE offrent leurs services<strong>.<\/strong><\/strong>\u00a0Les SAE sont des organismes autonomes g\u00e9r\u00e9s par des conseils d\u2019administration communautaires et sont financ\u00e9es par le minist\u00e8re des Services \u00e0 l\u2019enfance et \u00e0 la jeunesse (MSEJ).<\/p>\n<p>Si vous n\u2019\u00eates pas satisfait du service qui vous a \u00e9t\u00e9 fourni, \u00e0 vous ou \u00e0 un membre de votre famille, veuillez lire la <a href=\"http:\/\/www.oacas.org\/wp-content\/uploads\/2018\/11\/LegalRightsResourceFrench.pdf\" target=\"_blank\" rel=\"noopener\">brochure du MSEJ<\/a>, qui d\u00e9crit le processus de plainte. Par ailleurs, si vous souhaitez\u00a0 faire r\u00e9viser une d\u00e9cision que vous avez re\u00e7ue d\u2019une SAE, consultez le <a href=\"http:\/\/www.sjto.gov.on.ca\/crsef\/\" target=\"_blank\" rel=\"noopener\">site Web de la CRSEF<\/a>.<\/p>\n<p>&nbsp;<\/p>\n","protected":false},"excerpt":{"rendered":"","protected":false},"author":9,"featured_media":0,"parent":552,"menu_order":0,"comment_status":"closed","ping_status":"closed","template":"page-PageTemplate4.php","meta":{"footnotes":"","_links_to":"","_links_to_target":""},"class_list":["post-1621","page","type-page","status-publish","hentry"],"_links":{"self":[{"href":"https:\/\/www.oacas.org\/fr\/wp-json\/wp\/v2\/pages\/1621","targetHints":{"allow":["GET"]}}],"collection":[{"href":"https:\/\/www.oacas.org\/fr\/wp-json\/wp\/v2\/pages"}],"about":[{"href":"https:\/\/www.oacas.org\/fr\/wp-json\/wp\/v2\/types\/page"}],"author":[{"embeddable":true,"href":"https:\/\/www.oacas.org\/fr\/wp-json\/wp\/v2\/users\/9"}],"replies":[{"embeddable":true,"href":"https:\/\/www.oacas.org\/fr\/wp-json\/wp\/v2\/comments?post=1621"}],"version-history":[{"count":0,"href":"https:\/\/www.oacas.org\/fr\/wp-json\/wp\/v2\/pages\/1621\/revisions"}],"up":[{"embeddable":true,"href":"https:\/\/www.oacas.org\/fr\/wp-json\/wp\/v2\/pages\/552"}],"wp:attachment":[{"href":"https:\/\/www.oacas.org\/fr\/wp-json\/wp\/v2\/media?parent=1621"}],"curies":[{"name":"wp","href":"https:\/\/api.w.org\/{rel}","templated":true}]}}