{"id":13380,"date":"2022-12-02T09:40:48","date_gmt":"2022-12-02T14:40:48","guid":{"rendered":"https:\/\/www.oacas.org\/apprentissage-et-formation\/"},"modified":"2024-12-19T11:20:34","modified_gmt":"2024-12-19T16:20:34","slug":"apprentissage-et-formation","status":"publish","type":"page","link":"https:\/\/www.oacas.org\/fr\/programmes-et-ressources\/apprentissage-et-formation\/","title":{"rendered":"Apprentissage et formation"},"content":{"rendered":"\t\t<div data-elementor-type=\"wp-page\" data-elementor-id=\"13380\" class=\"elementor elementor-13380 elementor-13220\">\n\t\t\t\t\t\t<section class=\"elementor-section elementor-top-section elementor-element elementor-element-a518b5e elementor-section-boxed elementor-section-height-default elementor-section-height-default\" data-id=\"a518b5e\" data-element_type=\"section\" data-e-type=\"section\">\n\t\t\t\t\t\t<div class=\"elementor-container elementor-column-gap-default\">\n\t\t\t\t\t<div class=\"elementor-column elementor-col-50 elementor-top-column elementor-element elementor-element-ae6d267\" data-id=\"ae6d267\" data-element_type=\"column\" data-e-type=\"column\">\n\t\t\t<div class=\"elementor-widget-wrap elementor-element-populated\">\n\t\t\t\t\t\t<div class=\"elementor-element elementor-element-e765804 elementor-widget elementor-widget-text-editor\" data-id=\"e765804\" data-element_type=\"widget\" data-e-type=\"widget\" data-widget_type=\"text-editor.default\">\n\t\t\t\t<div class=\"elementor-widget-container\">\n\t\t\t\t\t\t\t\t\t<p>L\u2019Apprentissage AOSAE cr\u00e9e et organise des opportunit\u00e9s d&rsquo;apprentissage et de formation qui soutiennent les meilleures pratiques progressistes pour les professionnelles du bien-\u00eatre de l&rsquo;enfance de l&rsquo;Ontario. Gr\u00e2ce \u00e0 des offres de formation, aux <a href=\"https:\/\/oacas.libguides.com\/\">Library Guides<\/a> et \u00e0 l\u2019acc\u00e8s pour les apprenantes \u00e0 des outils de recherche utiles tels que des revues \u00e9valu\u00e9es par des pairs, nous sommes la source centrale des besoins d&rsquo;apprentissage du secteur de la protection de l&rsquo;enfance. Des opportunit\u00e9s d&rsquo;apprentissage existent pour tout le personnel, y compris les intervenantes de premi\u00e8re ligne, les superviseures, les gestionnaires, le personnel administratif et les dirigeantes, ainsi que les b\u00e9n\u00e9voles, les personnes responsables et les intervenantes des secteurs connexes (par exemple, le secteur de la violence contre les femmes).<\/p>\n\t\t\t\t\t\t\t\t<\/div>\n\t\t\t\t<\/div>\n\t\t\t\t\t<\/div>\n\t\t<\/div>\n\t\t\t\t<div class=\"elementor-column elementor-col-50 elementor-top-column elementor-element elementor-element-6c36bcd\" data-id=\"6c36bcd\" data-element_type=\"column\" data-e-type=\"column\">\n\t\t\t<div class=\"elementor-widget-wrap elementor-element-populated\">\n\t\t\t\t\t\t<div class=\"elementor-element elementor-element-8f816fd elementor-widget elementor-widget-text-editor\" data-id=\"8f816fd\" data-element_type=\"widget\" data-e-type=\"widget\" data-widget_type=\"text-editor.default\">\n\t\t\t\t<div class=\"elementor-widget-container\">\n\t\t\t\t\t\t\t\t\tPour la liste compl\u00e8te des formations offertes par Apprentissage AOSAE, consultez notre <a href=\"https:\/\/coursespub.azurewebsites.net\/\">catalogue de formations<\/a>.\r\n\r\n<em>Remarque : L&rsquo;inscription n&rsquo;est disponible que pour les personnes \u00e9ligibles.<\/em>\t\t\t\t\t\t\t\t<\/div>\n\t\t\t\t<\/div>\n\t\t\t\t\t<\/div>\n\t\t<\/div>\n\t\t\t\t\t<\/div>\n\t\t<\/section>\n\t\t\t\t<section class=\"elementor-section elementor-top-section elementor-element elementor-element-ab0ff8c elementor-section-boxed elementor-section-height-default elementor-section-height-default\" data-id=\"ab0ff8c\" data-element_type=\"section\" data-e-type=\"section\">\n\t\t\t\t\t\t<div class=\"elementor-container elementor-column-gap-default\">\n\t\t\t\t\t<div class=\"elementor-column elementor-col-100 elementor-top-column elementor-element elementor-element-e5bf836\" data-id=\"e5bf836\" data-element_type=\"column\" data-e-type=\"column\">\n\t\t\t<div class=\"elementor-widget-wrap elementor-element-populated\">\n\t\t\t\t\t\t<div class=\"elementor-element elementor-element-30e88d5 elementor-widget elementor-widget-text-editor\" data-id=\"30e88d5\" data-element_type=\"widget\" data-e-type=\"widget\" data-widget_type=\"text-editor.default\">\n\t\t\t\t<div class=\"elementor-widget-container\">\n\t\t\t\t\t\t\t\t\t<p>L\u2019Apprentissage AOSAE est fier d&rsquo;offrir la formation de base pour les intervenantes de premi\u00e8re ligne en protection de l&rsquo;enfance &#8211; la s\u00e9rie du Parcours r\u00e9vis\u00e9 vers l\u2019autorisation du bien-\u00eatre de l\u2019enfance &#8211; qui soutient les agences dans leurs efforts pour int\u00e9grer et autoriser de nouvelles intervenantes. (L&rsquo;autorisation est le processus en protection de l&rsquo;enfance qui permet au personnel de premi\u00e8re ligne d&rsquo;effectuer certaines t\u00e2ches d\u00e9sign\u00e9es en vertu de la <em>Loi de 2017 sur les services \u00e0 l&rsquo;enfance, \u00e0 la jeunesse et \u00e0 la famille<\/em>.) Nous offrons une <a href=\"https:\/\/www.oacas.org\/wp-content\/uploads\/2022\/11\/Let_sTalkLearning_Learning_Opportunities_for_Supervisors___Managers-1.pdf\">panoplie d&rsquo;opportunit\u00e9s d&rsquo;apprentissage<\/a> pour les dirigeantes de tous les niveaux.<\/p><p>L\u2019Apprentissage AOSAE maintient \u00e9galement la licence ontarienne pour <a href=\"https:\/\/www.oacas.org\/fr\/sae-et-protection-de-lenfance\/adoption\/\">SAFE<\/a> (<em>Structured Analysis Family Evaluation<\/em>) qui est une m\u00e9thodologie d&rsquo;\u00e9tude du milieu familial et <a href=\"https:\/\/www.oacas.org\/fr\/sae-et-protection-de-lenfance\/adoption\/\">PRIDE<\/a> (<em>Parent Resources for Information, Development, and Education<\/em>) qui est un mod\u00e8le de formation bas\u00e9e sur les comp\u00e9tences pour le d\u00e9veloppement et le soutien pour les familles ressources (familles d\u2019accueil, placements chez les proches, soins conformes aux traditions et adoptions). Ces outils permettent d&rsquo;am\u00e9liorer la qualit\u00e9 des soins prodigu\u00e9s aux enfants plac\u00e9es avec les familles ressources.<\/p><p>Afin de mieux r\u00e9pondre aux besoins des enfants et des jeunes de l&rsquo;Ontario, nous offrons la s\u00e9rie d&rsquo;apprentissage bilingue <em>T\u00eates en sant\u00e9, vies en sant\u00e9 <\/em>qui pr\u00e9pare les personnes responsables des familles d\u2019accueil, des foyers de groupe, des proches, des familles adoptives et des soins conformes aux traditions \u00e0 soutenir les besoins en mati\u00e8re de sant\u00e9 mentale des enfants et des jeunes dont elles ont la charge. Pour en savoir plus sur la s\u00e9rie <em>T\u00eates en sant\u00e9, vies en sant\u00e9<\/em> et pour vous inscrire, cliquez <a href=\"https:\/\/www.oacas.org\/fr\/programmes-et-ressources\/excellence-en-services-du-bien-etre-de-lenfance-prestation-de-services-education-et-formation\/tetes-en-sante-vies-en-sante\/\">ici<\/a>.<\/p><p>Vous avez des questions sur les opportunit\u00e9s offertes par l\u2019Apprentissage AOSAE ? Contactez notre \u00e9quipe via le <a href=\"https:\/\/support.myoacaslearning.org\/support\/sp-home\">Centre de soutien myOACAS.<\/a><\/p>\t\t\t\t\t\t\t\t<\/div>\n\t\t\t\t<\/div>\n\t\t\t\t<div class=\"elementor-element elementor-element-c155b2a elementor-widget elementor-widget-text-editor\" data-id=\"c155b2a\" data-element_type=\"widget\" data-e-type=\"widget\" data-widget_type=\"text-editor.default\">\n\t\t\t\t<div class=\"elementor-widget-container\">\n\t\t\t\t\t\t\t\t\t<h4><strong>Qui est \u00e9ligible pour les opportunit\u00e9s d\u2019apprentissage avec AOSAE ?<\/strong><\/h4>\n\t\t\t\t\t\t\t\t<\/div>\n\t\t\t\t<\/div>\n\t\t\t\t<div class=\"elementor-element elementor-element-838bf29 elementor-widget elementor-widget-text-editor\" data-id=\"838bf29\" data-element_type=\"widget\" data-e-type=\"widget\" data-widget_type=\"text-editor.default\">\n\t\t\t\t<div class=\"elementor-widget-container\">\n\t\t\t\t\t\t\t\t\t<ul><li>Employ\u00e9es et personnes responsables travaillant avec des soci\u00e9t\u00e9s d&rsquo;aide \u00e0 l&rsquo;enfance ou des agences de bien-\u00eatre de l&rsquo;enfance et de la famille autochtones<\/li><li>Personnes responsables des services en \u00e9tablissement agr\u00e9\u00e9s pour les enfants et les jeunes (\u00e9galement appel\u00e9s fournisseurs\/ressources externes r\u00e9mun\u00e9r\u00e9s)<\/li><li>Personnes qui envisagent adopter par l&rsquo;interm\u00e9diaire de praticiennes en adoption priv\u00e9e<\/li><li>Parties prenantes et employ\u00e9es de d&rsquo;autres agences de service \u00e0 la famille (par exemple, les agences de lutte contre la violence contre les femmes\/la violence entre partenaires intimes)<\/li><\/ul><p>Pour celles qui sont int\u00e9ress\u00e9es par les opportunit\u00e9s d&rsquo;apprentissage avec l&rsquo;AOSAE et qui ne figurent pas dans la liste ci-dessus ou qui proviennent d&rsquo;une juridiction \u00e0 l&rsquo;ext\u00e9rieur de l&rsquo;Ontario, veuillez contacter le <a href=\"https:\/\/support.myoacaslearning.org\/support\/sp-home\">Centre de soutien myOACAS<\/a> pour plus d&rsquo;informations.<\/p>\t\t\t\t\t\t\t\t<\/div>\n\t\t\t\t<\/div>\n\t\t\t\t<div class=\"elementor-element elementor-element-27383a3 elementor-widget elementor-widget-text-editor\" data-id=\"27383a3\" data-element_type=\"widget\" data-e-type=\"widget\" data-widget_type=\"text-editor.default\">\n\t\t\t\t<div class=\"elementor-widget-container\">\n\t\t\t\t\t\t\t\t\t<h4><strong>Cr\u00e9er un compte myOACAS Learning<\/strong><\/h4>\n\t\t\t\t\t\t\t\t<\/div>\n\t\t\t\t<\/div>\n\t\t\t\t<div class=\"elementor-element elementor-element-228b60a elementor-widget elementor-widget-text-editor\" data-id=\"228b60a\" data-element_type=\"widget\" data-e-type=\"widget\" data-widget_type=\"text-editor.default\">\n\t\t\t\t<div class=\"elementor-widget-container\">\n\t\t\t\t\t\t\t\t\t<p><strong>Personnel des soci\u00e9t\u00e9s d\u2019aide \u00e0 l\u2019enfance et des agences du bien-\u00eatre de l\u2019enfance et de la famille autochtones\u00a0:<\/strong> Cr\u00e9ez votre compte en suivant les \u00e9tapes indiqu\u00e9es dans la ressource pour les SAE, <a href=\"https:\/\/support.myoacaslearning.org\/support\/sp-article?articleId=NDgzMDU%3D\">CAS: Account Creation Guide<\/a> (guide pour la cr\u00e9ation d\u2019un compte), disponible dans le <a href=\"https:\/\/support.myoacaslearning.org\/support\/sp-home\">centre d\u2019assistance myOACAS Learning<\/a>.<\/p><p><strong>Personnes responsables et parents travaillant avec les soci\u00e9t\u00e9s d\u2019aide \u00e0 l\u2019enfance ou les agences du bien-\u00eatre de l\u2019enfance et de la famille autochtones\u00a0: <\/strong>Communiquez avec votre d\u00e9l\u00e9gu\u00e9e de la formation des personnes responsables.<\/p><p><strong>Personnes responsables travaillant dans les \u00e9tablissements de soins agr\u00e9\u00e9s pour les enfants (\u00e9galement appel\u00e9es \u00ab\u00a0ressources externes payantes\u00a0\u00bb ou \u00ab\u00a0fournisseuses de soins priv\u00e9es\u00a0\u00bb)\u00a0:<\/strong> Communiquez avec la responsable de la formation de votre agence.<\/p><p><strong>Autres personnes admissibles ayant besoin d\u2019un compte myOACAS Learning\u00a0: <\/strong>Acc\u00e9dez au <a href=\"https:\/\/support.myoacaslearning.org\/support\/sp-home\">centre d\u2019assistance myOACAS Learning<\/a> et envoyez un ticket d\u2019assistance. S\u00e9lectionnez le r\u00f4le qui vous correspond le mieux, puis \u00ab\u00a0Account\/Login Issues\u00a0\u00bb (probl\u00e8mes li\u00e9s au compte ou \u00e0 la connexion) pour la raison de la demande d\u2019assistance. Veuillez indiquer dans la section \u00ab\u00a0description\u00a0\u00bb du ticket le plus de renseignements possibles concernant votre int\u00e9r\u00eat pour la cr\u00e9ation d\u2019un compte myOACAS Learning et les cours particuliers que vous souhaiteriez suivre.<\/p>\t\t\t\t\t\t\t\t<\/div>\n\t\t\t\t<\/div>\n\t\t\t\t\t<\/div>\n\t\t<\/div>\n\t\t\t\t\t<\/div>\n\t\t<\/section>\n\t\t\t\t<\/div>\n\t\t","protected":false},"excerpt":{"rendered":"","protected":false},"author":21,"featured_media":0,"parent":591,"menu_order":0,"comment_status":"closed","ping_status":"closed","template":"page-PageTemplate3.php","meta":{"footnotes":"","_links_to":"","_links_to_target":""},"class_list":["post-13380","page","type-page","status-publish","hentry"],"_links":{"self":[{"href":"https:\/\/www.oacas.org\/fr\/wp-json\/wp\/v2\/pages\/13380","targetHints":{"allow":["GET"]}}],"collection":[{"href":"https:\/\/www.oacas.org\/fr\/wp-json\/wp\/v2\/pages"}],"about":[{"href":"https:\/\/www.oacas.org\/fr\/wp-json\/wp\/v2\/types\/page"}],"author":[{"embeddable":true,"href":"https:\/\/www.oacas.org\/fr\/wp-json\/wp\/v2\/users\/21"}],"replies":[{"embeddable":true,"href":"https:\/\/www.oacas.org\/fr\/wp-json\/wp\/v2\/comments?post=13380"}],"version-history":[{"count":0,"href":"https:\/\/www.oacas.org\/fr\/wp-json\/wp\/v2\/pages\/13380\/revisions"}],"up":[{"embeddable":true,"href":"https:\/\/www.oacas.org\/fr\/wp-json\/wp\/v2\/pages\/591"}],"wp:attachment":[{"href":"https:\/\/www.oacas.org\/fr\/wp-json\/wp\/v2\/media?parent=13380"}],"curies":[{"name":"wp","href":"https:\/\/api.w.org\/{rel}","templated":true}]}}