{"id":1245,"date":"2015-08-12T19:17:14","date_gmt":"2015-08-12T23:17:14","guid":{"rendered":"http:\/\/www.oacas.org\/?page_id=1245"},"modified":"2024-11-06T09:40:55","modified_gmt":"2024-11-06T14:40:55","slug":"faits-et-chiffres","status":"publish","type":"page","link":"https:\/\/www.oacas.org\/fr\/sae-et-protection-de-lenfance\/faits-et-chiffres\/","title":{"rendered":"Faits et chiffres"},"content":{"rendered":"<img fetchpriority=\"high\" decoding=\"async\" class=\"alignnone size-full wp-image-1857\" src=\"https:\/\/www.oacas.org\/wp-content\/uploads\/2015\/08\/kids-on-a-bus.jpg\" alt=\"kids on a bus\" width=\"750\" height=\"325\" srcset=\"https:\/\/www.oacas.org\/wp-content\/uploads\/2015\/08\/kids-on-a-bus.jpg 750w, https:\/\/www.oacas.org\/wp-content\/uploads\/2015\/08\/kids-on-a-bus-300x130.jpg 300w\" sizes=\"(max-width: 750px) 100vw, 750px\" \/>\n<div class=\"divider\"><\/div>\n<p><strong>Faits et chiffres relatifs au bien-\u00eatre de l\u2019enfance<\/strong><\/p>\n<ul>\n<li>L&rsquo;Ontario compte 50 soci\u00e9t\u00e9s d&rsquo;aide \u00e0 l&rsquo;enfance et agences autochtones pour le bien-\u00eatre de l&rsquo;enfant et de la famille (agences de protection de l&rsquo;enfance). Treize sont des agences du bien-\u00eatre de l\u2019enfance et de la famille autochtones, et trois sont confessionnelles (deux catholiques et une juive).<\/li>\n<\/ul>\n<p><strong>Au cours de l&rsquo;exercice financier 2023-2024* :<\/strong><\/p>\n<ul>\n<li>En moyenne, il y avait pr\u00e8s de 8 200^ enfants et jeunes pris en charge par mois.<\/li>\n<li>Pr\u00e8s de 56 % des personnes prises en charge ou b\u00e9n\u00e9ficiant d&rsquo;un soutien \u00e9taient des jeunes \u00e2g\u00e9es de 16 \u00e0 22 ans et plus (\u00e0 la fin de l&rsquo;ann\u00e9e fiscale).<\/li>\n<li>Plus de 125 000 appels et signalements ont \u00e9t\u00e9 re\u00e7us. Environ 63 000 de ceux-ci ont n\u00e9cessit\u00e9 une enqu\u00eate compl\u00e8te de protection de l&rsquo;enfance.\n<ul>\n<li>Le reste de ces appels et signalements n&rsquo;ont pas n\u00e9cessit\u00e9 une enqu\u00eate compl\u00e8te de protection et \/ ou ont \u00e9t\u00e9 r\u00e9f\u00e9r\u00e9s \u00e0 des services disponibles dans la communaut\u00e9.<\/li>\n<\/ul>\n<\/li>\n<li>Parmi les enqu\u00eates termin\u00e9es, 86 % n&rsquo;ont pas n\u00e9cessit\u00e9 des services de protection suppl\u00e9mentaires.<\/li>\n<\/ul>\n<p><em>* Ces chiffres proviennent de 37 agences membres non autochtones et sont tir\u00e9s des rapports trimestriels du minist\u00e8re du Q4 2023-2024 (en date du 31 octobre 2024).<\/em><\/p>\n<p><em>^ Ces donn\u00e9es comprennent 4 038 enfants et jeunes prises en charge par un organisme de protection de l&rsquo;enfance ou b\u00e9n\u00e9ficiant d&rsquo;une prise en charge coutumi\u00e8re ; 470 jeunes b\u00e9n\u00e9ficiant d&rsquo;un soutien dans le cadre d&rsquo;une Entente sur les services volontaires pour les jeunes (ESVJ) ; et 3 719 jeunes adultes de plus de 18 ans b\u00e9n\u00e9ficiant de services dans le cadre du Programme \u00a0\u00c0 vos marques, pr\u00eats, partez. Ce chiffre ne tient pas compte des 2 622 enfants et jeunes prises en charge par des membres de leur famille. Pour plus de renseignements, consultez notre infographie <a href=\"https:\/\/www.oacas.org\/wp-content\/uploads\/2024\/10\/2024-Child-Welfare-Out-of-Home-Care-Infographic.pdf\">ici (anglais seulement)<\/a>.<\/em><\/p>\n<p><a href=\"https:\/\/www.oacas.org\/fr\/sae-et-protection-de-lenfance\/a-propos-des-societes-daide-a-lenfance\/\">\u00c0 propos des soci\u00e9t\u00e9s d\u2019aide \u00e0 l\u2019enfance<\/a> | <a href=\"https:\/\/www.oacas.org\/fr\/donnees-et-resultats\/\">Donn\u00e9es et r\u00e9sultats<\/a><\/p>\n","protected":false},"excerpt":{"rendered":"","protected":false},"author":9,"featured_media":0,"parent":10916,"menu_order":0,"comment_status":"open","ping_status":"open","template":"page-PageTemplate4.php","meta":{"footnotes":"","_links_to":"","_links_to_target":""},"class_list":["post-1245","page","type-page","status-publish","hentry"],"_links":{"self":[{"href":"https:\/\/www.oacas.org\/fr\/wp-json\/wp\/v2\/pages\/1245","targetHints":{"allow":["GET"]}}],"collection":[{"href":"https:\/\/www.oacas.org\/fr\/wp-json\/wp\/v2\/pages"}],"about":[{"href":"https:\/\/www.oacas.org\/fr\/wp-json\/wp\/v2\/types\/page"}],"author":[{"embeddable":true,"href":"https:\/\/www.oacas.org\/fr\/wp-json\/wp\/v2\/users\/9"}],"replies":[{"embeddable":true,"href":"https:\/\/www.oacas.org\/fr\/wp-json\/wp\/v2\/comments?post=1245"}],"version-history":[{"count":0,"href":"https:\/\/www.oacas.org\/fr\/wp-json\/wp\/v2\/pages\/1245\/revisions"}],"up":[{"embeddable":true,"href":"https:\/\/www.oacas.org\/fr\/wp-json\/wp\/v2\/pages\/10916"}],"wp:attachment":[{"href":"https:\/\/www.oacas.org\/fr\/wp-json\/wp\/v2\/media?parent=1245"}],"curies":[{"name":"wp","href":"https:\/\/api.w.org\/{rel}","templated":true}]}}