{"id":1243,"date":"2015-08-12T19:14:36","date_gmt":"2015-08-12T23:14:36","guid":{"rendered":"http:\/\/www.oacas.org\/?page_id=1243"},"modified":"2015-09-17T09:37:23","modified_gmt":"2015-09-17T13:37:23","slug":"gouvernance-communautaire","status":"publish","type":"page","link":"https:\/\/www.oacas.org\/fr\/sae-et-protection-de-lenfance\/gouvernance-communautaire\/","title":{"rendered":"Gouvernance communautaire"},"content":{"rendered":"<img fetchpriority=\"high\" decoding=\"async\" class=\"alignnone size-full wp-image-1841\" src=\"http:\/\/www.oacas.org\/wp-content\/uploads\/2015\/08\/painting-of-faces.jpg\" alt=\"painting of faces\" width=\"750\" height=\"325\" srcset=\"https:\/\/www.oacas.org\/wp-content\/uploads\/2015\/08\/painting-of-faces.jpg 750w, https:\/\/www.oacas.org\/wp-content\/uploads\/2015\/08\/painting-of-faces-300x130.jpg 300w\" sizes=\"(max-width: 750px) 100vw, 750px\" \/>\n<div class=\"divider\"><\/div>\n<p>L\u2019Ontario offre des services de protection de l\u2019enfance \u00e0 l\u2019\u00e9chelle communautaire. Cela signifie que chaque Soci\u00e9t\u00e9 d\u2019aide \u00e0 l\u2019enfance (SAE) a un conseil d\u2019administration local qui est responsable du fonctionnement et de la sant\u00e9 financi\u00e8re de son agence.<\/p>\n<p>Comptant une population de plus de 13 millions de personnes et s\u2019\u00e9tendant sur plus d\u2019un million de kilom\u00e8tres, l\u2019Ontario est le lieu de r\u00e9sidence d\u2019une population tr\u00e8s diversifi\u00e9e qui n\u00e9cessite et demande des services diff\u00e9rents. Le mod\u00e8le de gouvernance communautaire du bien-\u00eatre de l\u2019enfance permet \u00e0 chaque SAE de r\u00e9pondre aux besoins de sa communaut\u00e9 locale, en aidant \u00e0 fournir des services qui conviennent le mieux \u00e0 ses enfants, ses jeunes et ses familles.<\/p>\n<p>Les membres des conseils d\u2019administration locaux sont des b\u00e9n\u00e9voles qui consacrent leur temps \u00e0 s\u2019assurer que leur SAE remplit son mandat et offre des services appropri\u00e9s \u00e0 la communaut\u00e9. Il rel\u00e8ve aussi du conseil d\u2019administration de s\u2019assurer de la responsabilisation et de la supervision de la SAE. Les directeurs g\u00e9n\u00e9raux rel\u00e8vent de leur conseil d\u2019administration local, qui \u00e0 son tour fournit de l\u2019orientation strat\u00e9gique aux SAE.<\/p>\n<p>Comme le nom l\u2019\u00e9voque, ce mod\u00e8le de gouvernance met l\u2019accent sur la communaut\u00e9 et ses besoins, la prise de d\u00e9cisions \u00e9tant influenc\u00e9e par les membres de la communaut\u00e9 par l\u2019entremise du conseil d\u2019administration. Ce dernier fonctionne en ayant comme objectif de contribuer \u00e0 la communaut\u00e9; il comprend l\u2019importance de la contribution des autres organismes locaux en mati\u00e8re de soutien \u00e0 la communaut\u00e9.<\/p>\n","protected":false},"excerpt":{"rendered":"","protected":false},"author":9,"featured_media":0,"parent":10916,"menu_order":0,"comment_status":"open","ping_status":"open","template":"page-PageTemplate4.php","meta":{"footnotes":"","_links_to":"","_links_to_target":""},"class_list":["post-1243","page","type-page","status-publish","hentry"],"_links":{"self":[{"href":"https:\/\/www.oacas.org\/fr\/wp-json\/wp\/v2\/pages\/1243","targetHints":{"allow":["GET"]}}],"collection":[{"href":"https:\/\/www.oacas.org\/fr\/wp-json\/wp\/v2\/pages"}],"about":[{"href":"https:\/\/www.oacas.org\/fr\/wp-json\/wp\/v2\/types\/page"}],"author":[{"embeddable":true,"href":"https:\/\/www.oacas.org\/fr\/wp-json\/wp\/v2\/users\/9"}],"replies":[{"embeddable":true,"href":"https:\/\/www.oacas.org\/fr\/wp-json\/wp\/v2\/comments?post=1243"}],"version-history":[{"count":0,"href":"https:\/\/www.oacas.org\/fr\/wp-json\/wp\/v2\/pages\/1243\/revisions"}],"up":[{"embeddable":true,"href":"https:\/\/www.oacas.org\/fr\/wp-json\/wp\/v2\/pages\/10916"}],"wp:attachment":[{"href":"https:\/\/www.oacas.org\/fr\/wp-json\/wp\/v2\/media?parent=1243"}],"curies":[{"name":"wp","href":"https:\/\/api.w.org\/{rel}","templated":true}]}}