{"id":1235,"date":"2015-08-12T19:12:53","date_gmt":"2015-08-12T23:12:53","guid":{"rendered":"http:\/\/www.oacas.org\/?page_id=1235"},"modified":"2023-05-03T11:03:43","modified_gmt":"2023-05-03T15:03:43","slug":"en-quoi-consistent-les-mauvais-traitements","status":"publish","type":"page","link":"https:\/\/www.oacas.org\/fr\/sae-et-protection-de-lenfance\/en-quoi-consistent-les-mauvais-traitements\/","title":{"rendered":"En quoi consistent les mauvais traitements \u00e0 l\u2019\u00e9gard des enfants ?"},"content":{"rendered":"<p>On entend par \u00ab mauvais traitements \u00e0 l\u2019\u00e9gard des enfants \u00bb des mauvais traitements physiques, affectifs et sexuels, ainsi que de la n\u00e9gligence. Ils ont aussi trait \u00e0 des habitudes de violence et aux risques de s\u00e9vices. Voici quelques d\u00e9finitions :<\/p>\n<p><strong>Les mauvais traitements physiques<\/strong> consistent en tout recours \u00e0 la force ou \u00e0 des gestes physiques d\u00e9lib\u00e9r\u00e9s, par un parent ou une personne responsable, qui entra\u00eene, ou peut entra\u00eener, des l\u00e9sions chez l\u2019enfant. Les mauvais traitements physiques peuvent aussi inclure le fait d\u2019infliger des ecchymoses, des coupures, des coups, des gifles, des br\u00fblures ou des morsures, ou encore de battre, de secouer ou de projeter un enfant. L\u2019utilisation d\u2019une ceinture, d\u2019un b\u00e2ton ou d\u2019autres objets pour punir un enfant peut causer des blessures graves et est aussi consid\u00e9r\u00e9e comme des mauvais traitements.<\/p>\n<p><strong>Les mauvais traitements affectifs<\/strong> consistent en un mod\u00e8le de comportement qui porte atteinte au d\u00e9veloppement affectif et \u00e0 l\u2019estime de soi d\u2019un enfant. Ils comprennent des demandes excessives, agressives ou d\u00e9raisonnables qui placent les attentes au-del\u00e0 des capacit\u00e9s de l\u2019enfant. Les mauvais traitements affectifs comprennent aussi la critique, la moquerie, la d\u00e9pr\u00e9ciation, l\u2019insulte, le rejet, l\u2019ignorance et l\u2019isolement continuels \u00e0 l\u2019\u00e9gard de l\u2019enfant; ils peuvent inclure l\u2019exposition \u00e0 la violence familiale.<\/p>\n<p>Il y a <strong>abus sexuel<\/strong> lorsqu&rsquo;un enfant est utilis\u00e9 aux fins d\u2019assouvissement sexuel d&rsquo;un adulte ou d&rsquo;un enfant plus \u00e2g\u00e9. L&rsquo;enfant peut coop\u00e9rer par peur ou parce qu&rsquo;il souhaite plaire \u00e0 l&rsquo;adulte. L&rsquo;abus sexuel ne doit pas n\u00e9cessairement inclure un contact physique entre l&rsquo;auteur et l&rsquo;enfant. Il peut s&rsquo;agir d&rsquo;activit\u00e9s telles que les rapports sexuels, l&rsquo;exposition des parties g\u00e9nitales d&rsquo;un enfant, les appels t\u00e9l\u00e9phoniques, les messages texte ou les \u00e9changes \u00e9lectroniques \u00e0 caract\u00e8re obsc\u00e8ne, les caresses \u00e0 des fins sexuelles, le fait de regarder un enfant se d\u00e9shabiller pour le plaisir sexuel, le fait d&rsquo;encourager ou de forcer un enfant \u00e0 regarder des images ou des vid\u00e9os pornographiques ou \u00e0 y participer, et la traite des enfants \u00e0 des fins d&rsquo;exploitation sexuelle.<\/p>\n<p><strong>La n\u00e9gligence<\/strong> survient lorsqu\u2019une personne responsable omet de satisfaire les besoins fondamentaux, comme l\u2019alimentation, le sommeil, la s\u00e9curit\u00e9, l\u2019\u00e9ducation, les v\u00eatements et les traitements m\u00e9dicaux ad\u00e9quats. La n\u00e9gligence inclut aussi le fait de laisser un enfant seul ou d\u2019omettre de lui fournir une supervision ad\u00e9quate. Si la personne responsable est incapable de satisfaire les besoins fondamentaux d\u2019un enfant en raison d\u2019une incapacit\u00e9 financi\u00e8re, il ne s\u2019agit pas de n\u00e9gligence, \u00e0 moins qu\u2019on lui ait offert de l\u2019aide et qu\u2019elle l\u2019ait refus\u00e9e.<\/p>\n<h2>LES SIGNES SUBTILS DE MAUVAIS TRAITEMENTS \u00c0 L\u2019\u00c9GARD DES ENFANTS<\/h2>\n<p>Bien que la pr\u00e9sence d\u2019un seul des signes mentionn\u00e9s ci-dessous ne signifie pas n\u00e9cessairement que des mauvais traitements ou de la n\u00e9gligence ont cours, elle peut indiquer que quelque chose ne va pas. Si l\u2019enfant affiche plusieurs de ces signes, il peut \u00eatre \u00e0 risque de subir des mauvais traitements ou de la n\u00e9gligence. Veuillez communiquer avec votre <a href=\"https:\/\/www.oacas.org\/fr\/sae-et-protection-de-lenfance\/trouver-une-societe-daide-a-lenfance\/\">SAE locale<\/a> si vous avez des pr\u00e9occupations relatives \u00e0 un enfant ou un jeune.<\/p>\n<p>Les mauvais traitements physiques ont cours lorsqu\u2019un enfant subit des blessures ou des s\u00e9vices de la part de sa personne responsable, ou lorsque cette derni\u00e8re n\u00e9glige de prendre les mesures n\u00e9cessaires pour prot\u00e9ger l\u2019enfant. Les signes subtils de mauvais traitements physiques peuvent inclurent (mais sans s\u2019y limiter) les signes suivants :<\/p>\n<ul>\n<li>L\u2019enfant porte des v\u00eatements \u00e0 manches longues ou des pantalons longs, m\u00eame lorsqu\u2019il fait\u00a0chaud<\/li>\n<li>Pleurs excessifs<\/li>\n<li>L\u2019enfant semble anxieux lorsque d\u2019autres enfants pleurent<\/li>\n<li>\u00c9vitement de contacts physiques avec d\u2019autres personnes<\/li>\n<li>R\u00e9currence de cauchemars ou de sommeil agit\u00e9<\/li>\n<li>Comportements extr\u00eames \u2013 agressivit\u00e9 ou retrait<\/li>\n<li>Image n\u00e9gative de soi<\/li>\n<li>L\u2019enfant parle en murmurant<\/li>\n<li>Perte d\u2019app\u00e9tit sans raison apparente, ou app\u00e9tit d\u00e9mesur\u00e9<\/li>\n<li>M\u00e9fiance envers les adultes<\/li>\n<li>Reproduction des mauvais traitements avec des poup\u00e9es ou des amis ou dans des dessins<\/li>\n<li>L\u2019enfant s\u2019agrippe<\/li>\n<li>Comportement d\u00e9linquant<\/li>\n<li>Baisse soudaine du rendement scolaire<\/li>\n<\/ul>\n<p>Les mauvais traitements affectifs ont cours lorsqu\u2019une personne responsable traite un enfant d\u2019une fa\u00e7on tr\u00e8s n\u00e9gative qui d\u00e9truit l\u2019estime de soi ou l\u2019image de soi. Les signes subtils de mauvais traitements affectifs peuvent inclurent (mais sans s\u2019y limiter) les signes suivants :<\/p>\n<ul>\n<li>Changement soudain de la confiance en soi<\/li>\n<li>Maux de t\u00eate ou d\u2019estomac sans motif m\u00e9dical<\/li>\n<li>Comportement destructeur<\/li>\n<li>Peurs anormales ou cauchemars plus fr\u00e9quents<\/li>\n<li>L\u2019enfant ne parvient pas \u00e0 gagner du poids (particuli\u00e8rement les nourrissons)<\/li>\n<li>Manifestations d\u2019affection d\u00e9sesp\u00e9r\u00e9e<\/li>\n<li>Probl\u00e8mes d\u2019\u00e9locution (b\u00e9gaiement, expression h\u00e9sitante)<\/li>\n<li>Troubles de comportement (mordre, se balancer, se cogner la t\u00eate)<\/li>\n<li>L\u2019enfant est r\u00e9calcitrant ou fait souvent des crises de col\u00e8re<\/li>\n<li>Tactiques d\u2019intimidation<\/li>\n<li>L\u2019enfant se frustre facilement<\/li>\n<li>Comportements extr\u00eames \u2013 l\u2019enfant est d\u00e9sob\u00e9issant ou trop docile<\/li>\n<\/ul>\n<p>Les mauvais traitements sexuels consistent en toute forme d\u2019exploitation sexuelle d\u2019un enfant par une personne responsable ou une autre personne. Les signes subtils de mauvais traitements sexuels peuvent inclurent (mais sans s\u2019y limiter) les signes suivants :<\/p>\n<ul>\n<li>Infections urinaires ou maux de gorge fr\u00e9quents<\/li>\n<li>Tristesse constante<\/li>\n<li>Reproduction des mauvais traitements avec des poup\u00e9es ou des amis ou dans des dessins<\/li>\n<li>L\u2019enfant s\u2019agrippe<\/li>\n<li>L\u2019enfant suce son pouce<\/li>\n<li>Peur subite de la noirceur<\/li>\n<li>Comportements extr\u00eames \u2013 agressivit\u00e9 ou retrait<\/li>\n<li>R\u00e9currence de cauchemars ou de sommeil agit\u00e9<\/li>\n<li>Perte d\u2019app\u00e9tit sans raison apparente, ou app\u00e9tit d\u00e9mesur\u00e9<\/li>\n<li>\u00c9nur\u00e9sie<\/li>\n<li>Refus de se d\u00e9v\u00eatir ou port de couches superflues de v\u00eatements<\/li>\n<li>Baisse soudaine du rendement scolaire<\/li>\n<\/ul>\n<p>La n\u00e9gligence survient lorsqu\u2019une personne responsable omet de r\u00e9pondre aux besoins fondamentaux, comme l\u2019alimentation, le sommeil, la s\u00e9curit\u00e9, la supervision, ainsi que les v\u00eatements et les soins m\u00e9dicaux appropri\u00e9s. Les signes subtils de n\u00e9gligence peuvent inclurent (mais sans s\u2019y limiter) les signes suivants :<\/p>\n<ul>\n<li>Oubli de pi\u00e8ces de v\u00eatement importantes<\/li>\n<li>L\u2019enfant est v\u00eatu de fa\u00e7on inappropri\u00e9e compte tenu des conditions m\u00e9t\u00e9orologiques<\/li>\n<li>Taille et poids bien insuffisants compte tenu de l\u2019\u00e2ge<\/li>\n<li>Absences r\u00e9p\u00e9t\u00e9es \u00e0 l\u2019\u00e9cole<\/li>\n<li>Faim persistante<\/li>\n<li>Probl\u00e8mes de concentration<\/li>\n<li>Faible estime de soi<\/li>\n<li>Mauvaise odeur corporelle<\/li>\n<li>L\u2019enfant assume des responsabilit\u00e9s qui rel\u00e8vent des adultes<\/li>\n<li>L\u2019enfant est souvent sale et tr\u00e8s peu soign\u00e9<\/li>\n<li>Somnolence\/fatigue constante<\/li>\n<li>L\u2019enfant vole le d\u00eener ou l\u2019argent de d\u00eener des autres<\/li>\n<\/ul>\n","protected":false},"excerpt":{"rendered":"","protected":false},"author":9,"featured_media":0,"parent":10916,"menu_order":0,"comment_status":"open","ping_status":"closed","template":"page-PageTemplate4.php","meta":{"footnotes":"","_links_to":"","_links_to_target":""},"class_list":["post-1235","page","type-page","status-publish","hentry"],"_links":{"self":[{"href":"https:\/\/www.oacas.org\/fr\/wp-json\/wp\/v2\/pages\/1235","targetHints":{"allow":["GET"]}}],"collection":[{"href":"https:\/\/www.oacas.org\/fr\/wp-json\/wp\/v2\/pages"}],"about":[{"href":"https:\/\/www.oacas.org\/fr\/wp-json\/wp\/v2\/types\/page"}],"author":[{"embeddable":true,"href":"https:\/\/www.oacas.org\/fr\/wp-json\/wp\/v2\/users\/9"}],"replies":[{"embeddable":true,"href":"https:\/\/www.oacas.org\/fr\/wp-json\/wp\/v2\/comments?post=1235"}],"version-history":[{"count":0,"href":"https:\/\/www.oacas.org\/fr\/wp-json\/wp\/v2\/pages\/1235\/revisions"}],"up":[{"embeddable":true,"href":"https:\/\/www.oacas.org\/fr\/wp-json\/wp\/v2\/pages\/10916"}],"wp:attachment":[{"href":"https:\/\/www.oacas.org\/fr\/wp-json\/wp\/v2\/media?parent=1235"}],"curies":[{"name":"wp","href":"https:\/\/api.w.org\/{rel}","templated":true}]}}