{"id":10932,"date":"2022-03-15T16:38:49","date_gmt":"2022-03-15T20:38:49","guid":{"rendered":"http:\/\/www.oacas.org\/data-results\/ressources-sur-les-indicateurs-de-rendement\/"},"modified":"2022-03-15T16:38:49","modified_gmt":"2022-03-15T20:38:49","slug":"ressources-sur-les-indicateurs-de-rendement","status":"publish","type":"page","link":"https:\/\/www.oacas.org\/fr\/data-results\/ressources-sur-les-indicateurs-de-rendement\/","title":{"rendered":"Ressources sur les indicateurs de rendement"},"content":{"rendered":"<p>Les r\u00e9sultats des indicateurs de rendement de l\u2019Ontario s\u2019ajoutent \u00e0 de nombreuses autres initiatives de recherche et de mesure entreprises en Ontario et partout au Canada. Cette biblioth\u00e8que de ressources pr\u00e9sente des rapports d\u2019\u00e9tudes actuelles termin\u00e9es et les principaux sites Web du bien-\u00eatre de l\u2019enfance au Canada.<\/p>\n<p><strong>Liens sur les recherches et donn\u00e9es en mati\u00e8re du bien-\u00eatre de l\u2019enfance au Canada\u00a0:<\/strong><\/p>\n<ul>\n<li><a href=\"http:\/\/cwrp.ca\/fr\/home\" target=\"_blank\" rel=\"noopener\">Portail canadien de la recherche en protection de l\u2019enfance<\/a><\/li>\n<li><a href=\"http:\/\/www.partcanada.org\" target=\"_blank\" rel=\"noopener\">Practice and Research Together<\/a><\/li>\n<li><a href=\"http:\/\/www.cwlc.ca\/fr\/\" target=\"_blank\" rel=\"noopener\">Ligue pour le bien-\u00eatre de l\u2019enfance du Canada<\/a><\/li>\n<li><a href=\"https:\/\/fncaringsociety.com\/fr\/main\" target=\"_blank\" rel=\"noopener\">Soci\u00e9t\u00e9 de soutien \u00e0 l\u2019enfance et \u00e0 la famille des Premi\u00e8res Nations du Canada<\/a><\/li>\n<\/ul>\n","protected":false},"excerpt":{"rendered":"","protected":false},"author":9,"featured_media":0,"parent":424,"menu_order":0,"comment_status":"open","ping_status":"open","template":"page-PageTemplate8.php","meta":{"footnotes":"","_links_to":"","_links_to_target":""},"class_list":["post-10932","page","type-page","status-publish","hentry"],"_links":{"self":[{"href":"https:\/\/www.oacas.org\/fr\/wp-json\/wp\/v2\/pages\/10932","targetHints":{"allow":["GET"]}}],"collection":[{"href":"https:\/\/www.oacas.org\/fr\/wp-json\/wp\/v2\/pages"}],"about":[{"href":"https:\/\/www.oacas.org\/fr\/wp-json\/wp\/v2\/types\/page"}],"author":[{"embeddable":true,"href":"https:\/\/www.oacas.org\/fr\/wp-json\/wp\/v2\/users\/9"}],"replies":[{"embeddable":true,"href":"https:\/\/www.oacas.org\/fr\/wp-json\/wp\/v2\/comments?post=10932"}],"version-history":[{"count":0,"href":"https:\/\/www.oacas.org\/fr\/wp-json\/wp\/v2\/pages\/10932\/revisions"}],"up":[{"embeddable":true,"href":"https:\/\/www.oacas.org\/fr\/wp-json\/wp\/v2\/pages\/424"}],"wp:attachment":[{"href":"https:\/\/www.oacas.org\/fr\/wp-json\/wp\/v2\/media?parent=10932"}],"curies":[{"name":"wp","href":"https:\/\/api.w.org\/{rel}","templated":true}]}}