{"id":10925,"date":"2022-03-15T16:22:54","date_gmt":"2022-03-15T20:22:54","guid":{"rendered":"http:\/\/www.oacas.org\/publications-et-campagnes\/journee-passez-au-mauve-de-lontario\/"},"modified":"2025-10-02T12:03:31","modified_gmt":"2025-10-02T16:03:31","slug":"journee-passez-au-mauve-de-lontario","status":"publish","type":"page","link":"https:\/\/www.oacas.org\/fr\/publications-et-campagnes\/journee-passez-au-mauve-de-lontario\/","title":{"rendered":"Journ\u00e9e Passez au mauve de l\u2019Ontario"},"content":{"rendered":"\t\t<div data-elementor-type=\"wp-page\" data-elementor-id=\"10925\" class=\"elementor elementor-10925 elementor-7501\">\n\t\t\t\t\t\t<section class=\"elementor-section elementor-top-section elementor-element elementor-element-c2c8404 elementor-section-boxed elementor-section-height-default elementor-section-height-default\" data-id=\"c2c8404\" data-element_type=\"section\" data-e-type=\"section\">\n\t\t\t\t\t\t<div class=\"elementor-container elementor-column-gap-extended\">\n\t\t\t\t\t<div class=\"elementor-column elementor-col-100 elementor-top-column elementor-element elementor-element-71d1a27\" data-id=\"71d1a27\" data-element_type=\"column\" data-e-type=\"column\">\n\t\t\t<div class=\"elementor-widget-wrap elementor-element-populated\">\n\t\t\t\t\t\t<div class=\"elementor-element elementor-element-bd6e3b9 elementor-widget elementor-widget-image\" data-id=\"bd6e3b9\" data-element_type=\"widget\" data-e-type=\"widget\" data-widget_type=\"image.default\">\n\t\t\t\t<div class=\"elementor-widget-container\">\n\t\t\t\t\t\t\t\t\t\t\t\t\t\t\t<img fetchpriority=\"high\" decoding=\"async\" width=\"1500\" height=\"500\" src=\"https:\/\/www.oacas.org\/wp-content\/uploads\/2025\/10\/OACAS_Dress-Purple-Day_Twitter-header_1500x500_RGB_FR.png\" class=\"attachment-full size-full wp-image-20827\" alt=\"\" srcset=\"https:\/\/www.oacas.org\/wp-content\/uploads\/2025\/10\/OACAS_Dress-Purple-Day_Twitter-header_1500x500_RGB_FR.png 1500w, https:\/\/www.oacas.org\/wp-content\/uploads\/2025\/10\/OACAS_Dress-Purple-Day_Twitter-header_1500x500_RGB_FR-768x256.png 768w\" sizes=\"(max-width: 1500px) 100vw, 1500px\" \/>\t\t\t\t\t\t\t\t\t\t\t\t\t\t\t<\/div>\n\t\t\t\t<\/div>\n\t\t\t\t<div class=\"elementor-element elementor-element-ac39aea elementor-widget elementor-widget-text-editor\" data-id=\"ac39aea\" data-element_type=\"widget\" data-e-type=\"widget\" data-widget_type=\"text-editor.default\">\n\t\t\t\t<div class=\"elementor-widget-container\">\n\t\t\t\t\t\t\t\t\t<p>Chaque ann\u00e9e en octobre, les soci\u00e9t\u00e9s d&rsquo;aide \u00e0 l&rsquo;enfance de l&rsquo;Ontario accroissent la sensibilisation au r\u00f4le important que les personnes et la communaut\u00e9 jouent dans le soutien aux enfants, aux jeunes et aux familles vuln\u00e9rables par l\u2019entremise de la campagne de la Journ\u00e9e Passez au mauve provinciale.\u00a0<\/p><p>Cette ann\u00e9e, la Journ\u00e9e Passez au mauve aura lieu le jeudi 16 octobre 2025.\u00a0<\/p><p>Nous invitons tous les Ontariens \u00e0 porter quelque chose de mauve pour montrer aux enfants, aux jeunes et aux familles qu\u2019ils sont l\u00e0 pour aider!<\/p>\t\t\t\t\t\t\t\t<\/div>\n\t\t\t\t<\/div>\n\t\t\t\t\t<\/div>\n\t\t<\/div>\n\t\t\t\t\t<\/div>\n\t\t<\/section>\n\t\t\t\t<section class=\"elementor-section elementor-top-section elementor-element elementor-element-9b63b2f elementor-section-boxed elementor-section-height-default elementor-section-height-default\" data-id=\"9b63b2f\" data-element_type=\"section\" data-e-type=\"section\">\n\t\t\t\t\t\t<div class=\"elementor-container elementor-column-gap-extended\">\n\t\t\t\t\t<div class=\"elementor-column elementor-col-50 elementor-top-column elementor-element elementor-element-91524a9\" data-id=\"91524a9\" data-element_type=\"column\" data-e-type=\"column\">\n\t\t\t<div class=\"elementor-widget-wrap elementor-element-populated\">\n\t\t\t\t\t\t<div class=\"elementor-element elementor-element-773b5e8 elementor-widget elementor-widget-heading\" data-id=\"773b5e8\" data-element_type=\"widget\" data-e-type=\"widget\" data-widget_type=\"heading.default\">\n\t\t\t\t<div class=\"elementor-widget-container\">\n\t\t\t\t\t<h3 class=\"elementor-heading-title elementor-size-default\">Trousse d\u2019outils pour la campagne<\/h3>\t\t\t\t<\/div>\n\t\t\t\t<\/div>\n\t\t\t\t<div class=\"elementor-element elementor-element-773425e elementor-widget elementor-widget-text-editor\" data-id=\"773425e\" data-element_type=\"widget\" data-e-type=\"widget\" data-widget_type=\"text-editor.default\">\n\t\t\t\t<div class=\"elementor-widget-container\">\n\t\t\t\t\t\t\t\t\t<p>T\u00e9l\u00e9chargez notre trousse \u00e0 outils pour d\u00e9couvrir comment vous pouvez participer a la Journ\u00e9e Passez au mauve 2025.<\/p>\t\t\t\t\t\t\t\t<\/div>\n\t\t\t\t<\/div>\n\t\t\t\t<div class=\"elementor-element elementor-element-8728765 elementor-align-center elementor-widget elementor-widget-button\" data-id=\"8728765\" data-element_type=\"widget\" data-e-type=\"widget\" data-widget_type=\"button.default\">\n\t\t\t\t<div class=\"elementor-widget-container\">\n\t\t\t\t\t\t\t\t\t<div class=\"elementor-button-wrapper\">\n\t\t\t\t\t<a class=\"elementor-button elementor-button-link elementor-size-sm\" href=\"https:\/\/www.oacas.org\/wp-content\/uploads\/2025\/10\/Toolkit-Dress-Purple-Day-2025-October-16-2025_FR.pdf\" target=\"_blank\">\n\t\t\t\t\t\t<span class=\"elementor-button-content-wrapper\">\n\t\t\t\t\t\t\t\t\t<span class=\"elementor-button-text\">T\u00e9l\u00e9charger la trousse<\/span>\n\t\t\t\t\t<\/span>\n\t\t\t\t\t<\/a>\n\t\t\t\t<\/div>\n\t\t\t\t\t\t\t\t<\/div>\n\t\t\t\t<\/div>\n\t\t\t\t\t<\/div>\n\t\t<\/div>\n\t\t\t\t<div class=\"elementor-column elementor-col-50 elementor-top-column elementor-element elementor-element-c78f6e5\" data-id=\"c78f6e5\" data-element_type=\"column\" data-e-type=\"column\">\n\t\t\t<div class=\"elementor-widget-wrap elementor-element-populated\">\n\t\t\t\t\t\t<div class=\"elementor-element elementor-element-e729ff9 elementor-widget elementor-widget-heading\" data-id=\"e729ff9\" data-element_type=\"widget\" data-e-type=\"widget\" data-widget_type=\"heading.default\">\n\t\t\t\t<div class=\"elementor-widget-container\">\n\t\t\t\t\t<h3 class=\"elementor-heading-title elementor-size-default\">M\u00e9dias sociaux<\/h3>\t\t\t\t<\/div>\n\t\t\t\t<\/div>\n\t\t\t\t<div class=\"elementor-element elementor-element-43166fd elementor-widget elementor-widget-text-editor\" data-id=\"43166fd\" data-element_type=\"widget\" data-e-type=\"widget\" data-widget_type=\"text-editor.default\">\n\t\t\t\t<div class=\"elementor-widget-container\">\n\t\t\t\t\t\t\t\t\t<ul><li>Filtre d&rsquo;image de profil : <a href=\"https:\/\/www.oacas.org\/wp-content\/uploads\/2025\/10\/Dress-Purple-Day-2025-Profile-Picture-Filter_FR-1.zip\">T\u00e9l\u00e9chargez<\/a><\/li><li>Images pour Twitter : <a href=\"https:\/\/www.oacas.org\/wp-content\/uploads\/2025\/10\/Dress-Purple-Day-2025-Twitter-Images_FR-1.zip\" target=\"_blank\" rel=\"noopener\">T\u00e9l\u00e9chargez<\/a><\/li><li>Images pour Facebook : <a href=\"https:\/\/www.oacas.org\/wp-content\/uploads\/2025\/10\/Dress-Purple-Day-2025-Facebook-Images_FR-1.zip\">T\u00e9l\u00e9chargez<\/a><\/li><li>Images pour Instagram : <a href=\"http:\/\/www.oacas.org\/wp-content\/uploads\/2024\/06\/DPD-2024-Instagram-FR.zip\">T\u00e9l\u00e9chargez<\/a><\/li><li>Arri\u00e8re-plan pour les appels vid\u00e9o : <a href=\"https:\/\/www.oacas.org\/wp-content\/uploads\/2025\/10\/Dress-Purple-Day-2025-Video-Call-Background_FR-1.zip\">T\u00e9l\u00e9chargez<\/a><\/li><\/ul>\t\t\t\t\t\t\t\t<\/div>\n\t\t\t\t<\/div>\n\t\t\t\t\t<\/div>\n\t\t<\/div>\n\t\t\t\t\t<\/div>\n\t\t<\/section>\n\t\t\t\t<section class=\"elementor-section elementor-top-section elementor-element elementor-element-24359ca elementor-section-boxed elementor-section-height-default elementor-section-height-default\" data-id=\"24359ca\" data-element_type=\"section\" data-e-type=\"section\">\n\t\t\t\t\t\t<div class=\"elementor-container elementor-column-gap-extended\">\n\t\t\t\t\t<div class=\"elementor-column elementor-col-50 elementor-top-column elementor-element elementor-element-1ee400f\" data-id=\"1ee400f\" data-element_type=\"column\" data-e-type=\"column\">\n\t\t\t<div class=\"elementor-widget-wrap elementor-element-populated\">\n\t\t\t\t\t\t<div class=\"elementor-element elementor-element-902828d elementor-widget elementor-widget-heading\" data-id=\"902828d\" data-element_type=\"widget\" data-e-type=\"widget\" data-widget_type=\"heading.default\">\n\t\t\t\t<div class=\"elementor-widget-container\">\n\t\t\t\t\t<h3 class=\"elementor-heading-title elementor-size-default\">Affiche (11 x 17)<\/h3>\t\t\t\t<\/div>\n\t\t\t\t<\/div>\n\t\t\t\t<div class=\"elementor-element elementor-element-4529503 elementor-widget elementor-widget-image\" data-id=\"4529503\" data-element_type=\"widget\" data-e-type=\"widget\" data-widget_type=\"image.default\">\n\t\t\t\t<div class=\"elementor-widget-container\">\n\t\t\t\t\t\t\t\t\t\t\t\t\t\t\t<img decoding=\"async\" width=\"768\" height=\"1187\" src=\"https:\/\/www.oacas.org\/wp-content\/uploads\/2025\/10\/OACAS_2025_Dress-Purple-Day_11x17_RGB_FR-1-768x1187.png\" class=\"attachment-medium_large size-medium_large wp-image-20843\" alt=\"\" srcset=\"https:\/\/www.oacas.org\/wp-content\/uploads\/2025\/10\/OACAS_2025_Dress-Purple-Day_11x17_RGB_FR-1-768x1187.png 768w, https:\/\/www.oacas.org\/wp-content\/uploads\/2025\/10\/OACAS_2025_Dress-Purple-Day_11x17_RGB_FR-1-994x1536.png 994w, https:\/\/www.oacas.org\/wp-content\/uploads\/2025\/10\/OACAS_2025_Dress-Purple-Day_11x17_RGB_FR-1-1325x2048.png 1325w, https:\/\/www.oacas.org\/wp-content\/uploads\/2025\/10\/OACAS_2025_Dress-Purple-Day_11x17_RGB_FR-1-scaled.png 1656w\" sizes=\"(max-width: 768px) 100vw, 768px\" \/>\t\t\t\t\t\t\t\t\t\t\t\t\t\t\t<\/div>\n\t\t\t\t<\/div>\n\t\t\t\t<div class=\"elementor-element elementor-element-a317e70 elementor-align-center elementor-widget elementor-widget-button\" data-id=\"a317e70\" data-element_type=\"widget\" data-e-type=\"widget\" data-widget_type=\"button.default\">\n\t\t\t\t<div class=\"elementor-widget-container\">\n\t\t\t\t\t\t\t\t\t<div class=\"elementor-button-wrapper\">\n\t\t\t\t\t<a class=\"elementor-button elementor-button-link elementor-size-sm\" href=\"https:\/\/www.oacas.org\/wp-content\/uploads\/2025\/10\/Dress-Purple-Day-2025-Posters-11-x-17_FR.zip\" target=\"_blank\">\n\t\t\t\t\t\t<span class=\"elementor-button-content-wrapper\">\n\t\t\t\t\t\t\t\t\t<span class=\"elementor-button-text\">T\u00e9l\u00e9charger<\/span>\n\t\t\t\t\t<\/span>\n\t\t\t\t\t<\/a>\n\t\t\t\t<\/div>\n\t\t\t\t\t\t\t\t<\/div>\n\t\t\t\t<\/div>\n\t\t\t\t\t<\/div>\n\t\t<\/div>\n\t\t\t\t<div class=\"elementor-column elementor-col-50 elementor-top-column elementor-element elementor-element-94e5ec4\" data-id=\"94e5ec4\" data-element_type=\"column\" data-e-type=\"column\">\n\t\t\t<div class=\"elementor-widget-wrap elementor-element-populated\">\n\t\t\t\t\t\t<div class=\"elementor-element elementor-element-e68de62 elementor-widget elementor-widget-heading\" data-id=\"e68de62\" data-element_type=\"widget\" data-e-type=\"widget\" data-widget_type=\"heading.default\">\n\t\t\t\t<div class=\"elementor-widget-container\">\n\t\t\t\t\t<h3 class=\"elementor-heading-title elementor-size-default\">Affiche (8,5 x 11)<\/h3>\t\t\t\t<\/div>\n\t\t\t\t<\/div>\n\t\t\t\t<div class=\"elementor-element elementor-element-b33592a elementor-widget elementor-widget-image\" data-id=\"b33592a\" data-element_type=\"widget\" data-e-type=\"widget\" data-widget_type=\"image.default\">\n\t\t\t\t<div class=\"elementor-widget-container\">\n\t\t\t\t\t\t\t\t\t\t\t\t\t\t\t<img decoding=\"async\" width=\"768\" height=\"994\" src=\"https:\/\/www.oacas.org\/wp-content\/uploads\/2025\/10\/OACAS_2025_Dress-Purple-Day_8.5x11_RGB_FR-1-768x994.png\" class=\"attachment-medium_large size-medium_large wp-image-20845\" alt=\"\" srcset=\"https:\/\/www.oacas.org\/wp-content\/uploads\/2025\/10\/OACAS_2025_Dress-Purple-Day_8.5x11_RGB_FR-1-768x994.png 768w, https:\/\/www.oacas.org\/wp-content\/uploads\/2025\/10\/OACAS_2025_Dress-Purple-Day_8.5x11_RGB_FR-1-1187x1536.png 1187w, https:\/\/www.oacas.org\/wp-content\/uploads\/2025\/10\/OACAS_2025_Dress-Purple-Day_8.5x11_RGB_FR-1-1583x2048.png 1583w, https:\/\/www.oacas.org\/wp-content\/uploads\/2025\/10\/OACAS_2025_Dress-Purple-Day_8.5x11_RGB_FR-1-scaled.png 1978w\" sizes=\"(max-width: 768px) 100vw, 768px\" \/>\t\t\t\t\t\t\t\t\t\t\t\t\t\t\t<\/div>\n\t\t\t\t<\/div>\n\t\t\t\t<div class=\"elementor-element elementor-element-d7f1336 elementor-align-center elementor-widget elementor-widget-button\" data-id=\"d7f1336\" data-element_type=\"widget\" data-e-type=\"widget\" data-widget_type=\"button.default\">\n\t\t\t\t<div class=\"elementor-widget-container\">\n\t\t\t\t\t\t\t\t\t<div class=\"elementor-button-wrapper\">\n\t\t\t\t\t<a class=\"elementor-button elementor-button-link elementor-size-sm\" href=\"https:\/\/www.oacas.org\/wp-content\/uploads\/2025\/10\/Dress-Purple-Day-2025-Posters-8-5-x-11_FR.zip\" target=\"_blank\">\n\t\t\t\t\t\t<span class=\"elementor-button-content-wrapper\">\n\t\t\t\t\t\t\t\t\t<span class=\"elementor-button-text\">T\u00e9l\u00e9charger<\/span>\n\t\t\t\t\t<\/span>\n\t\t\t\t\t<\/a>\n\t\t\t\t<\/div>\n\t\t\t\t\t\t\t\t<\/div>\n\t\t\t\t<\/div>\n\t\t\t\t\t<\/div>\n\t\t<\/div>\n\t\t\t\t\t<\/div>\n\t\t<\/section>\n\t\t\t\t<section class=\"elementor-section elementor-top-section elementor-element elementor-element-edd15c9 elementor-section-boxed elementor-section-height-default elementor-section-height-default\" data-id=\"edd15c9\" data-element_type=\"section\" data-e-type=\"section\">\n\t\t\t\t\t\t<div class=\"elementor-container elementor-column-gap-extended\">\n\t\t\t\t\t<div class=\"elementor-column elementor-col-100 elementor-top-column elementor-element elementor-element-16d1b4b\" data-id=\"16d1b4b\" data-element_type=\"column\" data-e-type=\"column\">\n\t\t\t<div class=\"elementor-widget-wrap elementor-element-populated\">\n\t\t\t\t\t\t<div class=\"elementor-element elementor-element-ddd4d75 elementor-widget elementor-widget-heading\" data-id=\"ddd4d75\" data-element_type=\"widget\" data-e-type=\"widget\" data-widget_type=\"heading.default\">\n\t\t\t\t<div class=\"elementor-widget-container\">\n\t\t\t\t\t<h3 class=\"elementor-heading-title elementor-size-default\">Ressources compl\u00e9mentaires<\/h3>\t\t\t\t<\/div>\n\t\t\t\t<\/div>\n\t\t\t\t<div class=\"elementor-element elementor-element-295fd14 elementor-widget elementor-widget-text-editor\" data-id=\"295fd14\" data-element_type=\"widget\" data-e-type=\"widget\" data-widget_type=\"text-editor.default\">\n\t\t\t\t<div class=\"elementor-widget-container\">\n\t\t\t\t\t\t\t\t\t<ul><li>Lisez la brochure de notre campagne\u00a0<a href=\"https:\/\/www.oacas.org\/wp-content\/uploads\/2018\/09\/A-Shared-Responsibility-brochure-FR.pdf\">Le bien-\u00eatre de l\u2019enfance en Ontario\u00a0:<\/a> <a href=\"https:\/\/www.oacas.org\/wp-content\/uploads\/2018\/09\/A-Shared-Responsibility-brochure-FR.pdf\">une responsabilit\u00e9 partag\u00e9e<\/a><\/li><li>Regardez\u00a0<a href=\"https:\/\/www.youtube.com\/watch?v=K37Aj5ZrCWM&amp;feature=emb_logo\">notre vid\u00e9o pour mieux comprendre le secteur du bien-\u00eatre de l\u2019enfance<\/a>.<\/li><li>Lisez la brochure du minist\u00e8re des Services \u00e0 l\u2019enfance et des Services sociaux et communautaires\u00a0:\u00a0<a href=\"https:\/\/files.ontario.ca\/pdf-3\/mccss-report-child-abuse-and-neglect-fr-2022-03-31.pdf\">Faire rapport de situations d\u2019enfants victimes de mauvais traitements et de n\u00e9gligence\u00a0:<\/a><a href=\"https:\/\/files.ontario.ca\/pdf-3\/mccss-report-child-abuse-and-neglect-fr-2022-03-31.pdf\"> C\u2019est votre obligation<\/a><\/li><\/ul>\t\t\t\t\t\t\t\t<\/div>\n\t\t\t\t<\/div>\n\t\t\t\t\t<\/div>\n\t\t<\/div>\n\t\t\t\t\t<\/div>\n\t\t<\/section>\n\t\t\t\t<section class=\"elementor-section elementor-top-section elementor-element elementor-element-e6dccc1 elementor-section-boxed elementor-section-height-default elementor-section-height-default\" data-id=\"e6dccc1\" data-element_type=\"section\" data-e-type=\"section\">\n\t\t\t\t\t\t<div class=\"elementor-container elementor-column-gap-extended\">\n\t\t\t\t\t<div class=\"elementor-column elementor-col-100 elementor-top-column elementor-element elementor-element-545b046\" data-id=\"545b046\" data-element_type=\"column\" data-e-type=\"column\">\n\t\t\t<div class=\"elementor-widget-wrap elementor-element-populated\">\n\t\t\t\t\t\t<div class=\"elementor-element elementor-element-99116c5 elementor-widget elementor-widget-heading\" data-id=\"99116c5\" data-element_type=\"widget\" data-e-type=\"widget\" data-widget_type=\"heading.default\">\n\t\t\t\t<div class=\"elementor-widget-container\">\n\t\t\t\t\t<h3 class=\"elementor-heading-title elementor-size-default\">Trouver des ressources et des soutiens<\/h3>\t\t\t\t<\/div>\n\t\t\t\t<\/div>\n\t\t\t\t<div class=\"elementor-element elementor-element-17e40db elementor-widget elementor-widget-text-editor\" data-id=\"17e40db\" data-element_type=\"widget\" data-e-type=\"widget\" data-widget_type=\"text-editor.default\">\n\t\t\t\t<div class=\"elementor-widget-container\">\n\t\t\t\t\t\t\t\t\tNous savons que les enfants, les jeunes et les familles de l&rsquo;Ontario sont plus que jamais en difficult\u00e9. Nous savons aussi que les types de d\u00e9fis auxquels les familles font face sont tr\u00e8s vari\u00e9s, qu\u2019il s\u2019agisse d&rsquo;ins\u00e9curit\u00e9 alimentaire et de logement, de sant\u00e9 mentale et de toxicomanie, ou encore de violence entre partenaires intimes. Nous avons dress\u00e9 une liste de ressources et de soutiens qui, nous l&rsquo;esp\u00e9rons, vous montreront qu&rsquo;il existe de nombreux endroits o\u00f9 vous pouvez vous adresser lorsque vous, ou une personne de votre entourage, avez besoin d&rsquo;aide.\t\t\t\t\t\t\t\t<\/div>\n\t\t\t\t<\/div>\n\t\t\t\t<div class=\"elementor-element elementor-element-818fbe1 elementor-align-left elementor-widget elementor-widget-button\" data-id=\"818fbe1\" data-element_type=\"widget\" data-e-type=\"widget\" data-widget_type=\"button.default\">\n\t\t\t\t<div class=\"elementor-widget-container\">\n\t\t\t\t\t\t\t\t\t<div class=\"elementor-button-wrapper\">\n\t\t\t\t\t<a class=\"elementor-button elementor-button-link elementor-size-sm\" href=\"https:\/\/www.oacas.org\/fr\/ce-que-nous-faisons\/communications-et-engagement-du-public\/ressources-et-soutiens-pour-les-familles-de-lontario\/\">\n\t\t\t\t\t\t<span class=\"elementor-button-content-wrapper\">\n\t\t\t\t\t\t\t\t\t<span class=\"elementor-button-text\"> Trouvez des ressources<\/span>\n\t\t\t\t\t<\/span>\n\t\t\t\t\t<\/a>\n\t\t\t\t<\/div>\n\t\t\t\t\t\t\t\t<\/div>\n\t\t\t\t<\/div>\n\t\t\t\t\t<\/div>\n\t\t<\/div>\n\t\t\t\t\t<\/div>\n\t\t<\/section>\n\t\t\t\t<section class=\"elementor-section elementor-top-section elementor-element elementor-element-229a4e5 elementor-section-boxed elementor-section-height-default elementor-section-height-default\" data-id=\"229a4e5\" data-element_type=\"section\" data-e-type=\"section\">\n\t\t\t\t\t\t<div class=\"elementor-container elementor-column-gap-extended\">\n\t\t\t\t\t<div class=\"elementor-column elementor-col-100 elementor-top-column elementor-element elementor-element-21a4b9a\" data-id=\"21a4b9a\" data-element_type=\"column\" data-e-type=\"column\">\n\t\t\t<div class=\"elementor-widget-wrap elementor-element-populated\">\n\t\t\t\t\t\t<div class=\"elementor-element elementor-element-da0f34e elementor-widget elementor-widget-heading\" data-id=\"da0f34e\" data-element_type=\"widget\" data-e-type=\"widget\" data-widget_type=\"heading.default\">\n\t\t\t\t<div class=\"elementor-widget-container\">\n\t\t\t\t\t<h3 class=\"elementor-heading-title elementor-size-default\">Ressources de pr\u00e9vention pour la classe Passez au mauve<\/h3>\t\t\t\t<\/div>\n\t\t\t\t<\/div>\n\t\t\t\t<div class=\"elementor-element elementor-element-ce9c85b elementor-widget elementor-widget-text-editor\" data-id=\"ce9c85b\" data-element_type=\"widget\" data-e-type=\"widget\" data-widget_type=\"text-editor.default\">\n\t\t\t\t<div class=\"elementor-widget-container\">\n\t\t\t\t\t\t\t\t\tLa journ\u00e9e Passez au mauve offre une occasion remarquable de sensibiliser les \u00e9l\u00e8ves des niveaux primaire, interm\u00e9diaire et secondaire au sujet de leur droit \u00e0 la s\u00e9curit\u00e9 et au bien-\u00eatre. Pour appuyer cet objectif important, et en r\u00e9ponse aux recommandations des enqu\u00eates, nous avons \u00e9labor\u00e9 des ressources de pr\u00e9vention pour la classe provinciales afin d\u2019aider les enseignants et les professionnels de l\u2019\u00e9ducation \u00e0 entreprendre avec leurs \u00e9l\u00e8ves des conversations concernant la s\u00e9curit\u00e9 et le bien-\u00eatre dans tous les aspects de leur vie, ainsi que les aider \u00e0 rep\u00e9rer leurs r\u00e9seaux de soutien.\t\t\t\t\t\t\t\t<\/div>\n\t\t\t\t<\/div>\n\t\t\t\t<div class=\"elementor-element elementor-element-7b16242 elementor-align-left elementor-widget elementor-widget-button\" data-id=\"7b16242\" data-element_type=\"widget\" data-e-type=\"widget\" data-widget_type=\"button.default\">\n\t\t\t\t<div class=\"elementor-widget-container\">\n\t\t\t\t\t\t\t\t\t<div class=\"elementor-button-wrapper\">\n\t\t\t\t\t<a class=\"elementor-button elementor-button-link elementor-size-sm\" href=\"https:\/\/www.oacas.org\/fr\/publications-et-campagnes\/journee-passez-au-mauve-de-lontario\/journeepassezaumauve-ressources-pour-la-classe\/\">\n\t\t\t\t\t\t<span class=\"elementor-button-content-wrapper\">\n\t\t\t\t\t\t\t\t\t<span class=\"elementor-button-text\"> Consultez les ressources pour la classe<\/span>\n\t\t\t\t\t<\/span>\n\t\t\t\t\t<\/a>\n\t\t\t\t<\/div>\n\t\t\t\t\t\t\t\t<\/div>\n\t\t\t\t<\/div>\n\t\t\t\t<div class=\"elementor-element elementor-element-08ba711 elementor-widget elementor-widget-text-editor\" data-id=\"08ba711\" data-element_type=\"widget\" data-e-type=\"widget\" data-widget_type=\"text-editor.default\">\n\t\t\t\t<div class=\"elementor-widget-container\">\n\t\t\t\t\t\t\t\t\t<p><strong><a href=\"https:\/\/www.oacas.org\/fr\/2021\/10\/pourquoi-ce-nest-plus-le-mois-de-la-prevention-du-mauvais-traitement-des-enfants-mais-plutot-un-appel-a-se-joindre-a-la-journee-passez-au-mauve-2021\/\">Pourquoi ce n\u2019est plus le Mois de la pr\u00e9vention du mauvais traitement des enfants&#8230;<\/a><\/strong><\/p>\t\t\t\t\t\t\t\t<\/div>\n\t\t\t\t<\/div>\n\t\t\t\t\t<\/div>\n\t\t<\/div>\n\t\t\t\t\t<\/div>\n\t\t<\/section>\n\t\t\t\t<section class=\"elementor-section elementor-top-section elementor-element elementor-element-cf65291 elementor-section-boxed elementor-section-height-default elementor-section-height-default\" data-id=\"cf65291\" data-element_type=\"section\" data-e-type=\"section\">\n\t\t\t\t\t\t<div class=\"elementor-container elementor-column-gap-extended\">\n\t\t\t\t\t<div class=\"elementor-column elementor-col-100 elementor-top-column elementor-element elementor-element-f5f499d\" data-id=\"f5f499d\" data-element_type=\"column\" data-e-type=\"column\">\n\t\t\t<div class=\"elementor-widget-wrap elementor-element-populated\">\n\t\t\t\t\t\t<div class=\"elementor-element elementor-element-d542667 elementor-widget elementor-widget-image\" data-id=\"d542667\" data-element_type=\"widget\" data-e-type=\"widget\" data-widget_type=\"image.default\">\n\t\t\t\t<div class=\"elementor-widget-container\">\n\t\t\t\t\t\t\t\t\t\t\t\t\t\t\t<img loading=\"lazy\" decoding=\"async\" width=\"293\" height=\"42\" src=\"https:\/\/www.oacas.org\/wp-content\/uploads\/2022\/03\/dress-purple-2021-footer-logos-FR.png\" class=\"attachment-full size-full wp-image-11063\" alt=\"Logos of OACAS and BOOST (in French)\" \/>\t\t\t\t\t\t\t\t\t\t\t\t\t\t\t<\/div>\n\t\t\t\t<\/div>\n\t\t\t\t<div class=\"elementor-element elementor-element-704d826 elementor-widget elementor-widget-text-editor\" data-id=\"704d826\" data-element_type=\"widget\" data-e-type=\"widget\" data-widget_type=\"text-editor.default\">\n\t\t\t\t<div class=\"elementor-widget-container\">\n\t\t\t\t\t\t\t\t\t\u00a9 Boost Child &amp; Youth Advocacy Centre. Utilisation sous licence. Tous droits r\u00e9serv\u00e9s.\t\t\t\t\t\t\t\t<\/div>\n\t\t\t\t<\/div>\n\t\t\t\t\t<\/div>\n\t\t<\/div>\n\t\t\t\t\t<\/div>\n\t\t<\/section>\n\t\t\t\t<\/div>\n\t\t","protected":false},"excerpt":{"rendered":"","protected":false},"author":21,"featured_media":0,"parent":586,"menu_order":0,"comment_status":"closed","ping_status":"closed","template":"page-FullWidth.php","meta":{"footnotes":"","_links_to":"","_links_to_target":""},"class_list":["post-10925","page","type-page","status-publish","hentry"],"_links":{"self":[{"href":"https:\/\/www.oacas.org\/fr\/wp-json\/wp\/v2\/pages\/10925","targetHints":{"allow":["GET"]}}],"collection":[{"href":"https:\/\/www.oacas.org\/fr\/wp-json\/wp\/v2\/pages"}],"about":[{"href":"https:\/\/www.oacas.org\/fr\/wp-json\/wp\/v2\/types\/page"}],"author":[{"embeddable":true,"href":"https:\/\/www.oacas.org\/fr\/wp-json\/wp\/v2\/users\/21"}],"replies":[{"embeddable":true,"href":"https:\/\/www.oacas.org\/fr\/wp-json\/wp\/v2\/comments?post=10925"}],"version-history":[{"count":0,"href":"https:\/\/www.oacas.org\/fr\/wp-json\/wp\/v2\/pages\/10925\/revisions"}],"up":[{"embeddable":true,"href":"https:\/\/www.oacas.org\/fr\/wp-json\/wp\/v2\/pages\/586"}],"wp:attachment":[{"href":"https:\/\/www.oacas.org\/fr\/wp-json\/wp\/v2\/media?parent=10925"}],"curies":[{"name":"wp","href":"https:\/\/api.w.org\/{rel}","templated":true}]}}