{"id":10921,"date":"2022-03-15T12:48:40","date_gmt":"2022-03-15T16:48:40","guid":{"rendered":"http:\/\/www.oacas.org\/publications-et-campagnes\/rapports-annuels-de-laosae\/"},"modified":"2026-02-18T11:29:32","modified_gmt":"2026-02-18T16:29:32","slug":"rapports-annuels-de-laosae","status":"publish","type":"page","link":"https:\/\/www.oacas.org\/fr\/publications-et-campagnes\/rapports-annuels-de-laosae\/","title":{"rendered":"Rapports annuels de l\u2019AOSAE"},"content":{"rendered":"\t\t<div data-elementor-type=\"wp-page\" data-elementor-id=\"10921\" class=\"elementor elementor-10921 elementor-1080\">\n\t\t\t\t\t\t<section class=\"elementor-section elementor-top-section elementor-element elementor-element-647536d elementor-section-boxed elementor-section-height-default elementor-section-height-default\" data-id=\"647536d\" data-element_type=\"section\" data-e-type=\"section\">\n\t\t\t\t\t\t<div class=\"elementor-container elementor-column-gap-default\">\n\t\t\t\t\t<div class=\"elementor-column elementor-col-66 elementor-top-column elementor-element elementor-element-7b374c5\" data-id=\"7b374c5\" data-element_type=\"column\" data-e-type=\"column\">\n\t\t\t<div class=\"elementor-widget-wrap elementor-element-populated\">\n\t\t\t\t\t\t<div class=\"elementor-element elementor-element-a1a4018 elementor-widget elementor-widget-heading\" data-id=\"a1a4018\" data-element_type=\"widget\" data-e-type=\"widget\" data-widget_type=\"heading.default\">\n\t\t\t\t<div class=\"elementor-widget-container\">\n\t\t\t\t\t<h4 class=\"elementor-heading-title elementor-size-default\">Chaque ann\u00e9e, l\u2019AOSAE publie un sommaire des programmes et projets, des r\u00e9alisations et des contributions en mati\u00e8re de bien-\u00eatre de l\u2019enfance pour l\u2019ann\u00e9e.<\/h4>\t\t\t\t<\/div>\n\t\t\t\t<\/div>\n\t\t\t\t<div class=\"elementor-element elementor-element-4d7dec4 elementor-widget elementor-widget-text-editor\" data-id=\"4d7dec4\" data-element_type=\"widget\" data-e-type=\"widget\" data-widget_type=\"text-editor.default\">\n\t\t\t\t<div class=\"elementor-widget-container\">\n\t\t\t\t\t\t\t\t\t<p>\u00c0 titre d\u2019organisme compos\u00e9 de membres qui repr\u00e9sente 49 soci\u00e9t\u00e9s d\u2019aide \u00e0 l\u2019enfance (SAE), l\u2019Association ontarienne des soci\u00e9t\u00e9s de l\u2019aide \u00e0 l\u2019enfance (AOSAE) a le privil\u00e8ge d\u2019\u00eatre au premier plan du travail diffi cile et inspirant eff ectu\u00e9 par le secteur du bien-\u00eatre de l\u2019enfance de l\u2019Ontario. Les trois piliers de l\u2019engagement de l\u2019AOSAE \u2013 repr\u00e9sentation, leadership et excellence des services \u2013 orientent notre travail avec nos membres, alors que nous \u0153uvrons collectivement pour servir les enfants, les jeunes et les familles dont nous nous occupons.<\/p>\t\t\t\t\t\t\t\t<\/div>\n\t\t\t\t<\/div>\n\t\t\t\t<div class=\"elementor-element elementor-element-a2dfe65 elementor-widget elementor-widget-accordion\" data-id=\"a2dfe65\" data-element_type=\"widget\" data-e-type=\"widget\" data-widget_type=\"accordion.default\">\n\t\t\t\t<div class=\"elementor-widget-container\">\n\t\t\t\t\t\t\t<div class=\"elementor-accordion\">\n\t\t\t\t\t\t\t<div class=\"elementor-accordion-item\">\n\t\t\t\t\t<div id=\"elementor-tab-title-1701\" class=\"elementor-tab-title\" data-tab=\"1\" role=\"button\" aria-controls=\"elementor-tab-content-1701\" aria-expanded=\"false\">\n\t\t\t\t\t\t\t\t\t\t\t\t\t<span class=\"elementor-accordion-icon elementor-accordion-icon-left\" aria-hidden=\"true\">\n\t\t\t\t\t\t\t\t\t\t\t\t\t\t\t<span class=\"elementor-accordion-icon-closed\"><i class=\"fas fa-plus\"><\/i><\/span>\n\t\t\t\t\t\t\t\t<span class=\"elementor-accordion-icon-opened\"><i class=\"fas fa-minus\"><\/i><\/span>\n\t\t\t\t\t\t\t\t\t\t\t\t\t\t<\/span>\n\t\t\t\t\t\t\t\t\t\t\t\t<a class=\"elementor-accordion-title\" tabindex=\"0\">Rapports annuels archiv\u00e9s<\/a>\n\t\t\t\t\t<\/div>\n\t\t\t\t\t<div id=\"elementor-tab-content-1701\" class=\"elementor-tab-content elementor-clearfix\" data-tab=\"1\" role=\"region\" aria-labelledby=\"elementor-tab-title-1701\"><p><a href=\"https:\/\/www.oacas.org\/wp-content\/uploads\/2026\/02\/2023-2024-OACAS-Annual-Report-FR-final.pdf\" target=\"_blank\">2023-2024<\/a><\/p>\n<p><a href=\"http:\/\/www.oacas.org\/wp-content\/uploads\/2023\/06\/OACAS_Annual_Report_2023_FR_Final_v4.pdf\">2022-2023<\/a><\/p>\n<p><a href=\"http:\/\/www.oacas.org\/wp-content\/uploads\/2022\/06\/OACAS_Annual_Report_2022_FR_Final.pdf\">2021-2022<\/a><\/p>\n<p><a href=\"http:\/\/www.oacas.org\/wp-content\/uploads\/2021\/06\/OACAS-Annual-Report-2021-FR.pdf\">2020-2021<\/a><\/p>\n<p><a href=\"https:\/\/www.oacas.org\/fr\/publications-et-campagnes\/rapports-annuels-de-laosae\/annual-report-2020\/\" rel=\"noopener\">2019-2020<\/a><\/p>\n<p><a href=\"https:\/\/www.oacas.org\/fr\/publications-et-campagnes\/rapports-annuels-de-laosae\/rapport-annuel-2018-2019\/\" rel=\"noopener\">2018-2019<\/a><\/p>\n<p><a href=\"https:\/\/www.oacas.org\/fr\/publications-et-campagnes\/rapports-annuels-de-laosae\/rapport-annuel-2017-2018\/\" rel=\"noopener\">2017-2018<\/a><\/p>\n<p><a href=\"https:\/\/www.oacas.org\/fr\/publications-et-campagnes\/rapports-annuels-de-laosae\/rapport-annuel-de-lassociation-ontarienne-des-societes-de-laide-a-lenfance-2016-2017-2\/\" rel=\"noopener\">2016-2017<\/a><\/p>\n<p><a href=\"https:\/\/www.oacas.org\/fr\/publications-et-campagnes\/rapports-annuels-de-laosae\/rapport-annuel-de-lassociation-ontarienne-des-societes-de-laide-a-lenfance-2015-2016\/\">2015-2016<\/a><\/p>\n<p><a href=\"http:\/\/www.oacas.org\/wp-content\/uploads\/2015\/01\/OACAS-Annual-Report-2014.pdf\" rel=\"noopener noreferrer\">2014-2015<\/a><\/p>\n<p><a href=\"http:\/\/www.oacas.org\/wp-content\/uploads\/2015\/08\/13_14.pdf\" rel=\"noopener noreferrer\">2013-2014<\/a><\/p>\n<p><a href=\"http:\/\/www.oacas.org\/wp-content\/uploads\/2015\/08\/13annual_web.pdf\" rel=\"noopener noreferrer\">2012-2013<\/a><\/p>\n<p><a href=\"http:\/\/www.oacas.org\/wp-content\/uploads\/2015\/08\/1112oacasar12june28.pdf\" rel=\"noopener noreferrer\">2011-2012<\/a><\/p>\n<p><a href=\"http:\/\/www.oacas.org\/wp-content\/uploads\/2015\/08\/1011annualreport.pdf\" rel=\"noopener noreferrer\">2010-2011<\/a><\/p><\/div>\n\t\t\t\t<\/div>\n\t\t\t\t\t\t\t\t<\/div>\n\t\t\t\t\t\t<\/div>\n\t\t\t\t<\/div>\n\t\t\t\t<div class=\"elementor-element elementor-element-50e4e1f elementor-widget elementor-widget-html\" data-id=\"50e4e1f\" data-element_type=\"widget\" data-e-type=\"widget\" data-widget_type=\"html.default\">\n\t\t\t\t<div class=\"elementor-widget-container\">\n\t\t\t\t\t<script> \r\njQuery(document).ready(function($) { \r\nvar delay = 100; setTimeout(function() { \r\n$('.elementor-tab-title').removeClass('elementor-active');\r\n $('.elementor-tab-content').css('display', 'none'); }, delay); \r\n}); \r\n<\/script>\t\t\t\t<\/div>\n\t\t\t\t<\/div>\n\t\t\t\t\t<\/div>\n\t\t<\/div>\n\t\t\t\t<div class=\"elementor-column elementor-col-33 elementor-top-column elementor-element elementor-element-1699583\" data-id=\"1699583\" data-element_type=\"column\" data-e-type=\"column\">\n\t\t\t<div class=\"elementor-widget-wrap elementor-element-populated\">\n\t\t\t\t\t\t<div class=\"elementor-element elementor-element-895a188 elementor-widget elementor-widget-image\" data-id=\"895a188\" data-element_type=\"widget\" data-e-type=\"widget\" data-widget_type=\"image.default\">\n\t\t\t\t<div class=\"elementor-widget-container\">\n\t\t\t\t\t\t\t\t\t\t\t\t\t\t\t<img fetchpriority=\"high\" decoding=\"async\" width=\"1462\" height=\"817\" src=\"https:\/\/www.oacas.org\/wp-content\/uploads\/2025\/06\/Screenshot-2025-06-13-162608.jpg\" class=\"attachment-large size-large wp-image-20529\" alt=\"\" srcset=\"https:\/\/www.oacas.org\/wp-content\/uploads\/2025\/06\/Screenshot-2025-06-13-162608.jpg 1462w, https:\/\/www.oacas.org\/wp-content\/uploads\/2025\/06\/Screenshot-2025-06-13-162608-768x429.jpg 768w\" sizes=\"(max-width: 1462px) 100vw, 1462px\" \/>\t\t\t\t\t\t\t\t\t\t\t\t\t\t\t<\/div>\n\t\t\t\t<\/div>\n\t\t\t\t<div class=\"elementor-element elementor-element-97b4b7c elementor-widget elementor-widget-text-editor\" data-id=\"97b4b7c\" data-element_type=\"widget\" data-e-type=\"widget\" data-widget_type=\"text-editor.default\">\n\t\t\t\t<div class=\"elementor-widget-container\">\n\t\t\t\t\t\t\t\t\t<ul><li><a href=\"http:\/\/www.oacas.org\/wp-content\/uploads\/2025\/06\/Rapport_Annuel_de_lAOSAE_2025_Final_V6.pdf\">2024-2025 Rapport Annuel<\/a><\/li><li><a href=\"http:\/\/www.oacas.org\/wp-content\/uploads\/2025\/06\/2025-03-31-Ont-Assn-of-Childrens-Aid-Socs-16130-AUD-25-ASNPO-D5-2.pdf\">2024-2025 Audited Financial Statements<\/a> <em>(disponible en anglais seulement)<\/em><\/li><\/ul>\t\t\t\t\t\t\t\t<\/div>\n\t\t\t\t<\/div>\n\t\t\t\t\t<\/div>\n\t\t<\/div>\n\t\t\t\t\t<\/div>\n\t\t<\/section>\n\t\t\t\t<\/div>\n\t\t","protected":false},"excerpt":{"rendered":"","protected":false},"author":9,"featured_media":0,"parent":586,"menu_order":0,"comment_status":"open","ping_status":"open","template":"page-PageTemplate6.php","meta":{"footnotes":"","_links_to":"","_links_to_target":""},"class_list":["post-10921","page","type-page","status-publish","hentry"],"_links":{"self":[{"href":"https:\/\/www.oacas.org\/fr\/wp-json\/wp\/v2\/pages\/10921","targetHints":{"allow":["GET"]}}],"collection":[{"href":"https:\/\/www.oacas.org\/fr\/wp-json\/wp\/v2\/pages"}],"about":[{"href":"https:\/\/www.oacas.org\/fr\/wp-json\/wp\/v2\/types\/page"}],"author":[{"embeddable":true,"href":"https:\/\/www.oacas.org\/fr\/wp-json\/wp\/v2\/users\/9"}],"replies":[{"embeddable":true,"href":"https:\/\/www.oacas.org\/fr\/wp-json\/wp\/v2\/comments?post=10921"}],"version-history":[{"count":0,"href":"https:\/\/www.oacas.org\/fr\/wp-json\/wp\/v2\/pages\/10921\/revisions"}],"up":[{"embeddable":true,"href":"https:\/\/www.oacas.org\/fr\/wp-json\/wp\/v2\/pages\/586"}],"wp:attachment":[{"href":"https:\/\/www.oacas.org\/fr\/wp-json\/wp\/v2\/media?parent=10921"}],"curies":[{"name":"wp","href":"https:\/\/api.w.org\/{rel}","templated":true}]}}